{"id":23984,"date":"2024-09-04T15:52:24","date_gmt":"2024-09-04T13:52:24","guid":{"rendered":"https:\/\/italiansublimefood.com\/product\/schwarze-sauce-mit-sommertrueffel-alain-stratta-tartufi\/"},"modified":"2025-05-05T10:03:30","modified_gmt":"2025-05-05T08:03:30","slug":"schwarze-sauce-mit-sommertrueffel-alain-stratta-tartufi","status":"publish","type":"product","link":"https:\/\/italiansublimefood.com\/de\/produkt\/schwarze-sauce-mit-sommertrueffel-alain-stratta-tartufi\/","title":{"rendered":"Schwarze Sauce mit Sommertr\u00fcffel &#8211; Alain Stratta Tartufi"},"content":{"rendered":"","protected":false},"excerpt":{"rendered":"<p>-Schwarze Sauce mit Sommertr\u00fcffel. <strong>Gewicht<\/strong> 80 gr.<\/p>\n<p class=\"cvGsUA direction-ltr align-justify para-style-body\"><span class=\"OYPEnA text-decoration-none text-strikethrough-none\"><strong>-Zutaten:<\/strong> Champignons, Champignons (Agaricus bisporus), <\/span>Sonnenblumen\u00f6l, Sommertr\u00fcffel 5% (Tuber aestivum Vitt.), schwarze Oliven, Steinpilze (Boletus edulis und verwandte Gruppe), Salz, Zucker, Pfeffer, SEPPIA BLACK, Aroma, nat\u00fcrliche Aromen. <strong>-durchschnittliche N\u00e4hrwerte pro 100 g: <\/strong>Energie Kj1479 \/ Kcal359. Fette 36 g (davon ges\u00e4ttigte Fetts\u00e4uren 4,1 g). Kohlenhydrate 4,7 g (davon Zucker 0,9 g). Ballaststoffe 2,8 g. Eiwei\u00df 2,9 g. Salz 1,3 g.<\/p>\n","protected":false},"featured_media":23992,"template":"","meta":[],"product_brand":[],"product_cat":[15],"product_tag":[246],"class_list":{"0":"post-23984","1":"product","2":"type-product","3":"status-publish","4":"has-post-thumbnail","6":"product_cat-salumi-e-carni","7":"product_tag-alain-stratta-tartufi","9":"first","10":"instock","11":"taxable","12":"shipping-taxable","13":"purchasable","14":"product-type-simple"},"_links":{"self":[{"href":"https:\/\/italiansublimefood.com\/de\/wp-json\/wp\/v2\/product\/23984","targetHints":{"allow":["GET"]}}],"collection":[{"href":"https:\/\/italiansublimefood.com\/de\/wp-json\/wp\/v2\/product"}],"about":[{"href":"https:\/\/italiansublimefood.com\/de\/wp-json\/wp\/v2\/types\/product"}],"wp:featuredmedia":[{"embeddable":true,"href":"https:\/\/italiansublimefood.com\/de\/wp-json\/wp\/v2\/media\/23992"}],"wp:attachment":[{"href":"https:\/\/italiansublimefood.com\/de\/wp-json\/wp\/v2\/media?parent=23984"}],"wp:term":[{"taxonomy":"product_brand","embeddable":true,"href":"https:\/\/italiansublimefood.com\/de\/wp-json\/wp\/v2\/product_brand?post=23984"},{"taxonomy":"product_cat","embeddable":true,"href":"https:\/\/italiansublimefood.com\/de\/wp-json\/wp\/v2\/product_cat?post=23984"},{"taxonomy":"product_tag","embeddable":true,"href":"https:\/\/italiansublimefood.com\/de\/wp-json\/wp\/v2\/product_tag?post=23984"}],"curies":[{"name":"wp","href":"https:\/\/api.w.org\/{rel}","templated":true}]}}