{"id":23981,"date":"2024-09-04T15:52:30","date_gmt":"2024-09-04T13:52:30","guid":{"rendered":"https:\/\/italiansublimefood.com\/product\/pikante-sommer-trueffel-sauce-220-gr-alain-stratta-tartufi\/"},"modified":"2025-05-05T10:03:30","modified_gmt":"2025-05-05T08:03:30","slug":"pikante-sommer-trueffel-sauce-220-gr-alain-stratta-tartufi","status":"publish","type":"product","link":"https:\/\/italiansublimefood.com\/de\/produkt\/pikante-sommer-trueffel-sauce-220-gr-alain-stratta-tartufi\/","title":{"rendered":"Pikante Sommer-Tr\u00fcffel-Sauce 220 gr &#8211; Alain Stratta Tartufi"},"content":{"rendered":"","protected":false},"excerpt":{"rendered":"<p>-W\u00fcrzige Sommer-Tr\u00fcffel-Sauce.<strong> Gewicht<\/strong> 220 gr <span class=\"OYPEnA text-decoration-none text-strikethrough-none\"><strong>-Zutaten:<\/strong> Chili aus Kalabrien 51%, natives Oliven\u00f6l extra, Agavensirup <\/span><span class=\"OYPEnA text-decoration-none text-strikethrough-none\">, Zucker, Weinessig, Sommertr\u00fcffel 3% (Tuber aestivum Vitt), Reisst\u00e4rke, <\/span><span class=\"OYPEnA text-decoration-none text-strikethrough-none\">Pflanzenfasern, konzentrierter Frucht- und Gem\u00fcsesaft, Knoblauch, Kreuzk\u00fcmmel <\/span><span class=\"OYPEnA text-decoration-none text-strikethrough-none\">, Salz, nat\u00fcrliches Aroma, Aroma. <\/span><strong>N\u00e4hrwertangaben pro 100 g: <\/strong>Energie Kj1018 \/ Kcal 245. Fett 17 g (davon ges\u00e4ttigte Fetts\u00e4uren 3 g). Kohlenhydrate 18 g (davon Zucker 18 g). Ballaststoffe 5 g. Eiwei\u00df 2,5 g. Salz 1,4 g.<\/p>\n","protected":false},"featured_media":23989,"template":"","meta":[],"product_brand":[],"product_cat":[15],"product_tag":[246],"class_list":{"0":"post-23981","1":"product","2":"type-product","3":"status-publish","4":"has-post-thumbnail","6":"product_cat-salumi-e-carni","7":"product_tag-alain-stratta-tartufi","9":"first","10":"instock","11":"taxable","12":"shipping-taxable","13":"purchasable","14":"product-type-simple"},"_links":{"self":[{"href":"https:\/\/italiansublimefood.com\/de\/wp-json\/wp\/v2\/product\/23981","targetHints":{"allow":["GET"]}}],"collection":[{"href":"https:\/\/italiansublimefood.com\/de\/wp-json\/wp\/v2\/product"}],"about":[{"href":"https:\/\/italiansublimefood.com\/de\/wp-json\/wp\/v2\/types\/product"}],"wp:featuredmedia":[{"embeddable":true,"href":"https:\/\/italiansublimefood.com\/de\/wp-json\/wp\/v2\/media\/23989"}],"wp:attachment":[{"href":"https:\/\/italiansublimefood.com\/de\/wp-json\/wp\/v2\/media?parent=23981"}],"wp:term":[{"taxonomy":"product_brand","embeddable":true,"href":"https:\/\/italiansublimefood.com\/de\/wp-json\/wp\/v2\/product_brand?post=23981"},{"taxonomy":"product_cat","embeddable":true,"href":"https:\/\/italiansublimefood.com\/de\/wp-json\/wp\/v2\/product_cat?post=23981"},{"taxonomy":"product_tag","embeddable":true,"href":"https:\/\/italiansublimefood.com\/de\/wp-json\/wp\/v2\/product_tag?post=23981"}],"curies":[{"name":"wp","href":"https:\/\/api.w.org\/{rel}","templated":true}]}}