{"id":23980,"date":"2024-09-04T15:52:24","date_gmt":"2024-09-04T13:52:24","guid":{"rendered":"https:\/\/italiansublimefood.com\/product\/sauce-mit-kostbarem-schwarzem-trueffel-alain-stratta-tartufi\/"},"modified":"2025-05-05T10:03:30","modified_gmt":"2025-05-05T08:03:30","slug":"sauce-mit-kostbarem-schwarzem-trueffel-alain-stratta-tartufi","status":"publish","type":"product","link":"https:\/\/italiansublimefood.com\/de\/produkt\/sauce-mit-kostbarem-schwarzem-trueffel-alain-stratta-tartufi\/","title":{"rendered":"Sauce mit kostbarem schwarzem Tr\u00fcffel &#8211; Alain Stratta Tartufi"},"content":{"rendered":"","protected":false},"excerpt":{"rendered":"<p>-Sch\u00e4tzbare Schwarze Tr\u00fcffel-Sauce. <strong>Gewicht<\/strong> 80 gr.<\/p>\n<p class=\"cvGsUA direction-ltr align-justify para-style-body\"><span class=\"OYPEnA text-decoration-none text-strikethrough-none\"><strong>-Zutaten:<\/strong> Zuchtpilze (Agaricus bisporus), Sonnenblumen\u00f6l, <\/span><span class=\"OYPEnA text-decoration-none text-strikethrough-none\">feiner schwarzer Tr\u00fcffel 3% (Tuber melanosporum Vitt.) Steinpilze (Boletus edulis oder rei, Gruppe), <\/span><span class=\"OYPEnA text-decoration-none text-strikethrough-none\">Salz, Zucker, Pfeffer, Aromen.<\/span><strong>-durchschnittliche N\u00e4hrwerte pro 100 g: <\/strong>Energie Kj1015 \/ Kcal 246. Fette 24,1 g (davon ges\u00e4ttigte Fetts\u00e4uren 2,8 g). Kohlenhydrate 4,7 g (davon Zucker 2,2 g). Ballaststoffe 0,7 g. Eiwei\u00df 2,3 g. Salz 3,8 g.<\/p>\n","protected":false},"featured_media":24002,"template":"","meta":[],"product_brand":[],"product_cat":[15],"product_tag":[246],"class_list":{"0":"post-23980","1":"product","2":"type-product","3":"status-publish","4":"has-post-thumbnail","6":"product_cat-salumi-e-carni","7":"product_tag-alain-stratta-tartufi","9":"first","10":"instock","11":"taxable","12":"shipping-taxable","13":"purchasable","14":"product-type-simple"},"_links":{"self":[{"href":"https:\/\/italiansublimefood.com\/de\/wp-json\/wp\/v2\/product\/23980","targetHints":{"allow":["GET"]}}],"collection":[{"href":"https:\/\/italiansublimefood.com\/de\/wp-json\/wp\/v2\/product"}],"about":[{"href":"https:\/\/italiansublimefood.com\/de\/wp-json\/wp\/v2\/types\/product"}],"wp:featuredmedia":[{"embeddable":true,"href":"https:\/\/italiansublimefood.com\/de\/wp-json\/wp\/v2\/media\/24002"}],"wp:attachment":[{"href":"https:\/\/italiansublimefood.com\/de\/wp-json\/wp\/v2\/media?parent=23980"}],"wp:term":[{"taxonomy":"product_brand","embeddable":true,"href":"https:\/\/italiansublimefood.com\/de\/wp-json\/wp\/v2\/product_brand?post=23980"},{"taxonomy":"product_cat","embeddable":true,"href":"https:\/\/italiansublimefood.com\/de\/wp-json\/wp\/v2\/product_cat?post=23980"},{"taxonomy":"product_tag","embeddable":true,"href":"https:\/\/italiansublimefood.com\/de\/wp-json\/wp\/v2\/product_tag?post=23980"}],"curies":[{"name":"wp","href":"https:\/\/api.w.org\/{rel}","templated":true}]}}