{"id":23977,"date":"2024-09-04T15:52:30","date_gmt":"2024-09-04T13:52:30","guid":{"rendered":"https:\/\/italiansublimefood.com\/product\/trueffelsauce-alain-stratta-tartufi\/"},"modified":"2025-05-05T10:03:29","modified_gmt":"2025-05-05T08:03:29","slug":"trueffelsauce-alain-stratta-tartufi","status":"publish","type":"product","link":"https:\/\/italiansublimefood.com\/de\/produkt\/trueffelsauce-alain-stratta-tartufi\/","title":{"rendered":"Tr\u00fcffelsauce &#8211; Alain Stratta Tartufi"},"content":{"rendered":"","protected":false},"excerpt":{"rendered":"<p>-Tartufata-Sauce 80 gr. -Zutaten:<span class=\"OYPEnA text-decoration-none text-strikethrough-none\"><br \/>\nK<\/span><span class=\"OYPEnA text-decoration-none text-strikethrough-none\">ultivierte Pilze (Agaricus bisporus), natives Oliven\u00f6l extra, <\/span><span class=\"OYPEnA text-decoration-none text-strikethrough-none\">Sonnenblumen\u00f6l, schwarze Oliven, Sommertr\u00fcffel 1% (Tuber aestivum Vitt.), <\/span><span class=\"OYPEnA text-decoration-none text-strikethrough-none\">Aroma, Salz.<\/span><strong>N\u00e4hrwertangaben pro 100 g: <\/strong>Energie Kj1465\/Kcal356, Fett 36 g, davon ges\u00e4ttigte Fetts\u00e4uren 4,7 g, Kohlenhydrate 2,9 g, davon Zucker 0,2 g, Ballaststoffe 1,8 g, Eiwei\u00df 3,2 g, Salz 1,5 g.<\/p>\n","protected":false},"featured_media":23986,"template":"","meta":[],"product_brand":[],"product_cat":[15],"product_tag":[246],"class_list":{"0":"post-23977","1":"product","2":"type-product","3":"status-publish","4":"has-post-thumbnail","6":"product_cat-salumi-e-carni","7":"product_tag-alain-stratta-tartufi","9":"first","10":"instock","11":"taxable","12":"shipping-taxable","13":"purchasable","14":"product-type-simple"},"_links":{"self":[{"href":"https:\/\/italiansublimefood.com\/de\/wp-json\/wp\/v2\/product\/23977","targetHints":{"allow":["GET"]}}],"collection":[{"href":"https:\/\/italiansublimefood.com\/de\/wp-json\/wp\/v2\/product"}],"about":[{"href":"https:\/\/italiansublimefood.com\/de\/wp-json\/wp\/v2\/types\/product"}],"wp:featuredmedia":[{"embeddable":true,"href":"https:\/\/italiansublimefood.com\/de\/wp-json\/wp\/v2\/media\/23986"}],"wp:attachment":[{"href":"https:\/\/italiansublimefood.com\/de\/wp-json\/wp\/v2\/media?parent=23977"}],"wp:term":[{"taxonomy":"product_brand","embeddable":true,"href":"https:\/\/italiansublimefood.com\/de\/wp-json\/wp\/v2\/product_brand?post=23977"},{"taxonomy":"product_cat","embeddable":true,"href":"https:\/\/italiansublimefood.com\/de\/wp-json\/wp\/v2\/product_cat?post=23977"},{"taxonomy":"product_tag","embeddable":true,"href":"https:\/\/italiansublimefood.com\/de\/wp-json\/wp\/v2\/product_tag?post=23977"}],"curies":[{"name":"wp","href":"https:\/\/api.w.org\/{rel}","templated":true}]}}