{"id":23976,"date":"2024-09-04T15:52:24","date_gmt":"2024-09-04T13:52:24","guid":{"rendered":"https:\/\/italiansublimefood.com\/product\/weisse-trueffelsauce-alain-stratta-tartufi\/"},"modified":"2025-05-05T10:03:29","modified_gmt":"2025-05-05T08:03:29","slug":"weisse-trueffelsauce-alain-stratta-tartufi","status":"publish","type":"product","link":"https:\/\/italiansublimefood.com\/de\/produkt\/weisse-trueffelsauce-alain-stratta-tartufi\/","title":{"rendered":"Wei\u00dfe Tr\u00fcffelsauce &#8211; Alain Stratta Tartufi"},"content":{"rendered":"","protected":false},"excerpt":{"rendered":"<p>-Sauce mit wei\u00dfem Tr\u00fcffel. <strong>Gewicht<\/strong> 80 gr. <span class=\"OYPEnA text-decoration-none text-strikethrough-none\"><strong>-Zutaten:<\/strong> Kultivierte Pilze (Agaricus bisporus), Sonnenblumenkern\u00f6l, <\/span><span class=\"OYPEnA text-decoration-none text-strikethrough-none\">gr\u00fcne Oliven, wei\u00dfer Tr\u00fcffel 1% (Tuber magnatum Pico), Salz, Aroma, <\/span><span class=\"OYPEnA text-decoration-none text-strikethrough-none\">Antioxidationsmittel: E300.<\/span><strong>-durchschnittliche N\u00e4hrwerte pro 100 g: <\/strong>Energie Kj1101 \/ Kcal268. Fette 28 g (davon ges\u00e4ttigte Fetts\u00e4uren 3,2 g). Kohlenhydrate 0,9 g (davon Zucker 0,6 g). Ballaststoffe 1,6 g. Eiwei\u00df 1,9 g. Salz 1,08 g.<\/p>\n<div>\n<p>&nbsp;<\/p>\n<\/div>\n","protected":false},"featured_media":23998,"template":"","meta":[],"product_brand":[],"product_cat":[15],"product_tag":[246],"class_list":{"0":"post-23976","1":"product","2":"type-product","3":"status-publish","4":"has-post-thumbnail","6":"product_cat-salumi-e-carni","7":"product_tag-alain-stratta-tartufi","9":"first","10":"instock","11":"taxable","12":"shipping-taxable","13":"purchasable","14":"product-type-simple"},"_links":{"self":[{"href":"https:\/\/italiansublimefood.com\/de\/wp-json\/wp\/v2\/product\/23976","targetHints":{"allow":["GET"]}}],"collection":[{"href":"https:\/\/italiansublimefood.com\/de\/wp-json\/wp\/v2\/product"}],"about":[{"href":"https:\/\/italiansublimefood.com\/de\/wp-json\/wp\/v2\/types\/product"}],"wp:featuredmedia":[{"embeddable":true,"href":"https:\/\/italiansublimefood.com\/de\/wp-json\/wp\/v2\/media\/23998"}],"wp:attachment":[{"href":"https:\/\/italiansublimefood.com\/de\/wp-json\/wp\/v2\/media?parent=23976"}],"wp:term":[{"taxonomy":"product_brand","embeddable":true,"href":"https:\/\/italiansublimefood.com\/de\/wp-json\/wp\/v2\/product_brand?post=23976"},{"taxonomy":"product_cat","embeddable":true,"href":"https:\/\/italiansublimefood.com\/de\/wp-json\/wp\/v2\/product_cat?post=23976"},{"taxonomy":"product_tag","embeddable":true,"href":"https:\/\/italiansublimefood.com\/de\/wp-json\/wp\/v2\/product_tag?post=23976"}],"curies":[{"name":"wp","href":"https:\/\/api.w.org\/{rel}","templated":true}]}}