{"id":23917,"date":"2024-09-04T14:44:22","date_gmt":"2024-09-04T12:44:22","guid":{"rendered":"https:\/\/italiansublimefood.com\/product\/12-x-bio-tomatenpueree-luisa-pantaleo\/"},"modified":"2025-05-05T10:03:27","modified_gmt":"2025-05-05T08:03:27","slug":"12-x-bio-tomatenpueree-luisa-pantaleo","status":"publish","type":"product","link":"https:\/\/italiansublimefood.com\/de\/produkt\/12-x-bio-tomatenpueree-luisa-pantaleo\/","title":{"rendered":"12 x Bio-Tomatenp\u00fcree &#8211; Luisa Pantaleo"},"content":{"rendered":"","protected":false},"excerpt":{"rendered":"<p>-Karton mit 12 Flaschen 700g. Die klassische Passata wird aus 100% apulischen Tomaten hergestellt, die erst 48 Stunden vor der Verarbeitung von Hand geerntet werden. Ein dickfl\u00fcssiges P\u00fcree mit einem s\u00fc\u00dfen, aber herzhaften Geschmack und einer leuchtend rubinroten Farbe. <strong>PRODUKTIONSTECHNIKEN: <\/strong>Hochwertiges handwerkliches Produkt aus frisch geernteten Tomaten. Innerhalb von achtundvierzig Stunden nach der Ernte wird das Produkt ausgew\u00e4hlt und in speziellen Stahltanks gewaschen. Die Tomaten werden gekocht und p\u00fcriert. Das Produkt wird eingelegt und pasteurisiert, um die Haltbarkeit zu gew\u00e4hrleisten. VERWENDUNGSEMPFEHLUNGEN <strong>: <\/strong>Hervorragend geeignet f\u00fcr die Zubereitung von Nudelsaucen, \u00fcberbackenen Rezepten, Pizzas und Panzerotti. <strong>VERARBEITUNG UND LAGERUNG: <\/strong>Lagern Sie das Produkt vor Licht und W\u00e4rmequellen gesch\u00fctzt in einer hygienischen Umgebung. Vermeiden Sie das Umkippen der Verpackung und \u00fcberpr\u00fcfen Sie den Zustand der Verpackung, falls sie umgekippt ist. Wenn die Verpackung nicht intakt ist, schicken Sie sie zur Entsorgung ein. Lagern Sie die Dose nach dem \u00d6ffnen im K\u00fchlschrank bei +4\u00b0C. <strong>VERPACKUNGSMATERIALIEN: <\/strong>Das Produkt ist in durchsichtigen Gl\u00e4sern verpackt, die f\u00fcr den Gebrauch mit Lebensmitteln bestimmt sind. Die Deckel sind aus Stahl mit einer lebensmittelechten Gummimembran, die daf\u00fcr sorgt, dass die Verpackung luftdicht ist und der direkte Kontakt des Produkts mit Metall verhindert wird. Das Verpackungsmaterial ist wiederverwendbar und enth\u00e4lt keinen Kunststoff. Die Verpackung ist recycelbar. <strong>VISUELLE UNTERSUCHUNG <\/strong>: Dicht und kompakt, leuchtend rote Farbe. <strong>OLFACTIONELLE UNTERSUCHUNG <\/strong>: Frisches Tomatenaroma. <strong>GESCHMACKSPR\u00dcFUNG <\/strong>: Feiner, rustikaler Geschmack, sehr w\u00fcrzig dank der Verwendung von Brackwasser zur Bew\u00e4sserung der Pflanze. <strong>-Zutaten<\/strong><strong>: <\/strong>Italienische Bio-Penny-Tomaten, Regina-Tomaten aus biologischem Anbau (aus Apulien &#8211; IT) und Salz. Fettarmes Produkt, ohne Zusatz von Nitriten oder Nitraten, ohne Konservierungsstoffe, ohne GVO. <strong>N\u00e4hrwertangaben pro 100g Produkt: <\/strong>20KCal, 84KJ, Fettgehalt 0,18%, Gesamtzucker 3%, Gesamtkohlenhydrate 3%, Eiwei\u00df 0,94%, Salz 0,1%.<\/p>\n","protected":false},"featured_media":24083,"template":"","meta":[],"product_brand":[],"product_cat":[15],"product_tag":[],"class_list":{"0":"post-23917","1":"product","2":"type-product","3":"status-publish","4":"has-post-thumbnail","6":"product_cat-salumi-e-carni","8":"first","9":"outofstock","10":"taxable","11":"shipping-taxable","12":"purchasable","13":"product-type-simple"},"_links":{"self":[{"href":"https:\/\/italiansublimefood.com\/de\/wp-json\/wp\/v2\/product\/23917","targetHints":{"allow":["GET"]}}],"collection":[{"href":"https:\/\/italiansublimefood.com\/de\/wp-json\/wp\/v2\/product"}],"about":[{"href":"https:\/\/italiansublimefood.com\/de\/wp-json\/wp\/v2\/types\/product"}],"wp:featuredmedia":[{"embeddable":true,"href":"https:\/\/italiansublimefood.com\/de\/wp-json\/wp\/v2\/media\/24083"}],"wp:attachment":[{"href":"https:\/\/italiansublimefood.com\/de\/wp-json\/wp\/v2\/media?parent=23917"}],"wp:term":[{"taxonomy":"product_brand","embeddable":true,"href":"https:\/\/italiansublimefood.com\/de\/wp-json\/wp\/v2\/product_brand?post=23917"},{"taxonomy":"product_cat","embeddable":true,"href":"https:\/\/italiansublimefood.com\/de\/wp-json\/wp\/v2\/product_cat?post=23917"},{"taxonomy":"product_tag","embeddable":true,"href":"https:\/\/italiansublimefood.com\/de\/wp-json\/wp\/v2\/product_tag?post=23917"}],"curies":[{"name":"wp","href":"https:\/\/api.w.org\/{rel}","templated":true}]}}