{"id":23896,"date":"2024-09-04T13:59:07","date_gmt":"2024-09-04T11:59:07","guid":{"rendered":"https:\/\/italiansublimefood.com\/product\/kekse-fuer-die-braut-200g-retro-gusto-srls\/"},"modified":"2025-05-05T10:03:26","modified_gmt":"2025-05-05T08:03:26","slug":"kekse-fuer-die-braut-200g-retro-gusto-srls","status":"publish","type":"product","link":"https:\/\/italiansublimefood.com\/de\/produkt\/kekse-fuer-die-braut-200g-retro-gusto-srls\/","title":{"rendered":"Kekse f\u00fcr die Braut 200g &#8211; Retr\u00f2 Gusto srls"},"content":{"rendered":"","protected":false},"excerpt":{"rendered":"<p>-Der Brautkeks, in der Toskana auch Tarallo genannt, ist ein herzhaftes Geb\u00e4ck, das in seiner klassischen Flockenform einen einfachen, aber unverwechselbaren Geschmack hat, der auch durch den Anis hervorgerufen wird, der diesem Geb\u00e4ck vielf\u00e4ltige Kombinationsm\u00f6glichkeiten mit Bier und K\u00e4se gibt. Bei &#8220;Retr\u00f2Gusto&#8221; finden Sie eine kr\u00fcmelige und aromatische Version, die durch das Kochen in Wasser und Gew\u00fcrzen ihre wahre G\u00fcte findet. <strong>GEWICHT<\/strong>: 200gr. &#8211; <strong>ZUTATEN:<\/strong> Mehl &#8220;00&#8221;, Wasser, natives Oliven\u00f6l extra, Wei\u00dfwein, Anis, Salz, Zucker, Aromastoffe. <strong>ALLERGIEN<\/strong>: enth\u00e4lt Mehl, kann Spuren von Milch, Eiern, N\u00fcssen und\/oder Erdn\u00fcssen enthalten. <strong>HALTBARKEIT:<\/strong> 4 Monate.<\/p>\n","protected":false},"featured_media":24113,"template":"","meta":[],"product_brand":[],"product_cat":[15],"product_tag":[277],"class_list":{"0":"post-23896","1":"product","2":"type-product","3":"status-publish","4":"has-post-thumbnail","6":"product_cat-salumi-e-carni","7":"product_tag-retro-gusto","9":"first","10":"instock","11":"taxable","12":"shipping-taxable","13":"purchasable","14":"product-type-simple"},"_links":{"self":[{"href":"https:\/\/italiansublimefood.com\/de\/wp-json\/wp\/v2\/product\/23896","targetHints":{"allow":["GET"]}}],"collection":[{"href":"https:\/\/italiansublimefood.com\/de\/wp-json\/wp\/v2\/product"}],"about":[{"href":"https:\/\/italiansublimefood.com\/de\/wp-json\/wp\/v2\/types\/product"}],"wp:featuredmedia":[{"embeddable":true,"href":"https:\/\/italiansublimefood.com\/de\/wp-json\/wp\/v2\/media\/24113"}],"wp:attachment":[{"href":"https:\/\/italiansublimefood.com\/de\/wp-json\/wp\/v2\/media?parent=23896"}],"wp:term":[{"taxonomy":"product_brand","embeddable":true,"href":"https:\/\/italiansublimefood.com\/de\/wp-json\/wp\/v2\/product_brand?post=23896"},{"taxonomy":"product_cat","embeddable":true,"href":"https:\/\/italiansublimefood.com\/de\/wp-json\/wp\/v2\/product_cat?post=23896"},{"taxonomy":"product_tag","embeddable":true,"href":"https:\/\/italiansublimefood.com\/de\/wp-json\/wp\/v2\/product_tag?post=23896"}],"curies":[{"name":"wp","href":"https:\/\/api.w.org\/{rel}","templated":true}]}}