{"id":23894,"date":"2024-09-04T11:50:10","date_gmt":"2024-09-04T09:50:10","guid":{"rendered":"https:\/\/italiansublimefood.com\/product\/pan-del-pescatore-chocolat-250g-retro-gusto-srls\/"},"modified":"2025-05-05T10:03:26","modified_gmt":"2025-05-05T08:03:26","slug":"pan-del-pescatore-chocolat-250g-retro-gusto-srls","status":"publish","type":"product","link":"https:\/\/italiansublimefood.com\/de\/produkt\/pan-del-pescatore-chocolat-250g-retro-gusto-srls\/","title":{"rendered":"Pan del Pescatore Chocolat 250g &#8211; Retr\u00f2 Gusto srls"},"content":{"rendered":"","protected":false},"excerpt":{"rendered":"<p>-GEB\u00c4CK MIT SCHOKOLADENTROPFEN: F\u00fcr alle Naschkatzen, die Variante &#8220;Pan del Pescatore&#8221; mit Schokoladentropfen in einem einfachen und harmonischen Geb\u00e4ck.<\/p>\n<p>G <strong>EWICHT:<\/strong> 250gr. -ZUTATEN<strong>:<\/strong> Weizenmehl &#8220;0&#8221;, dunkle Schokoladentropfen 67%, Zucker, Eier, Margarine, St\u00e4rke, Backtriebmittel E450, Salz, Aromen. <strong>ALLERGIEN:<\/strong> enth\u00e4lt Mehl, Eier, kann Spuren von Milchn\u00fcssen und\/oder Erdn\u00fcssen enthalten. <strong>HALTBARKEIT:<\/strong> 9 Monate.<\/p>\n","protected":false},"featured_media":24119,"template":"","meta":[],"product_brand":[],"product_cat":[15],"product_tag":[277],"class_list":{"0":"post-23894","1":"product","2":"type-product","3":"status-publish","4":"has-post-thumbnail","6":"product_cat-salumi-e-carni","7":"product_tag-retro-gusto","9":"first","10":"instock","11":"taxable","12":"shipping-taxable","13":"purchasable","14":"product-type-simple"},"_links":{"self":[{"href":"https:\/\/italiansublimefood.com\/de\/wp-json\/wp\/v2\/product\/23894","targetHints":{"allow":["GET"]}}],"collection":[{"href":"https:\/\/italiansublimefood.com\/de\/wp-json\/wp\/v2\/product"}],"about":[{"href":"https:\/\/italiansublimefood.com\/de\/wp-json\/wp\/v2\/types\/product"}],"wp:featuredmedia":[{"embeddable":true,"href":"https:\/\/italiansublimefood.com\/de\/wp-json\/wp\/v2\/media\/24119"}],"wp:attachment":[{"href":"https:\/\/italiansublimefood.com\/de\/wp-json\/wp\/v2\/media?parent=23894"}],"wp:term":[{"taxonomy":"product_brand","embeddable":true,"href":"https:\/\/italiansublimefood.com\/de\/wp-json\/wp\/v2\/product_brand?post=23894"},{"taxonomy":"product_cat","embeddable":true,"href":"https:\/\/italiansublimefood.com\/de\/wp-json\/wp\/v2\/product_cat?post=23894"},{"taxonomy":"product_tag","embeddable":true,"href":"https:\/\/italiansublimefood.com\/de\/wp-json\/wp\/v2\/product_tag?post=23894"}],"curies":[{"name":"wp","href":"https:\/\/api.w.org\/{rel}","templated":true}]}}