{"id":23885,"date":"2024-09-04T11:50:01","date_gmt":"2024-09-04T09:50:01","guid":{"rendered":"https:\/\/italiansublimefood.com\/product\/sgranocchiello-250g-retro-gusto-srls\/"},"modified":"2025-05-05T10:03:25","modified_gmt":"2025-05-05T08:03:25","slug":"sgranocchiello-250g-retro-gusto-srls","status":"publish","type":"product","link":"https:\/\/italiansublimefood.com\/de\/produkt\/sgranocchiello-250g-retro-gusto-srls\/","title":{"rendered":"Sgranocchiello 250g &#8211; Retr\u00f2 Gusto srls"},"content":{"rendered":"","protected":false},"excerpt":{"rendered":"<p><strong>-CANTUCCI DI MAREMMA ALLE NOCI:<\/strong> Die Knusprigkeit der Waln\u00fcsse im Kontrast zu dem weichen Biskuit l\u00e4sst Sie durch die Maremma wandern.<strong> GEWICHT:<\/strong> 250gr. &#8211; <strong>ZUTATEN:<\/strong> Mehl00, Zucker, Waln\u00fcsse 30%, Eier, Margarine, B. Ammonium, Aromen. <strong>ALLERGIEN:<\/strong> enth\u00e4lt Mehl, N\u00fcsse, Eier, Milch, kann Spuren von N\u00fcssen und\/oder Erdn\u00fcssen enthalten. <strong>HALTBARKEIT:<\/strong> 9 Monate.<\/p>\n","protected":false},"featured_media":24128,"template":"","meta":[],"product_brand":[],"product_cat":[15],"product_tag":[277],"class_list":{"0":"post-23885","1":"product","2":"type-product","3":"status-publish","4":"has-post-thumbnail","6":"product_cat-salumi-e-carni","7":"product_tag-retro-gusto","9":"first","10":"instock","11":"taxable","12":"shipping-taxable","13":"purchasable","14":"product-type-simple"},"_links":{"self":[{"href":"https:\/\/italiansublimefood.com\/de\/wp-json\/wp\/v2\/product\/23885","targetHints":{"allow":["GET"]}}],"collection":[{"href":"https:\/\/italiansublimefood.com\/de\/wp-json\/wp\/v2\/product"}],"about":[{"href":"https:\/\/italiansublimefood.com\/de\/wp-json\/wp\/v2\/types\/product"}],"wp:featuredmedia":[{"embeddable":true,"href":"https:\/\/italiansublimefood.com\/de\/wp-json\/wp\/v2\/media\/24128"}],"wp:attachment":[{"href":"https:\/\/italiansublimefood.com\/de\/wp-json\/wp\/v2\/media?parent=23885"}],"wp:term":[{"taxonomy":"product_brand","embeddable":true,"href":"https:\/\/italiansublimefood.com\/de\/wp-json\/wp\/v2\/product_brand?post=23885"},{"taxonomy":"product_cat","embeddable":true,"href":"https:\/\/italiansublimefood.com\/de\/wp-json\/wp\/v2\/product_cat?post=23885"},{"taxonomy":"product_tag","embeddable":true,"href":"https:\/\/italiansublimefood.com\/de\/wp-json\/wp\/v2\/product_tag?post=23885"}],"curies":[{"name":"wp","href":"https:\/\/api.w.org\/{rel}","templated":true}]}}