{"id":23728,"date":"2024-09-16T12:02:04","date_gmt":"2024-09-16T10:02:04","guid":{"rendered":"https:\/\/italiansublimefood.com\/product\/natives-olivenoel-extra-gourmet-aromatisiert-mit-mediterranen-kraeutern-250-ml-mancuso-1976\/"},"modified":"2025-05-05T10:03:25","modified_gmt":"2025-05-05T08:03:25","slug":"natives-olivenoel-extra-mit-mediterranen-kraeutern-aromatisiert-250-ml-mancuso-1976","status":"publish","type":"product","link":"https:\/\/italiansublimefood.com\/de\/produkt\/natives-olivenoel-extra-mit-mediterranen-kraeutern-aromatisiert-250-ml-mancuso-1976\/","title":{"rendered":"Natives Oliven\u00f6l extra mit mediterranen Kr\u00e4utern aromatisiert &#8211; 250 ml &#8211; Mancuso 1976"},"content":{"rendered":"","protected":false},"excerpt":{"rendered":"<p>Verleihen Sie Ihren Gerichten einen Hauch von Frische und ein umh\u00fcllendes Aroma mit dem mediterranen Kr\u00e4uter-Oliven\u00f6l extra vergine von Mancuso1976. Hergestellt aus hochwertigem nativem Oliven\u00f6l extra, verleiht dieses italienische \u00d6l Pasta, Pizza, Bruschetta und mehr Charakter und Intensit\u00e4t. -Natives Oliven\u00f6l extra mit mediterranen Kr\u00e4utern Mancuso1976 &#8211; 100% italienisch. Entdecken Sie unser Natives Oliven\u00f6l Extra mit mediterranen Kr\u00e4utern, hergestellt und vertrieben von Mancuso1976, und verwandeln Sie Ihre Gerichte mit einem Hauch von gr\u00fcnem Aroma und umh\u00fcllendem Geschmack. Dieses hochwertige italienische \u00d6l, das mit mediterranen Kr\u00e4utern (Majoran, Oregano, Basilikum, Bohnenkraut, Minze, Thymian) angereichert ist, verleiht jeder kulinarischen Zubereitung Frische und Geschmack. Hauptmerkmale: Umh\u00fcllendes Aroma: Unser natives Oliven\u00f6l extra wird mit mediterranen Kr\u00e4utern (Majoran, Oregano, Basilikum, Sommerbohnenkraut, Minze, Thymian) angereichert, wodurch ein intensives und einzigartiges Aroma entsteht, das Ihren Gerichten Charakter und Tiefe verleiht. Infusionsmethode: Wir verwenden ein geheimes Infusionsverfahren, um die Lebendigkeit der Kr\u00e4uter einzufangen und dem \u00d6l einen lebendigen, ausgewogenen Geschmack zu verleihen. Kulinarische Vielseitigkeit: Dieses aromatisierte \u00d6l ist ideal zum W\u00fcrzen von Pasta, Pizza, Bruschetta, Salaten sowie Fleisch- und Fischgerichten. Es verleiht Ihrer K\u00fcche einen Hauch von K\u00fchnheit und bereichert jede Zubereitung mit einem einzigartigen Geschmack. -Technische Daten: Art des \u00d6ls: Natives Oliven\u00f6l extra, aromatisiert mit mediterranen Kr\u00e4utern. Inhalt: Erh\u00e4ltlich in 250ml-Flaschen. Aufbewahrung: K\u00fchl, trocken, vor W\u00e4rmequellen und direktem Licht gesch\u00fctzt lagern. G\u00f6nnen Sie sich die Leidenschaft der mediterranen Kr\u00e4uter mit unserem Mancuso1976 Natives Oliven\u00f6l Extra mit mediterranen Kr\u00e4utern. Dieses \u00d6l verk\u00f6rpert die Intensit\u00e4t und W\u00e4rme kulinarischer Exzellenz, bereit, jedes Gericht in ein unvergessliches Geschmackserlebnis zu verwandeln. Kaufen Sie jetzt und entdecken Sie den w\u00fcrzigen Charme dieses au\u00dfergew\u00f6hnlich aromatisierten \u00d6ls.<\/p>\n<p>&#8211; N\u00e4hrwertangaben (pro 100 ml des Produkts): Energie 3389Kj\/824Kcal. Fette 91,6 g (davon ges\u00e4ttigt 14,03 g). Kohlenhydrate 0 g (davon Zucker 0 g). Eiwei\u00df 0g. Salz 0g.<\/p>\n","protected":false},"featured_media":23752,"template":"","meta":[],"product_brand":[],"product_cat":[15],"product_tag":[268],"class_list":{"0":"post-23728","1":"product","2":"type-product","3":"status-publish","4":"has-post-thumbnail","6":"product_cat-salumi-e-carni","7":"product_tag-mancuso-constantino","9":"first","10":"instock","11":"taxable","12":"shipping-taxable","13":"purchasable","14":"product-type-simple"},"_links":{"self":[{"href":"https:\/\/italiansublimefood.com\/de\/wp-json\/wp\/v2\/product\/23728","targetHints":{"allow":["GET"]}}],"collection":[{"href":"https:\/\/italiansublimefood.com\/de\/wp-json\/wp\/v2\/product"}],"about":[{"href":"https:\/\/italiansublimefood.com\/de\/wp-json\/wp\/v2\/types\/product"}],"wp:featuredmedia":[{"embeddable":true,"href":"https:\/\/italiansublimefood.com\/de\/wp-json\/wp\/v2\/media\/23752"}],"wp:attachment":[{"href":"https:\/\/italiansublimefood.com\/de\/wp-json\/wp\/v2\/media?parent=23728"}],"wp:term":[{"taxonomy":"product_brand","embeddable":true,"href":"https:\/\/italiansublimefood.com\/de\/wp-json\/wp\/v2\/product_brand?post=23728"},{"taxonomy":"product_cat","embeddable":true,"href":"https:\/\/italiansublimefood.com\/de\/wp-json\/wp\/v2\/product_cat?post=23728"},{"taxonomy":"product_tag","embeddable":true,"href":"https:\/\/italiansublimefood.com\/de\/wp-json\/wp\/v2\/product_tag?post=23728"}],"curies":[{"name":"wp","href":"https:\/\/api.w.org\/{rel}","templated":true}]}}