{"id":23725,"date":"2024-09-16T10:15:03","date_gmt":"2024-09-16T08:15:03","guid":{"rendered":"https:\/\/italiansublimefood.com\/product\/amaro-del-corvo-flasche-70cl-amaro-del-corvo\/"},"modified":"2025-05-05T10:03:25","modified_gmt":"2025-05-05T08:03:25","slug":"amaro-del-corvo-flasche-70cl-amaro-del-corvo","status":"publish","type":"product","link":"https:\/\/italiansublimefood.com\/de\/produkt\/amaro-del-corvo-flasche-70cl-amaro-del-corvo\/","title":{"rendered":"Amaro del Corvo &#8211; Flasche 70cl &#8211; Amaro del Corvo"},"content":{"rendered":"","protected":false},"excerpt":{"rendered":"<p>-Das wahre Elixier der <strong>Kr\u00e4he<\/strong>, ein Lik\u00f6r, der vollst\u00e4ndig in Italien mit hochwertigen Zutaten und einem bis ins kleinste Detail durchdachten Geheimrezept hergestellt wird. Eine Sammlung des gesamten Wissens, das der Rabe, ein legend\u00e4res Wesen, das in den Kulturen verschiedener V\u00f6lker vorkommt, im Laufe der Jahrtausende erlangt hat, in einer 70cl-Flasche.<strong>Amaro del Corvo -DER<\/strong>. Ein k\u00f6stliches Bouquet von Geschmacksrichtungen und Aromen, darunter die Frische von Minze, die S\u00fc\u00dfe von Sternanis und der Duft von Rosmarin. Das Ergebnis ist ein moderner, einzigartiger und ausgewogener Geschmack, der Sie mit jedem Schluck \u00fcberraschen wird. Ein perfekter Bitter, den Sie nach einer Mahlzeit, als Digestif oder als Aperitif genie\u00dfen k\u00f6nnen, um die Geschmacksnerven vor dem Abendessen zu \u00f6ffnen und zu erfreuen. Seine handwerkliche Herstellung garantiert ein Produkt von h\u00f6chster Qualit\u00e4t, mit einem authentischen und unverf\u00e4lschten Geschmack. Er wird in einer eleganten Flasche mit Wrap-around-Design abgef\u00fcllt, was ihn auch zu einem perfekten Geschenk f\u00fcr Liebhaber edler Spirituosen macht. Er wird in nur wenigen Tagen in einer eleganten Pappschachtel aus 60% recyceltem Material und mit einer Handpr\u00e4gung wie in alten Zeiten bei Ihnen zu Hause ankommen. Zusammen mit Ihrer Flasche liegen dann einige Geschenke f\u00fcr Sie bereit. Ein illustrierter Aufkleber, ein eleganter Korkuntersetzer und ein geheimnisvoller, mit Wachs versiegelter Umschlag. Was wird er enthalten?<strong> <strong>Amaro del Corvo- : <\/strong> <strong> <strong>den Geschmack? <\/strong>Der Duft ist anders als der Geschmack. Beim ersten Aufprall bietet er s\u00fc\u00dfe Noten, wobei Sternanis, Minze und Rosmarin die Hauptrolle spielen. Unmittelbar danach (und f\u00fcr die n\u00e4chsten Momente) bleibt ein intensiver bitterer Nachgeschmack zur\u00fcck, der auf die verschiedenen Bitterstoffe in der Rezeptur zur\u00fcckzuf\u00fchren ist. -Was<strong>sagen die Experten?<\/strong>Ein \u00d6nologe gab nach der Verkostung die folgende Analyse ab: <em>In der Nase<\/em>: krautig, Heu, Brennnessel, Distel. Erinnert an <strong>Rossana-Bonbons<\/strong>. Walnussschalen. Am <em>Gaumen<\/em>: Vorherrschend s\u00fc\u00df. Melasse. Im weiteren Verlauf des Mundes wieder krautige Noten. &#8211;<strong>Verkostungstipps <\/strong>:<em>Im Winter<\/em>: gut bei Zimmertemperatur, ausgezeichnet am Ende einer Mahlzeit. <em>Im Sommer<\/em>: gut kalt, fast gefroren. Aber Vorsicht: Um den Geschmack des Produkts nicht zu verderben, sollten Sie es nicht mit Eis probieren. Ein paar Stunden im K\u00fchlschrank sind ausreichend.<\/strong><\/strong>     Alkoholische St\u00e4rke 25% Vol. Produziert und abgef\u00fcllt von Distilleria La Cava sas. -Nicht f\u00fcr Personen unter 18 Jahren geeignet. -Trinken Sie verantwortungsbewusst.<\/p>\n","protected":false},"featured_media":19132,"template":"","meta":[],"product_brand":[],"product_cat":[15],"product_tag":[],"class_list":{"0":"post-23725","1":"product","2":"type-product","3":"status-publish","4":"has-post-thumbnail","6":"product_cat-salumi-e-carni","8":"first","9":"instock","10":"taxable","11":"shipping-taxable","12":"purchasable","13":"product-type-simple"},"_links":{"self":[{"href":"https:\/\/italiansublimefood.com\/de\/wp-json\/wp\/v2\/product\/23725","targetHints":{"allow":["GET"]}}],"collection":[{"href":"https:\/\/italiansublimefood.com\/de\/wp-json\/wp\/v2\/product"}],"about":[{"href":"https:\/\/italiansublimefood.com\/de\/wp-json\/wp\/v2\/types\/product"}],"wp:featuredmedia":[{"embeddable":true,"href":"https:\/\/italiansublimefood.com\/de\/wp-json\/wp\/v2\/media\/19132"}],"wp:attachment":[{"href":"https:\/\/italiansublimefood.com\/de\/wp-json\/wp\/v2\/media?parent=23725"}],"wp:term":[{"taxonomy":"product_brand","embeddable":true,"href":"https:\/\/italiansublimefood.com\/de\/wp-json\/wp\/v2\/product_brand?post=23725"},{"taxonomy":"product_cat","embeddable":true,"href":"https:\/\/italiansublimefood.com\/de\/wp-json\/wp\/v2\/product_cat?post=23725"},{"taxonomy":"product_tag","embeddable":true,"href":"https:\/\/italiansublimefood.com\/de\/wp-json\/wp\/v2\/product_tag?post=23725"}],"curies":[{"name":"wp","href":"https:\/\/api.w.org\/{rel}","templated":true}]}}