{"id":23722,"date":"2024-09-12T11:13:36","date_gmt":"2024-09-12T09:13:36","guid":{"rendered":"https:\/\/italiansublimefood.com\/product\/thunfisch-buzzonaglia-300g-conserveria-tonnina\/"},"modified":"2025-05-05T10:03:25","modified_gmt":"2025-05-05T08:03:25","slug":"thunfisch-buzzonaglia-300g-conserveria-tonnina","status":"publish","type":"product","link":"https:\/\/italiansublimefood.com\/de\/produkt\/thunfisch-buzzonaglia-300g-conserveria-tonnina\/","title":{"rendered":"Thunfisch Buzzonaglia 300g &#8211; Conserveria Tonnina"},"content":{"rendered":"","protected":false},"excerpt":{"rendered":"<p>-Bazzonaglia ist eine spezielle Thunfischkonserve, die den weniger wertvollen Teil des Fisches verwendet und in \u00d6l verpackt wird. Hervorragend geeignet f\u00fcr eine Sauce mit Kirschtomaten. -Zutaten: Thunfisch 65%, (Thunnus Thynnus &#8211; Zone FAO 37.1.3 &#8211; mit Umschlie\u00dfungsnetzen gefangen und geerntet), Sonnenblumen\u00f6l, Salz. -N\u00e4hrwertangaben: Energiewert 347.00Kca. Energiewert 1443.00Kj. Fett gesamt 25,80g(davon ges\u00e4ttigt4,90g). Kohlenhydrate0g(Zucker insgesamt 0g). Ballaststoffe 0g. Eiwei\u00df 28.70g. Salz 1.10g.<\/p>\n","protected":false},"featured_media":23776,"template":"","meta":[],"product_brand":[],"product_cat":[15],"product_tag":[258],"class_list":{"0":"post-23722","1":"product","2":"type-product","3":"status-publish","4":"has-post-thumbnail","6":"product_cat-salumi-e-carni","7":"product_tag-conserva-tonnina","9":"first","10":"instock","11":"taxable","12":"shipping-taxable","13":"purchasable","14":"product-type-simple"},"_links":{"self":[{"href":"https:\/\/italiansublimefood.com\/de\/wp-json\/wp\/v2\/product\/23722","targetHints":{"allow":["GET"]}}],"collection":[{"href":"https:\/\/italiansublimefood.com\/de\/wp-json\/wp\/v2\/product"}],"about":[{"href":"https:\/\/italiansublimefood.com\/de\/wp-json\/wp\/v2\/types\/product"}],"wp:featuredmedia":[{"embeddable":true,"href":"https:\/\/italiansublimefood.com\/de\/wp-json\/wp\/v2\/media\/23776"}],"wp:attachment":[{"href":"https:\/\/italiansublimefood.com\/de\/wp-json\/wp\/v2\/media?parent=23722"}],"wp:term":[{"taxonomy":"product_brand","embeddable":true,"href":"https:\/\/italiansublimefood.com\/de\/wp-json\/wp\/v2\/product_brand?post=23722"},{"taxonomy":"product_cat","embeddable":true,"href":"https:\/\/italiansublimefood.com\/de\/wp-json\/wp\/v2\/product_cat?post=23722"},{"taxonomy":"product_tag","embeddable":true,"href":"https:\/\/italiansublimefood.com\/de\/wp-json\/wp\/v2\/product_tag?post=23722"}],"curies":[{"name":"wp","href":"https:\/\/api.w.org\/{rel}","templated":true}]}}