{"id":23718,"date":"2024-09-12T11:13:31","date_gmt":"2024-09-12T09:13:31","guid":{"rendered":"https:\/\/italiansublimefood.com\/product\/tonne-25kg-conserveria-tonnina\/"},"modified":"2025-05-05T10:03:24","modified_gmt":"2025-05-05T08:03:24","slug":"tonne-25kg-conserveria-tonnina","status":"publish","type":"product","link":"https:\/\/italiansublimefood.com\/de\/produkt\/tonne-25kg-conserveria-tonnina\/","title":{"rendered":"Tonne 2,5kg &#8211; Conserveria Tonnina"},"content":{"rendered":"","protected":false},"excerpt":{"rendered":"<p><strong>-Zutaten<\/strong>:<br \/>\nThunfisch 66%, (Euthynnus Alletteratus), Salz, Salzlake<strong>-N\u00e4hrwertangaben: <\/strong>Energiewert 157Kcal. Energiewert 653 Kj. Fett insgesamt 6,80 g (davon ges\u00e4ttigte Fetts\u00e4uren 1,30 g). Kohlenhydrate 0g. Zucker gesamt 0g. Ballaststoffe 0g. Eiwei\u00df 23,60 g. Salz 8.70g<\/p>\n","protected":false},"featured_media":19227,"template":"","meta":[],"product_brand":[],"product_cat":[15],"product_tag":[258],"class_list":{"0":"post-23718","1":"product","2":"type-product","3":"status-publish","4":"has-post-thumbnail","6":"product_cat-salumi-e-carni","7":"product_tag-conserva-tonnina","9":"first","10":"instock","11":"taxable","12":"shipping-taxable","13":"purchasable","14":"product-type-simple"},"_links":{"self":[{"href":"https:\/\/italiansublimefood.com\/de\/wp-json\/wp\/v2\/product\/23718","targetHints":{"allow":["GET"]}}],"collection":[{"href":"https:\/\/italiansublimefood.com\/de\/wp-json\/wp\/v2\/product"}],"about":[{"href":"https:\/\/italiansublimefood.com\/de\/wp-json\/wp\/v2\/types\/product"}],"wp:featuredmedia":[{"embeddable":true,"href":"https:\/\/italiansublimefood.com\/de\/wp-json\/wp\/v2\/media\/19227"}],"wp:attachment":[{"href":"https:\/\/italiansublimefood.com\/de\/wp-json\/wp\/v2\/media?parent=23718"}],"wp:term":[{"taxonomy":"product_brand","embeddable":true,"href":"https:\/\/italiansublimefood.com\/de\/wp-json\/wp\/v2\/product_brand?post=23718"},{"taxonomy":"product_cat","embeddable":true,"href":"https:\/\/italiansublimefood.com\/de\/wp-json\/wp\/v2\/product_cat?post=23718"},{"taxonomy":"product_tag","embeddable":true,"href":"https:\/\/italiansublimefood.com\/de\/wp-json\/wp\/v2\/product_tag?post=23718"}],"curies":[{"name":"wp","href":"https:\/\/api.w.org\/{rel}","templated":true}]}}