{"id":23714,"date":"2024-09-12T11:13:31","date_gmt":"2024-09-12T09:13:31","guid":{"rendered":"https:\/\/italiansublimefood.com\/product\/gegrillter-thunfisch-300g-conserveria-tonnina\/"},"modified":"2025-05-05T10:03:24","modified_gmt":"2025-05-05T08:03:24","slug":"gegrillter-thunfisch-300g-conserveria-tonnina","status":"publish","type":"product","link":"https:\/\/italiansublimefood.com\/de\/produkt\/gegrillter-thunfisch-300g-conserveria-tonnina\/","title":{"rendered":"Gegrillter Thunfisch 300g &#8211; Conserveria Tonnina"},"content":{"rendered":"","protected":false},"excerpt":{"rendered":"<p>-Anchovies. 300g. <strong>-Zutaten<\/strong>: Gestreifter Thunfisch (Katsuwonus pelamis) gegrillt73%, natives Oliven\u00f6l extra, Rosmarin, Thymian, Pfeffer, Salz, Essig (Sulfite). &#8211; <strong>N\u00e4hrwertangaben: <\/strong>Energiewert 372Kcal. Energiewert 1557Kj. Fett 31,4g (davon ges\u00e4ttigte Fetts\u00e4uren 4,7g). Kohlenhydrate 0,6 g (davon Zucker 0 g). Ballaststoffe 1g. Eiwei\u00df 21,2 g. Salz 1.1g<\/p>\n","protected":false},"featured_media":20150,"template":"","meta":[],"product_brand":[],"product_cat":[15],"product_tag":[258],"class_list":{"0":"post-23714","1":"product","2":"type-product","3":"status-publish","4":"has-post-thumbnail","6":"product_cat-salumi-e-carni","7":"product_tag-conserva-tonnina","9":"first","10":"instock","11":"taxable","12":"shipping-taxable","13":"purchasable","14":"product-type-simple"},"_links":{"self":[{"href":"https:\/\/italiansublimefood.com\/de\/wp-json\/wp\/v2\/product\/23714","targetHints":{"allow":["GET"]}}],"collection":[{"href":"https:\/\/italiansublimefood.com\/de\/wp-json\/wp\/v2\/product"}],"about":[{"href":"https:\/\/italiansublimefood.com\/de\/wp-json\/wp\/v2\/types\/product"}],"wp:featuredmedia":[{"embeddable":true,"href":"https:\/\/italiansublimefood.com\/de\/wp-json\/wp\/v2\/media\/20150"}],"wp:attachment":[{"href":"https:\/\/italiansublimefood.com\/de\/wp-json\/wp\/v2\/media?parent=23714"}],"wp:term":[{"taxonomy":"product_brand","embeddable":true,"href":"https:\/\/italiansublimefood.com\/de\/wp-json\/wp\/v2\/product_brand?post=23714"},{"taxonomy":"product_cat","embeddable":true,"href":"https:\/\/italiansublimefood.com\/de\/wp-json\/wp\/v2\/product_cat?post=23714"},{"taxonomy":"product_tag","embeddable":true,"href":"https:\/\/italiansublimefood.com\/de\/wp-json\/wp\/v2\/product_tag?post=23714"}],"curies":[{"name":"wp","href":"https:\/\/api.w.org\/{rel}","templated":true}]}}