{"id":23704,"date":"2024-09-05T15:54:11","date_gmt":"2024-09-05T13:54:11","guid":{"rendered":"https:\/\/italiansublimefood.com\/product\/coqu-food-il-botto-hummus-creme-aus-borlotti-bohnen-und-rosmarin-srl\/"},"modified":"2025-05-05T10:03:24","modified_gmt":"2025-05-05T08:03:24","slug":"coqu-food-il-botto-hummus-creme-aus-borlotti-bohnen-und-rosmarin-srl","status":"publish","type":"product","link":"https:\/\/italiansublimefood.com\/de\/produkt\/coqu-food-il-botto-hummus-creme-aus-borlotti-bohnen-und-rosmarin-srl\/","title":{"rendered":"Coqu Food Il Botto&#8217; Hummus &#8211; Creme aus Borlotti-Bohnen und Rosmarin &#8211; srl"},"content":{"rendered":"","protected":false},"excerpt":{"rendered":"<p>&#8211;<span class=\"TextRun SCXW252819098 BCX8\" lang=\"IT-IT\" xml:lang=\"IT-IT\" data-contrast=\"auto\"><span class=\"NormalTextRun SCXW252819098 BCX8\">&#8216;Il Botto&#8217; Hummus aus Borlotti-Bohnen und Rosmarin ist eine Explosion von Aromen und Geschm\u00e4ckern, die l\u00e4ndliche Tradition mit einem Hauch von Innovation auf den Tisch bringt. Eine cremige und schmackhafte Creme aus Borlotti-Bohnen, angereichert mit Rosmarin f\u00fcr einen rustikalen und aromatischen Geschmack.<\/span><\/span><span class=\"EOP SCXW252819098 BCX8\" data-ccp-props=\"{\"><br \/>\n<\/span>-Keine <strong> Konservierungsstoffe: <\/strong>&#8216;Il Botto&#8217; Hummus ist ein gesundes und nat\u00fcrliches Produkt, frei von Konservierungsstoffen und k\u00fcnstlichen Farbstoffen. <strong>Geschmack: <\/strong>Ein perfektes Gleichgewicht zwischen dem kr\u00e4ftigen Geschmack von Borlotti-Bohnen und den aromatischen Noten von Rosmarin, f\u00fcr ein einzigartiges kulinarisches Erlebnis. <strong>Farbe: <\/strong>Eine warme, lebendige Farbe, die den Hummus zu einem dekorativen Element f\u00fcr Ihre Gerichte macht. <strong>Verwendung: <\/strong>Perfekt als Beilage zu rohem Gem\u00fcse, Fladenbrot oder Crackern, aber auch zur Bereicherung von Salaten, Sandwiches und Wraps. <strong>Aufbewahrung: <\/strong>An einem k\u00fchlen, trockenen Ort aufbewahren. Nach dem \u00d6ffnen im K\u00fchlschrank bei +4\u00b0C aufbewahren und innerhalb weniger Tage verbrauchen. <strong>Tipps: <\/strong><span data-contrast=\"auto\">F\u00fcr einen leckeren Aperitif servieren Sie Hummus mit in Stifte geschnittenem rohem Gem\u00fcse oder mit Brotcroutons,<\/span><span data-contrast=\"auto\">geben Sie Hummus zu einem Quinoa- oder Venusreissalat f\u00fcr eine zus\u00e4tzliche Geschmacksnote, <\/span><span data-contrast=\"auto\">verwenden Sie Hummus als Basis f\u00fcr eine Guacamole-Sauce oder eine scharfe Sauce.<\/span><\/p>\n<div id=\"pg-169-1\" class=\"panel-grid panel-no-style\">\n<div id=\"pgc-169-1-2\" class=\"panel-grid-cell\">\n<div id=\"panel-169-1-2-2\" class=\"so-panel widget widget_sow-editor panel-last-child\" data-index=\"23\">\n<div class=\"so-widget-sow-editor so-widget-sow-editor-base\">\n<div class=\"siteorigin-widget-tinymce textwidget\">\n<div class=\"so-widget-sow-editor so-widget-sow-editor-base\">\n<div class=\"siteorigin-widget-tinymce textwidget\">\n<p><strong>-Zutaten: <\/strong>Borlotti-Bohnen 69,4%, Zitronensaft, Sonnenblumen\u00f6l, Tahina (Samen von <em><strong>Sesamsamen*<\/strong><\/em>), Salz, Sesam\u00f6l <em><strong>Sesamsamen\u00f6l*<\/strong><\/em>, Rosmarin 0,1%.<br \/>\n<em><strong>*Allergene<br \/>\n<\/strong><\/em>&#8211;<strong>Durchschnittliche N\u00e4hrwerte pro 100 g des Produkts:<\/strong>&#8211; Energie: 377,14 Kcal\/1578,72 kj, <span data-contrast=\"auto\">Fett: 14,53 g <\/span><span data-contrast=\"auto\">, davon ges\u00e4ttigte Fetts\u00e4uren: 1,90 g, <\/span><span data-contrast=\"auto\">Kohlenhydrate: 46,77 g <\/span><span data-contrast=\"auto\">, davon Zucker: 1,79 g, <\/span>Ballaststoffe: 12,16 g, Eiwei\u00df: 16,03 g, <span data-contrast=\"auto\">Salz: 1,50 g.<\/span><\/p>\n<\/div>\n<\/div>\n<div id=\"pgc-169-1-1\" class=\"panel-grid-cell\">\n<div id=\"panel-169-1-1-0\" class=\"so-panel widget widget_sow-icon panel-first-child\" data-index=\"18\">\n<div class=\"panel-widget-style panel-widget-style-for-169-1-1-0\">\n<div class=\"so-widget-sow-icon so-widget-sow-icon-default-693efcaef871-169\">\n<div class=\"sow-icon-container sow-icon\"><\/div>\n<\/div>\n<\/div>\n<\/div>\n<\/div>\n<p>&nbsp;<\/p>\n<\/div>\n<\/div>\n<\/div>\n<\/div>\n<\/div>\n<p>&nbsp;<\/p>\n<form class=\"cart\" action=\"https:\/\/www.coqufood.it\/product\/hummus-il-botto-crema-di-fagioli-borlotti-e-rosmarino\/\" enctype=\"multipart\/form-data\" method=\"post\">\n<div class=\"quantity\"><\/div>\n<\/form>\n","protected":false},"featured_media":18368,"template":"","meta":[],"product_brand":[],"product_cat":[15],"product_tag":[259],"class_list":{"0":"post-23704","1":"product","2":"type-product","3":"status-publish","4":"has-post-thumbnail","6":"product_cat-salumi-e-carni","7":"product_tag-coqu-food","9":"first","10":"instock","11":"taxable","12":"shipping-taxable","13":"purchasable","14":"product-type-simple"},"_links":{"self":[{"href":"https:\/\/italiansublimefood.com\/de\/wp-json\/wp\/v2\/product\/23704","targetHints":{"allow":["GET"]}}],"collection":[{"href":"https:\/\/italiansublimefood.com\/de\/wp-json\/wp\/v2\/product"}],"about":[{"href":"https:\/\/italiansublimefood.com\/de\/wp-json\/wp\/v2\/types\/product"}],"wp:featuredmedia":[{"embeddable":true,"href":"https:\/\/italiansublimefood.com\/de\/wp-json\/wp\/v2\/media\/18368"}],"wp:attachment":[{"href":"https:\/\/italiansublimefood.com\/de\/wp-json\/wp\/v2\/media?parent=23704"}],"wp:term":[{"taxonomy":"product_brand","embeddable":true,"href":"https:\/\/italiansublimefood.com\/de\/wp-json\/wp\/v2\/product_brand?post=23704"},{"taxonomy":"product_cat","embeddable":true,"href":"https:\/\/italiansublimefood.com\/de\/wp-json\/wp\/v2\/product_cat?post=23704"},{"taxonomy":"product_tag","embeddable":true,"href":"https:\/\/italiansublimefood.com\/de\/wp-json\/wp\/v2\/product_tag?post=23704"}],"curies":[{"name":"wp","href":"https:\/\/api.w.org\/{rel}","templated":true}]}}