{"id":23702,"date":"2024-09-05T15:52:18","date_gmt":"2024-09-05T13:52:18","guid":{"rendered":"https:\/\/italiansublimefood.com\/product\/coqu-food-la-baby-suess-saure-giardiniera-srl\/"},"modified":"2025-05-05T10:03:24","modified_gmt":"2025-05-05T08:03:24","slug":"coqu-food-la-baby-suess-saure-giardiniera-srl","status":"publish","type":"product","link":"https:\/\/italiansublimefood.com\/de\/produkt\/coqu-food-la-baby-suess-saure-giardiniera-srl\/","title":{"rendered":"Coqu Food &#8216;La Baby&#8217; &#8211; S\u00fc\u00df-saure Giardiniera &#8211; srl"},"content":{"rendered":"","protected":false},"excerpt":{"rendered":"<p><span class=\"TextRun SCXW207327734 BCX8\" lang=\"IT-IT\" xml:lang=\"IT-IT\" data-contrast=\"auto\"><span class=\"NormalTextRun ContextualSpellingAndGrammarErrorV2Themed SCXW207327734 BCX8\">-La Baby<\/span><span class=\"NormalTextRun SCXW207327734 BCX8\"> Giardiniera &#8216;mini&#8217; nur im Format, aber wie ihre gr\u00f6\u00dferen Schwestern ist sie eine Explosion von Farben und Aromen, die die Freundlichkeit, Praktikabilit\u00e4t, Frische und Authentizit\u00e4t von saisonalem Gem\u00fcse auf den Tisch bringt. Ein handwerklich hergestelltes Produkt, das mit Sorgfalt und Leidenschaft nach traditioneller<\/span><span class=\"NormalTextRun SCXW207327734 BCX8\">e<\/span><span class=\"NormalTextRun SCXW207327734 BCX8\">um Ihnen ein vielseitiges und einzigartig aromatisiertes Gew\u00fcrz zu bieten.<\/span><\/span><span class=\"EOP SCXW207327734 BCX8\" data-ccp-props=\"{\"> <strong>Ohne Konservierungsstoffe<\/strong>: <span class=\"TextRun SCXW20171009 BCX8\" lang=\"IT-IT\" data-contrast=\"auto\"><span class=\"NormalTextRun SCXW20171009 BCX8\">Giardiniera &#8216;La Lucia&#8217; ist ein gesundes und nat\u00fcrliches Produkt, frei von Konservierungsstoffen und k\u00fcnstlichen Farbstoffen.<\/span><\/span> <strong>Geschmack:<\/strong>Ein perfektes Gleichgewicht zwischen s\u00fc\u00dfem und saurem Geschmack, perfektes Kochen, das den Geschmack und die Knackigkeit des Gem\u00fcses zur Geltung bringt<strong>.Farbe <\/strong>: <span class=\"TextRun SCXW219017391 BCX8\" lang=\"IT-IT\" data-contrast=\"auto\"><span class=\"NormalTextRun SCXW219017391 BCX8\">Ein Feuerwerk an leuchtenden Farben, das die Giardiniera zu einem dekorativen Element f\u00fcr Ihre Gerichte macht.<\/span><\/span> <strong>Verwendung<\/strong>: <span class=\"TextRun SCXW183060313 BCX8\" lang=\"IT-IT\" data-contrast=\"auto\"><span class=\"NormalTextRun SCXW183060313 BCX8\">Perfekt zu Hauptgerichten mit Fleisch, Fisch oder K\u00e4se, aber auch zum Verfeinern von Salaten, Sandwiches und Pizzen.<\/span><\/span> <strong>Aufbewahrung:<\/strong> An einem k\u00fchlen, trockenen Ort aufbewahren. Nach dem \u00d6ffnen im K\u00fchlschrank bei +4\u00b0C aufbewahren und innerhalb weniger Tage verbrauchen. <strong>Tipps:<\/strong> F\u00fcr einen kompletten zweiten Gang servieren Sie Giardiniera mit gegrilltem Fleisch oder gebackenem Fisch. F\u00fcgen Sie einem einfachen Gem\u00fcsesalat Giardiniera hinzu, um ihm eine zus\u00e4tzliche Note zu verleihen. Verwenden Sie Giardiniera, um eine Margherita-Pizza oder Focaccia zu bereichern. <strong>Nettogewicht<\/strong> 250gr. <strong>Gewicht<\/strong> 0.350Kg.<\/span><\/p>\n<div id=\"pg-639-0\" class=\"panel-grid panel-no-style\">\n<div id=\"pgc-639-0-0\" class=\"panel-grid-cell\">\n<div id=\"panel-639-0-0-1\" class=\"so-panel widget widget_sow-headline\" data-index=\"1\">\n<div class=\"panel-widget-style panel-widget-style-for-639-0-0-1\">\n<div class=\"so-widget-sow-headline so-widget-sow-headline-default-4be29f1d0fcc-639\">\n<div class=\"sow-headline-container \">\n<p class=\"sow-headline\"><strong>Zutaten: <\/strong>Gem\u00fcse in unterschiedlichen Anteilen (Blumenkohl, Paprika, Zucchini, M\u00f6hren, Fenchel, goldene Zwiebel), Wei\u00dfweinessig, Wei\u00dfwein, Zucker, Sonnenblumen\u00f6l, Salz, Gew\u00fcrz- und Kr\u00e4utermischung. <strong>Durchschnittliche N\u00e4hrwertangaben pro 100 g Produkt: <\/strong>Energie: 48,44 Kcal \/ 202,77 kj. Fette: 2,68 g, davon ges\u00e4ttigte Fetts\u00e4uren: 0,33 g. Kohlenhydrate: 6,80 g, davon Zucker: 3,83 g. Ballaststoffe: 1,42 g. Eiwei\u00df: 1,14 g. Salz: 0,83 g.<\/p>\n<div id=\"panel-639-1-1-0\" class=\"so-panel widget widget_sow-icon panel-first-child\" data-index=\"18\">\n<div class=\"panel-widget-style panel-widget-style-for-639-1-1-0\">\n<div class=\"so-widget-sow-icon so-widget-sow-icon-default-693efcaef871-639\">\n<div class=\"sow-icon-container sow-icon\"><\/div>\n<\/div>\n<\/div>\n<\/div>\n<\/div>\n<\/div>\n<\/div>\n<\/div>\n<\/div>\n<\/div>\n","protected":false},"featured_media":23794,"template":"","meta":[],"product_brand":[],"product_cat":[15],"product_tag":[259],"class_list":{"0":"post-23702","1":"product","2":"type-product","3":"status-publish","4":"has-post-thumbnail","6":"product_cat-salumi-e-carni","7":"product_tag-coqu-food","9":"first","10":"instock","11":"taxable","12":"shipping-taxable","13":"purchasable","14":"product-type-simple"},"_links":{"self":[{"href":"https:\/\/italiansublimefood.com\/de\/wp-json\/wp\/v2\/product\/23702","targetHints":{"allow":["GET"]}}],"collection":[{"href":"https:\/\/italiansublimefood.com\/de\/wp-json\/wp\/v2\/product"}],"about":[{"href":"https:\/\/italiansublimefood.com\/de\/wp-json\/wp\/v2\/types\/product"}],"wp:featuredmedia":[{"embeddable":true,"href":"https:\/\/italiansublimefood.com\/de\/wp-json\/wp\/v2\/media\/23794"}],"wp:attachment":[{"href":"https:\/\/italiansublimefood.com\/de\/wp-json\/wp\/v2\/media?parent=23702"}],"wp:term":[{"taxonomy":"product_brand","embeddable":true,"href":"https:\/\/italiansublimefood.com\/de\/wp-json\/wp\/v2\/product_brand?post=23702"},{"taxonomy":"product_cat","embeddable":true,"href":"https:\/\/italiansublimefood.com\/de\/wp-json\/wp\/v2\/product_cat?post=23702"},{"taxonomy":"product_tag","embeddable":true,"href":"https:\/\/italiansublimefood.com\/de\/wp-json\/wp\/v2\/product_tag?post=23702"}],"curies":[{"name":"wp","href":"https:\/\/api.w.org\/{rel}","templated":true}]}}