{"id":23701,"date":"2024-09-05T15:52:26","date_gmt":"2024-09-05T13:52:26","guid":{"rendered":"https:\/\/italiansublimefood.com\/product\/coqu-food-der-waehlerische-wuerzige-tapenade-srl\/"},"modified":"2025-05-05T10:03:24","modified_gmt":"2025-05-05T08:03:24","slug":"coqu-food-der-waehlerische-wuerzige-tapenade-srl","status":"publish","type":"product","link":"https:\/\/italiansublimefood.com\/de\/produkt\/coqu-food-der-waehlerische-wuerzige-tapenade-srl\/","title":{"rendered":"Coqu Food &#8220;Der W\u00e4hlerische&#8221; &#8211; W\u00fcrzige Tapenade &#8211; srl"},"content":{"rendered":"","protected":false},"excerpt":{"rendered":"<p>-Eine Umarmung zwischen emilianischer Tradition und mediterranem Geschmack. Die Tapenade aus gr\u00fcnen Oliven und Parmesan wird Sie mit ihrer Cremigkeit und ihrem einzigartigen Geschmack \u00fcberzeugen. Perfekt f\u00fcr Aperitifs, Vorspeisen und zum Verfeinern Ihrer Gerichte. <strong>Ohne Konservierungsstoffe:<\/strong> Tapenade &#8216;The Picky&#8217; ist ein gesundes und nat\u00fcrliches Produkt, frei von Konservierungsstoffen und k\u00fcnstlichen Farbstoffen. <strong>Geschmack:<\/strong> Eine Harmonie mediterraner Aromen, bei der die Zartheit gr\u00fcner Oliven auf die Sch\u00e4rfe von Parmesank\u00e4se trifft, was einen einzigartigen und unwiderstehlichen Geschmack ergibt. <strong>Farbe:<\/strong> Eine Farbe, die an die Olivenhaine der italienischen Landschaft erinnert. <strong>Verwendung: <\/strong>Ideal zum Verfeinern von Bruschetta, Crostini und Focaccia, perfekt zu reifem K\u00e4se oder um Fleisch- und Fischgerichten eine Gourmet-Note zu verleihen<strong>.Aufbewahrung:<\/strong> K\u00fchl und trocken lagern. Nach dem \u00d6ffnen im K\u00fchlschrank bei +4\u00b0C aufbewahren und innerhalb von ein paar Tagen verbrauchen. <strong>Tipps:<\/strong> Lassen Sie sich von seiner Vielseitigkeit inspirieren! Probieren Sie die Tapenade aus gr\u00fcnen Oliven und Parmesan auf warmen Crostini, f\u00fcgen Sie sie zu einem Tomaten-Mozzarella-Salat hinzu, verwenden Sie sie zum Belegen von Gourmet-Sandwiches oder streichen Sie sie einfach auf eine Scheibe frisches Brot f\u00fcr ein authentisches Geschmackserlebnis. <strong>Nettogewicht<\/strong> 180gr. <strong>Gewicht<\/strong> 0.240kg.<\/p>\n<div id=\"pg-169-1\" class=\"panel-grid panel-no-style\">\n<div id=\"pgc-169-1-2\" class=\"panel-grid-cell\">\n<div id=\"panel-169-1-2-2\" class=\"so-panel widget widget_sow-editor panel-last-child\" data-index=\"23\">\n<div class=\"so-widget-sow-editor so-widget-sow-editor-base\">\n<div class=\"siteorigin-widget-tinymce textwidget\">\n<div class=\"so-widget-sow-editor so-widget-sow-editor-base\">\n<div class=\"siteorigin-widget-tinymce textwidget\">\n<p><strong>Durchschnittliche N\u00e4hrwerte pro 100 g des Produkts:<\/strong> Energie: 466,84 Kcal \/ 1954,19 kj. Fette: 46,92 g (davon ges\u00e4ttigt: 6,76 g). Kohlenhydrate: 3,48 g (davon Zucker: 0,51 g). Ballaststoffe: 0,42 g. Eiwei\u00df: 7,80 g. Salz: 0,70 g. <strong>Zutaten: <\/strong><br \/>\nGr\u00fcne Oliven und Parmesank\u00e4secreme (Azienda borgo del Gazzano): Gr\u00fcne Oliven 36,5% (Wasser, Salz, Stabilisator: Eisengluconat), Sonnenblumen\u00f6l, Parmesan (18%), Zitrone, Petersilie, Chilischote (0,1%) *Allergene<\/p>\n<\/div>\n<\/div>\n<div id=\"pgc-169-1-1\" class=\"panel-grid-cell\">\n<div id=\"panel-169-1-1-0\" class=\"so-panel widget widget_sow-icon panel-first-child\" data-index=\"18\">\n<div class=\"panel-widget-style panel-widget-style-for-169-1-1-0\">\n<div class=\"so-widget-sow-icon so-widget-sow-icon-default-693efcaef871-169\">\n<div class=\"sow-icon-container sow-icon\"><\/div>\n<\/div>\n<\/div>\n<\/div>\n<\/div>\n<p>&nbsp;<\/p>\n<\/div>\n<\/div>\n<\/div>\n<\/div>\n<\/div>\n<p>&nbsp;<\/p>\n<form class=\"cart\" action=\"https:\/\/www.coqufood.it\/product\/hummus-il-botto-crema-di-fagioli-borlotti-e-rosmarino\/\" enctype=\"multipart\/form-data\" method=\"post\">\n<div class=\"quantity\"><\/div>\n<\/form>\n<p>&nbsp;<\/p>\n","protected":false},"featured_media":23791,"template":"","meta":[],"product_brand":[],"product_cat":[15],"product_tag":[259],"class_list":{"0":"post-23701","1":"product","2":"type-product","3":"status-publish","4":"has-post-thumbnail","6":"product_cat-salumi-e-carni","7":"product_tag-coqu-food","9":"first","10":"instock","11":"taxable","12":"shipping-taxable","13":"purchasable","14":"product-type-simple"},"_links":{"self":[{"href":"https:\/\/italiansublimefood.com\/de\/wp-json\/wp\/v2\/product\/23701","targetHints":{"allow":["GET"]}}],"collection":[{"href":"https:\/\/italiansublimefood.com\/de\/wp-json\/wp\/v2\/product"}],"about":[{"href":"https:\/\/italiansublimefood.com\/de\/wp-json\/wp\/v2\/types\/product"}],"wp:featuredmedia":[{"embeddable":true,"href":"https:\/\/italiansublimefood.com\/de\/wp-json\/wp\/v2\/media\/23791"}],"wp:attachment":[{"href":"https:\/\/italiansublimefood.com\/de\/wp-json\/wp\/v2\/media?parent=23701"}],"wp:term":[{"taxonomy":"product_brand","embeddable":true,"href":"https:\/\/italiansublimefood.com\/de\/wp-json\/wp\/v2\/product_brand?post=23701"},{"taxonomy":"product_cat","embeddable":true,"href":"https:\/\/italiansublimefood.com\/de\/wp-json\/wp\/v2\/product_cat?post=23701"},{"taxonomy":"product_tag","embeddable":true,"href":"https:\/\/italiansublimefood.com\/de\/wp-json\/wp\/v2\/product_tag?post=23701"}],"curies":[{"name":"wp","href":"https:\/\/api.w.org\/{rel}","templated":true}]}}