{"id":23698,"date":"2024-09-05T15:52:18","date_gmt":"2024-09-05T13:52:18","guid":{"rendered":"https:\/\/italiansublimefood.com\/product\/coqu-food-il-rosso-tomaten-pesto-srl\/"},"modified":"2025-05-05T10:03:23","modified_gmt":"2025-05-05T08:03:23","slug":"coqu-food-il-rosso-tomaten-pesto-srl","status":"publish","type":"product","link":"https:\/\/italiansublimefood.com\/de\/produkt\/coqu-food-il-rosso-tomaten-pesto-srl\/","title":{"rendered":"Coqu Food &#8216;Il Rosso&#8217; &#8211; Tomaten-Pesto &#8211; srl"},"content":{"rendered":"","protected":false},"excerpt":{"rendered":"<p>-Rot ist eine Explosion des mediterranen Geschmacks, bei der sich die S\u00fc\u00dfe der Tomaten mit der Intensit\u00e4t der Gew\u00fcrze vermischt und eine Harmonie der Aromen schafft, die mit jedem Bissen auf dem Gaumen tanzt. <strong>Ohne Konservierungsstoffe<\/strong>: <span class=\"TextRun SCXW20171009 BCX8\" lang=\"\" data-contrast=\"\"><span class=\"NormalTextRun SCXW20171009 BCX8\">Pesto &#8216;Il Rosso&#8217; ist ein gesundes und nat\u00fcrliches Produkt, frei von Konservierungsstoffen und k\u00fcnstlichen Farbstoffen. <\/span><\/span><strong>Geschmack: <\/strong>Eine Explosion des mediterranen Geschmacks, bei der sich die S\u00fc\u00dfe der Tomate mit der Intensit\u00e4t des Oreganos und dem Aroma des Knoblauchs vermischt. <strong>Farbe:<\/strong> Eine leuchtende, einladende Farbe, die an sommerliche Sonnenunterg\u00e4nge und reife Tomatenfelder erinnert. <strong>Verwendung:<\/strong> Perfekt zum W\u00fcrzen von Pasta, Pizza, Bruschetta, gegrilltem Gem\u00fcse oder zum Verfeinern von Fleisch- oder Fischgerichten. <strong>Aufbewahrung: <\/strong>An einem k\u00fchlen, trockenen Ort aufbewahren. Nach dem \u00d6ffnen im K\u00fchlschrank bei +4\u00b0C aufbewahren und innerhalb weniger Tage verbrauchen. <strong>Tipps: <\/strong>Probieren Sie es mit frischer Pasta, f\u00fcgen Sie einen Klecks gesalzenen Ricotta und ein paar Bl\u00e4tter frisches Basilikum hinzu, um ein einfaches und k\u00f6stliches Gericht zu erhalten.<\/p>\n<p>&#8211;<strong>Durchschnittliche N\u00e4hrwerte pro 100 g des Produkts: <\/strong>Energie: 422,07 Kcal \/ 1766,77 kj. &#8211; Fette: 41,74 g (davon ges\u00e4ttigt: 5,01 g). &#8211; Kohlenhydrate: 11,69 g (davon Zucker: 1,85 g). &#8211; Ballaststoffe: 3,12 g. &#8211; Eiwei\u00df: 3,40 g. &#8211; Salz: 1,26 g. <strong>Zutaten: <\/strong>Tomatenmark 34% (Tomate, Tomatensaft, S\u00e4uerungsmittel: Zitronens\u00e4ure), Sonnenblumen\u00f6l, doppeltes Tomatenkonzentrat (10%), getrocknete Tomate (7%), <em><strong>Mandeln<\/strong><\/em>, <em><strong>Cashews<\/strong><\/em>, Zitrone, Knoblauchsalz, Oregano. <strong>Gewicht 0,240 kg. Gewicht 180g. <\/strong><br \/>\n<em><strong>*Allergene<\/strong><\/em><\/p>\n","protected":false},"featured_media":23797,"template":"","meta":[],"product_brand":[],"product_cat":[15],"product_tag":[259],"class_list":{"0":"post-23698","1":"product","2":"type-product","3":"status-publish","4":"has-post-thumbnail","6":"product_cat-salumi-e-carni","7":"product_tag-coqu-food","9":"first","10":"instock","11":"taxable","12":"shipping-taxable","13":"purchasable","14":"product-type-simple"},"_links":{"self":[{"href":"https:\/\/italiansublimefood.com\/de\/wp-json\/wp\/v2\/product\/23698","targetHints":{"allow":["GET"]}}],"collection":[{"href":"https:\/\/italiansublimefood.com\/de\/wp-json\/wp\/v2\/product"}],"about":[{"href":"https:\/\/italiansublimefood.com\/de\/wp-json\/wp\/v2\/types\/product"}],"wp:featuredmedia":[{"embeddable":true,"href":"https:\/\/italiansublimefood.com\/de\/wp-json\/wp\/v2\/media\/23797"}],"wp:attachment":[{"href":"https:\/\/italiansublimefood.com\/de\/wp-json\/wp\/v2\/media?parent=23698"}],"wp:term":[{"taxonomy":"product_brand","embeddable":true,"href":"https:\/\/italiansublimefood.com\/de\/wp-json\/wp\/v2\/product_brand?post=23698"},{"taxonomy":"product_cat","embeddable":true,"href":"https:\/\/italiansublimefood.com\/de\/wp-json\/wp\/v2\/product_cat?post=23698"},{"taxonomy":"product_tag","embeddable":true,"href":"https:\/\/italiansublimefood.com\/de\/wp-json\/wp\/v2\/product_tag?post=23698"}],"curies":[{"name":"wp","href":"https:\/\/api.w.org\/{rel}","templated":true}]}}