{"id":23694,"date":"2024-09-05T15:52:11","date_gmt":"2024-09-05T13:52:11","guid":{"rendered":"https:\/\/italiansublimefood.com\/product\/coqu-food-der-ghery-walnuss-pesto-srl\/"},"modified":"2025-05-05T10:03:23","modified_gmt":"2025-05-05T08:03:23","slug":"coqu-food-der-ghery-walnuss-pesto-srl","status":"publish","type":"product","link":"https:\/\/italiansublimefood.com\/de\/produkt\/coqu-food-der-ghery-walnuss-pesto-srl\/","title":{"rendered":"Coqu Food Der Ghery &#8211; Walnuss-Pesto &#8211; srl"},"content":{"rendered":"","protected":false},"excerpt":{"rendered":"<p>-Ghery ist ein sensorisches Erlebnis, das Sie in eine Welt voller unerwarteter Aromen entf\u00fchrt, in der Cremigkeit auf Zartheit trifft und jeder Bissen eine Entdeckung ist. <strong>Ohne Konservierungsstoffe<\/strong>: <span class=\"TextRun SCXW20171009 BCX8\" lang=\"IT-IT\" data-contrast=\"auto\"><span class=\"NormalTextRun SCXW20171009 BCX8\">Pesto &#8216;Il Ghery&#8217; ist ein gesundes und nat\u00fcrliches Produkt, frei von Konservierungsstoffen und k\u00fcnstlichen Farbstoffen.<\/span><\/span> <strong>Geschmack:<\/strong> Die warme Umarmung der italienischen Waln\u00fcsse, die umh\u00fcllende S\u00fc\u00dfe des Sonnenblumen\u00f6ls, ein Hauch von Frische und ein Hauch von Geheimnis.<strong> Farbe:<\/strong> Seine dezente und einladende Cremefarbe verbirgt einen \u00fcberraschenden Geschmack. Eine Geschmacksexplosion, bei der Cremigkeit und Zartheit aufeinander treffen.<strong> Verwendung:<\/strong> Perfekt f\u00fcr frische Pasta, Gnocchi, Salate. <strong>Aufbewahrung:<\/strong> An einem k\u00fchlen, trockenen Ort aufbewahren. Nach dem \u00d6ffnen im K\u00fchlschrank bei +4\u00b0C aufbewahren und innerhalb weniger Tage verbrauchen. <strong>Vorschl\u00e4ge:<\/strong> Tagliatelle mit Walnuss- und Zucchinipesto, Kartoffelgnocchi mit Walnusspesto und knusprigem Speck, Trofie mit Walnuss- und Garnelenpesto, Kichererbsenb\u00e4llchen mit Walnusspesto, Quinoasalat mit Walnusspesto, Kirschtomaten und Feta. <strong>Gewicht <\/strong>0.240Kg. <strong>Nettogewicht <\/strong>180gr.<\/p>\n<div id=\"panel-634-0-0-1\" class=\"so-panel widget widget_sow-headline\" data-index=\"1\">\n<div class=\"panel-widget-style panel-widget-style-for-634-0-0-1\">\n<div class=\"so-widget-sow-headline so-widget-sow-headline-default-698416d30380-634\">\n<div class=\"sow-headline-container \">\n<div id=\"panel-634-1-0-1\" class=\"so-panel widget widget_sow-headline\" data-index=\"16\">\n<div class=\"panel-widget-style panel-widget-style-for-634-1-0-1\">\n<div class=\"so-widget-sow-headline so-widget-sow-headline-default-698416d30380-634\">\n<div class=\"sow-headline-container \">\n<p class=\"sow-headline\">-Zutaten: <em><strong>Waln\u00fcsse<\/strong><\/em> (30%), Wasser, Sonnenblumen\u00f6l, Zitrone <em><strong>Cashewn\u00fcsse<\/strong><\/em>, Haferflocken (Gluten), Hefe (Saccharomyces cervisiae), Salz, Zwiebel.<em><strong>*Allergene.<br \/>\n<\/strong><\/em><strong>Durchschnittliche N\u00e4hrwerte pro 100 g des Produkts:<\/strong> Energie: 444,34 Kcal \/ 1860,02 kj. Fette: 44,48 g (davon ges\u00e4ttigt: 4,91 g). Kohlenhydrate: 8,84 g (davon Zucker: 1,35 g). Ballaststoffe: 3,19 . Eiwei\u00df: 6,07 g. Salz: 0,67 g.<\/p>\n<\/div>\n<\/div>\n<\/div>\n<\/div>\n<\/div>\n<\/div>\n<\/div>\n<\/div>\n","protected":false},"featured_media":23800,"template":"","meta":[],"product_brand":[],"product_cat":[15],"product_tag":[259],"class_list":{"0":"post-23694","1":"product","2":"type-product","3":"status-publish","4":"has-post-thumbnail","6":"product_cat-salumi-e-carni","7":"product_tag-coqu-food","9":"first","10":"instock","11":"taxable","12":"shipping-taxable","13":"purchasable","14":"product-type-simple"},"_links":{"self":[{"href":"https:\/\/italiansublimefood.com\/de\/wp-json\/wp\/v2\/product\/23694","targetHints":{"allow":["GET"]}}],"collection":[{"href":"https:\/\/italiansublimefood.com\/de\/wp-json\/wp\/v2\/product"}],"about":[{"href":"https:\/\/italiansublimefood.com\/de\/wp-json\/wp\/v2\/types\/product"}],"wp:featuredmedia":[{"embeddable":true,"href":"https:\/\/italiansublimefood.com\/de\/wp-json\/wp\/v2\/media\/23800"}],"wp:attachment":[{"href":"https:\/\/italiansublimefood.com\/de\/wp-json\/wp\/v2\/media?parent=23694"}],"wp:term":[{"taxonomy":"product_brand","embeddable":true,"href":"https:\/\/italiansublimefood.com\/de\/wp-json\/wp\/v2\/product_brand?post=23694"},{"taxonomy":"product_cat","embeddable":true,"href":"https:\/\/italiansublimefood.com\/de\/wp-json\/wp\/v2\/product_cat?post=23694"},{"taxonomy":"product_tag","embeddable":true,"href":"https:\/\/italiansublimefood.com\/de\/wp-json\/wp\/v2\/product_tag?post=23694"}],"curies":[{"name":"wp","href":"https:\/\/api.w.org\/{rel}","templated":true}]}}