{"id":23689,"date":"2024-09-05T15:52:11","date_gmt":"2024-09-05T13:52:11","guid":{"rendered":"https:\/\/italiansublimefood.com\/product\/coqu-food-il-moro-schwarzkohl-pesto-srl\/"},"modified":"2025-05-05T10:03:23","modified_gmt":"2025-05-05T08:03:23","slug":"coqu-food-il-moro-schwarzkohl-pesto-srl","status":"publish","type":"product","link":"https:\/\/italiansublimefood.com\/de\/produkt\/coqu-food-il-moro-schwarzkohl-pesto-srl\/","title":{"rendered":"Coqu Food &#8216;Il Moro&#8217; &#8211; Schwarzkohl-Pesto &#8211; srl"},"content":{"rendered":"","protected":false},"excerpt":{"rendered":"<p>&#8211; Das Schwarzkohlpesto &#8220;Il Moro&#8221; ist eine Explosion von Geschmack und Farbe, die die Frische und Authentizit\u00e4t von saisonalem Gem\u00fcse auf den Tisch bringt. Ein cremiges und leckeres Pesto aus frischem Schwarzkohl der Saison und hochwertigen Zutaten f\u00fcr einen authentischen und originellen Geschmack. <strong>Ohne Konservierungsstoffe: <\/strong><span class=\"TextRun SCXW20171009 BCX8\" lang=\"IT-IT\" data-contrast=\"auto\"><span class=\"NormalTextRun SCXW20171009 BCX8\">Das Pesto &#8220;Il Moro&#8221; ist ein gesundes und nat\u00fcrliches Produkt, frei von Konservierungsstoffen und k\u00fcnstlichen Farbstoffen.<\/span><\/span> <strong>Geschmack: <\/strong>Ein kr\u00e4ftiger und leicht bitterer Geschmack mit aromatischen Noten von Cashewn\u00fcssen und Zitrone. <strong>Farbe: <\/strong><span class=\"TextRun SCXW65555838 BCX8\" lang=\"IT-IT\" data-contrast=\"auto\"><span class=\"NormalTextRun SCXW65555838 BCX8\">Eine unverwechselbare Farbe, die dieses Pesto zu einem echten dekorativen Element f\u00fcr Ihre Gerichte macht.<\/span><\/span> <strong>Verwendung: <\/strong><span class=\"TextRun SCXW152738268 BCX8\" lang=\"IT-IT\" data-contrast=\"auto\"><span class=\"NormalTextRun SCXW152738268 BCX8\">Ideal zum W\u00fcrzen von Nudelgerichten, Reis oder Gnocchi, aber auch f\u00fcr Salate, Bruschette und Hauptgerichte. <\/span><\/span><strong>Aufbewahrung: <\/strong>An einem k\u00fchlen, trockenen Ort aufbewahren. Nach dem \u00d6ffnen im K\u00fchlschrank bei +4\u00b0C aufbewahren und innerhalb weniger Tage verbrauchen. <strong>Empfehlungen: <\/strong>F\u00fcr einen wirklich schmackhaften ersten Gang, versuchen Sie Ihr Pesto mit Vollkornnudeln oder Venere-Reis zu w\u00fcrzen. Verwenden Sie Pesto, um einen einfachen Gem\u00fcsesalat mit einem Hauch von Farbe und Geschmack zu bereichern. <strong>Gewicht <\/strong>0.250Kg <strong>. Nettogewicht<\/strong> 190gr. -Zutaten<strong>: <\/strong>Schwarzkohl (38%), Sonnenblumen\u00f6l, <strong><em>Cashewn\u00fcsse*.<\/em><\/strong>, Zitrone, Hefe (Saccharomyces cervisiae), Salz, Zwiebel.<em><strong>*Allergene.<br \/>\n<\/strong><\/em><strong> Durchschnittliche <\/strong><strong>N\u00e4hrwerte<\/strong><strong> pro 100 g des Produkts: <\/strong>Energie: 445,80 Kcal \/ 1866,11 kj. Fette: 44,84 g (davon ges\u00e4ttigte Fetts\u00e4uren: 5,76 g). Kohlenhydrate: 7,79 g (davon Zucker: 1,43 g). Ballaststoffe: 2,68 g. Eiwei\u00df: 4,40 g. Salz: 1,10 g.<\/p>\n<p>&nbsp;<\/p>\n","protected":false},"featured_media":18396,"template":"","meta":[],"product_brand":[],"product_cat":[15],"product_tag":[259],"class_list":{"0":"post-23689","1":"product","2":"type-product","3":"status-publish","4":"has-post-thumbnail","6":"product_cat-salumi-e-carni","7":"product_tag-coqu-food","9":"first","10":"instock","11":"taxable","12":"shipping-taxable","13":"purchasable","14":"product-type-simple"},"_links":{"self":[{"href":"https:\/\/italiansublimefood.com\/de\/wp-json\/wp\/v2\/product\/23689","targetHints":{"allow":["GET"]}}],"collection":[{"href":"https:\/\/italiansublimefood.com\/de\/wp-json\/wp\/v2\/product"}],"about":[{"href":"https:\/\/italiansublimefood.com\/de\/wp-json\/wp\/v2\/types\/product"}],"wp:featuredmedia":[{"embeddable":true,"href":"https:\/\/italiansublimefood.com\/de\/wp-json\/wp\/v2\/media\/18396"}],"wp:attachment":[{"href":"https:\/\/italiansublimefood.com\/de\/wp-json\/wp\/v2\/media?parent=23689"}],"wp:term":[{"taxonomy":"product_brand","embeddable":true,"href":"https:\/\/italiansublimefood.com\/de\/wp-json\/wp\/v2\/product_brand?post=23689"},{"taxonomy":"product_cat","embeddable":true,"href":"https:\/\/italiansublimefood.com\/de\/wp-json\/wp\/v2\/product_cat?post=23689"},{"taxonomy":"product_tag","embeddable":true,"href":"https:\/\/italiansublimefood.com\/de\/wp-json\/wp\/v2\/product_tag?post=23689"}],"curies":[{"name":"wp","href":"https:\/\/api.w.org\/{rel}","templated":true}]}}