{"id":23685,"date":"2024-09-04T15:53:48","date_gmt":"2024-09-04T13:53:48","guid":{"rendered":"https:\/\/italiansublimefood.com\/product\/kunsthandwerkliche-salami-mit-trueffel-220-g-alain-stratta-tartufi\/"},"modified":"2025-05-05T10:03:23","modified_gmt":"2025-05-05T08:03:23","slug":"kunsthandwerkliche-salami-mit-trueffel-220-g-alain-stratta-tartufi","status":"publish","type":"product","link":"https:\/\/italiansublimefood.com\/de\/produkt\/kunsthandwerkliche-salami-mit-trueffel-220-g-alain-stratta-tartufi\/","title":{"rendered":"Kunsthandwerkliche Salami mit Tr\u00fcffel &#8211; 220 g &#8211; Alain Stratta Tartufi"},"content":{"rendered":"","protected":false},"excerpt":{"rendered":"<p>-Hausgemachte Salami mit Tr\u00fcffel. 220 gr. <span class=\"OYPEnA font-feature-liga-off font-feature-clig-off font-feature-calt-off text-decoration-none text-strikethrough-none\">WEIN (enth\u00e4lt SULPHITEN), Gew\u00fcrze, nat\u00fcrliche Aromen. Zucker: Dextrose, Saccharose. <\/span><span class=\"OYPEnA font-feature-liga-off font-feature-clig-off font-feature-calt-off text-decoration-none text-strikethrough-none\">Antioxidantien: Ascorbins\u00e4ure (e300). <\/span><span class=\"OYPEnA font-feature-liga-off font-feature-clig-off font-feature-calt-off text-decoration-none text-strikethrough-none\">Konservierungsmittel: POTASSIUM NITRATE (E252).<\/span><\/p>\n<p class=\"cvGsUA direction-ltr align-justify para-style-body\"><span class=\"OYPEnA font-feature-liga-off font-feature-clig-off font-feature-calt-off text-decoration-none text-strikethrough-none\"><strong>-Zutaten:<\/strong> Italienisches Schweinefleisch, Schweinebauch, Salz, Sommertr\u00fcffel (Tuber Aestivum Vitt.). <\/span><strong>N\u00e4hrwertangaben pro 100 g: <\/strong>Energie Kj 1411 \/ Kcal 336. Fette 24 g (davon ges\u00e4ttigte Fetts\u00e4uren 9 g). Kohlenhydrate 0,9 g (davon Zucker 0,7 g). Ballaststoffe 0 g. Eiwei\u00df 30 g. Salz 3,9 g.<\/p>\n","protected":false},"featured_media":23803,"template":"","meta":[],"product_brand":[],"product_cat":[15],"product_tag":[246],"class_list":{"0":"post-23685","1":"product","2":"type-product","3":"status-publish","4":"has-post-thumbnail","6":"product_cat-salumi-e-carni","7":"product_tag-alain-stratta-tartufi","9":"first","10":"instock","11":"taxable","12":"shipping-taxable","13":"purchasable","14":"product-type-simple"},"_links":{"self":[{"href":"https:\/\/italiansublimefood.com\/de\/wp-json\/wp\/v2\/product\/23685","targetHints":{"allow":["GET"]}}],"collection":[{"href":"https:\/\/italiansublimefood.com\/de\/wp-json\/wp\/v2\/product"}],"about":[{"href":"https:\/\/italiansublimefood.com\/de\/wp-json\/wp\/v2\/types\/product"}],"wp:featuredmedia":[{"embeddable":true,"href":"https:\/\/italiansublimefood.com\/de\/wp-json\/wp\/v2\/media\/23803"}],"wp:attachment":[{"href":"https:\/\/italiansublimefood.com\/de\/wp-json\/wp\/v2\/media?parent=23685"}],"wp:term":[{"taxonomy":"product_brand","embeddable":true,"href":"https:\/\/italiansublimefood.com\/de\/wp-json\/wp\/v2\/product_brand?post=23685"},{"taxonomy":"product_cat","embeddable":true,"href":"https:\/\/italiansublimefood.com\/de\/wp-json\/wp\/v2\/product_cat?post=23685"},{"taxonomy":"product_tag","embeddable":true,"href":"https:\/\/italiansublimefood.com\/de\/wp-json\/wp\/v2\/product_tag?post=23685"}],"curies":[{"name":"wp","href":"https:\/\/api.w.org\/{rel}","templated":true}]}}