{"id":23682,"date":"2024-09-04T15:52:59","date_gmt":"2024-09-04T13:52:59","guid":{"rendered":"https:\/\/italiansublimefood.com\/product\/ceasar-sauce-mit-sommertrueffel-200-g-alain-stratta-tartufi\/"},"modified":"2025-05-05T10:03:23","modified_gmt":"2025-05-05T08:03:23","slug":"ceasar-sauce-mit-sommertrueffel-200-g-alain-stratta-tartufi","status":"publish","type":"product","link":"https:\/\/italiansublimefood.com\/de\/produkt\/ceasar-sauce-mit-sommertrueffel-200-g-alain-stratta-tartufi\/","title":{"rendered":"Ceasar Sauce mit Sommertr\u00fcffel 200 g &#8211; Alain Stratta Tartufi"},"content":{"rendered":"","protected":false},"excerpt":{"rendered":"<p>-Caesar-Sauce mit Sommertr\u00fcffel. <strong>Gewicht<\/strong> 200 gr.<\/p>\n<p><span class=\"OYPEnA text-decoration-none text-strikethrough-none\"><strong>-Zutaten:<\/strong> Mayonnaise (Sonnenblumen\u00f6l 70%, Wasser, pasteurisiertes Eigelb 5%, Weinessig, <\/span><span class=\"OYPEnA text-decoration-none text-strikethrough-none\">modifizierte Maisst\u00e4rke, Salz, Verdickungsmittel: Xanthangummi, Zitronensaft, Paprikaextrakt, Aroma), <\/span><span class=\"OYPEnA text-decoration-none text-strikethrough-none\">Wasser, PANNA (MILCH), Sonnenblumen\u00f6l, Apfelessig (Apfelsaft, Antioxidans E224 (enth\u00e4lt SULPHITEN)), <\/span><span class=\"OYPEnA text-decoration-none text-strikethrough-none\">Eigelb, Salz, 1% Sommertr\u00fcffel (Tuber aestivum Vitt.), getrockneter Knoblauch (enth\u00e4lt Schwefeldioxid und nat\u00fcrliche SULPHITEN), <\/span><span class=\"OYPEnA text-decoration-none text-strikethrough-none\">Getrockneter Dill, getrockneter Schnittlauch, Zucker, Aromen, modifizierte St\u00e4rke, St\u00e4rke, Milchs\u00e4ure E270. <\/span><strong>Durchschnittliche N\u00e4hrwertangaben pro 100 g: <\/strong>Energie Kj1716 \/ Kcal 417.Fette 44 g(davon ges\u00e4ttigte Fetts\u00e4uren 6,8 g). Kohlenhydrate 2,8 g (davon Zucker 0,8 g). Ballaststoffe 1,5 g. Eiwei\u00df 1,5 g. Salz 2,5 g.<\/p>\n<div>\n<p>&nbsp;<\/p>\n<\/div>\n","protected":false},"featured_media":20221,"template":"","meta":[],"product_brand":[],"product_cat":[15],"product_tag":[246],"class_list":{"0":"post-23682","1":"product","2":"type-product","3":"status-publish","4":"has-post-thumbnail","6":"product_cat-salumi-e-carni","7":"product_tag-alain-stratta-tartufi","9":"first","10":"instock","11":"taxable","12":"shipping-taxable","13":"purchasable","14":"product-type-simple"},"_links":{"self":[{"href":"https:\/\/italiansublimefood.com\/de\/wp-json\/wp\/v2\/product\/23682","targetHints":{"allow":["GET"]}}],"collection":[{"href":"https:\/\/italiansublimefood.com\/de\/wp-json\/wp\/v2\/product"}],"about":[{"href":"https:\/\/italiansublimefood.com\/de\/wp-json\/wp\/v2\/types\/product"}],"wp:featuredmedia":[{"embeddable":true,"href":"https:\/\/italiansublimefood.com\/de\/wp-json\/wp\/v2\/media\/20221"}],"wp:attachment":[{"href":"https:\/\/italiansublimefood.com\/de\/wp-json\/wp\/v2\/media?parent=23682"}],"wp:term":[{"taxonomy":"product_brand","embeddable":true,"href":"https:\/\/italiansublimefood.com\/de\/wp-json\/wp\/v2\/product_brand?post=23682"},{"taxonomy":"product_cat","embeddable":true,"href":"https:\/\/italiansublimefood.com\/de\/wp-json\/wp\/v2\/product_cat?post=23682"},{"taxonomy":"product_tag","embeddable":true,"href":"https:\/\/italiansublimefood.com\/de\/wp-json\/wp\/v2\/product_tag?post=23682"}],"curies":[{"name":"wp","href":"https:\/\/api.w.org\/{rel}","templated":true}]}}