{"id":23679,"date":"2024-09-04T15:52:49","date_gmt":"2024-09-04T13:52:49","guid":{"rendered":"https:\/\/italiansublimefood.com\/product\/trueffelcreme-alain-stratta-tartufi\/"},"modified":"2025-05-05T10:03:23","modified_gmt":"2025-05-05T08:03:23","slug":"trueffelcreme-alain-stratta-tartufi","status":"publish","type":"product","link":"https:\/\/italiansublimefood.com\/de\/produkt\/trueffelcreme-alain-stratta-tartufi\/","title":{"rendered":"Tr\u00fcffelcreme &#8211; Alain Stratta Tartufi"},"content":{"rendered":"","protected":false},"excerpt":{"rendered":"<p>-Creme Tr\u00fcffel. <strong>Gewicht <\/strong>80 gr.<\/p>\n<p class=\"cvGsUA direction-ltr align-justify para-style-body\"><span class=\"OYPEnA text-decoration-none text-strikethrough-none\"><strong>-Zutaten:<\/strong> Kultivierte Pilze (Agaricus bisporus), natives Oliven\u00f6l extra, <\/span><span class=\"OYPEnA text-decoration-none text-strikethrough-none\">Sonnenblumenkern\u00f6l, schwarze Oliven, Sommertr\u00fcffel 2% (Tuber aestivum Vitt.), <\/span><span class=\"OYPEnA text-decoration-none text-strikethrough-none\">Salz, Aromen. <\/span><strong>N\u00e4hrwertangaben pro 100 g: <\/strong>Energie Kj1975 \/ Kcal480. Fette 51 g (davon ges\u00e4ttigte Fetts\u00e4uren 7,1 g). Kohlenhydrate 3,3 g (davon Zucker 0,3 g). Ballaststoffe 2,1 g. Eiwei\u00df 2,2 g. Salz 0,39 g.<\/p>\n","protected":false},"featured_media":23827,"template":"","meta":[],"product_brand":[],"product_cat":[15],"product_tag":[246],"class_list":{"0":"post-23679","1":"product","2":"type-product","3":"status-publish","4":"has-post-thumbnail","6":"product_cat-salumi-e-carni","7":"product_tag-alain-stratta-tartufi","9":"first","10":"instock","11":"taxable","12":"shipping-taxable","13":"purchasable","14":"product-type-simple"},"_links":{"self":[{"href":"https:\/\/italiansublimefood.com\/de\/wp-json\/wp\/v2\/product\/23679","targetHints":{"allow":["GET"]}}],"collection":[{"href":"https:\/\/italiansublimefood.com\/de\/wp-json\/wp\/v2\/product"}],"about":[{"href":"https:\/\/italiansublimefood.com\/de\/wp-json\/wp\/v2\/types\/product"}],"wp:featuredmedia":[{"embeddable":true,"href":"https:\/\/italiansublimefood.com\/de\/wp-json\/wp\/v2\/media\/23827"}],"wp:attachment":[{"href":"https:\/\/italiansublimefood.com\/de\/wp-json\/wp\/v2\/media?parent=23679"}],"wp:term":[{"taxonomy":"product_brand","embeddable":true,"href":"https:\/\/italiansublimefood.com\/de\/wp-json\/wp\/v2\/product_brand?post=23679"},{"taxonomy":"product_cat","embeddable":true,"href":"https:\/\/italiansublimefood.com\/de\/wp-json\/wp\/v2\/product_cat?post=23679"},{"taxonomy":"product_tag","embeddable":true,"href":"https:\/\/italiansublimefood.com\/de\/wp-json\/wp\/v2\/product_tag?post=23679"}],"curies":[{"name":"wp","href":"https:\/\/api.w.org\/{rel}","templated":true}]}}