{"id":23678,"date":"2024-09-04T15:52:55","date_gmt":"2024-09-04T13:52:55","guid":{"rendered":"https:\/\/italiansublimefood.com\/product\/trueffel-barbecue-sauce-alain-stratta-tartufi\/"},"modified":"2025-05-05T10:03:23","modified_gmt":"2025-05-05T08:03:23","slug":"barbecuesauce-mit-trueffel-alain-stratta-tartufi","status":"publish","type":"product","link":"https:\/\/italiansublimefood.com\/de\/produkt\/barbecuesauce-mit-trueffel-alain-stratta-tartufi\/","title":{"rendered":"Barbecuesauce mit Tr\u00fcffel &#8211; Alain Stratta Tartufi"},"content":{"rendered":"","protected":false},"excerpt":{"rendered":"<p>-Tr\u00fcffel Barbecue Sauce. <strong>Gewicht <\/strong>90 gr. <span class=\"OYPEnA text-decoration-none text-strikethrough-none\"><strong>-Zutaten:<\/strong> Barbecue-Sauce 95,5% (Tomatenmark, Zucker, <\/span><span class=\"OYPEnA text-decoration-none text-strikethrough-none\">Wasser, <\/span>Weinessig, Fruktoseglukosesirup, Salz, Maisst\u00e4rke, modifizierte Maisst\u00e4rke, <span class=\"OYPEnA text-decoration-none text-strikethrough-none\"> Aroma, Zwiebelpulver, Chilipulver), <\/span><span class=\"OYPEnA text-decoration-none text-strikethrough-none\">Sommertr\u00fcffel 3% (Tuber aestivum Vitt.), Aroma. <\/span><span class=\"OYPEnA text-decoration-none text-strikethrough-none\">Kann Spuren von SULPHITEN enthalten. <\/span><strong>N\u00e4hrwertangaben pro 100 g: <\/strong>Energie Kj591 \/ Kcal 139. Fette 1 g (davon 0 g ges\u00e4ttigte Fetts\u00e4uren9. Kohlenhydrate 32 g (davon Zucker 26 g). Eiwei\u00df 3 g. Salz 4 g.<\/p>\n","protected":false},"featured_media":23821,"template":"","meta":[],"product_brand":[],"product_cat":[15],"product_tag":[246],"class_list":{"0":"post-23678","1":"product","2":"type-product","3":"status-publish","4":"has-post-thumbnail","6":"product_cat-salumi-e-carni","7":"product_tag-alain-stratta-tartufi","9":"first","10":"instock","11":"taxable","12":"shipping-taxable","13":"purchasable","14":"product-type-simple"},"_links":{"self":[{"href":"https:\/\/italiansublimefood.com\/de\/wp-json\/wp\/v2\/product\/23678","targetHints":{"allow":["GET"]}}],"collection":[{"href":"https:\/\/italiansublimefood.com\/de\/wp-json\/wp\/v2\/product"}],"about":[{"href":"https:\/\/italiansublimefood.com\/de\/wp-json\/wp\/v2\/types\/product"}],"wp:featuredmedia":[{"embeddable":true,"href":"https:\/\/italiansublimefood.com\/de\/wp-json\/wp\/v2\/media\/23821"}],"wp:attachment":[{"href":"https:\/\/italiansublimefood.com\/de\/wp-json\/wp\/v2\/media?parent=23678"}],"wp:term":[{"taxonomy":"product_brand","embeddable":true,"href":"https:\/\/italiansublimefood.com\/de\/wp-json\/wp\/v2\/product_brand?post=23678"},{"taxonomy":"product_cat","embeddable":true,"href":"https:\/\/italiansublimefood.com\/de\/wp-json\/wp\/v2\/product_cat?post=23678"},{"taxonomy":"product_tag","embeddable":true,"href":"https:\/\/italiansublimefood.com\/de\/wp-json\/wp\/v2\/product_tag?post=23678"}],"curies":[{"name":"wp","href":"https:\/\/api.w.org\/{rel}","templated":true}]}}