{"id":23675,"date":"2024-09-04T15:52:49","date_gmt":"2024-09-04T13:52:49","guid":{"rendered":"https:\/\/italiansublimefood.com\/product\/pecorino-creme-von-und-kostbare-schwarze-trueffel-alain-stratta-tartufi\/"},"modified":"2025-05-05T10:03:22","modified_gmt":"2025-05-05T08:03:22","slug":"pecorino-creme-von-und-kostbare-schwarze-trueffel-alain-stratta-tartufi","status":"publish","type":"product","link":"https:\/\/italiansublimefood.com\/de\/produkt\/pecorino-creme-von-und-kostbare-schwarze-trueffel-alain-stratta-tartufi\/","title":{"rendered":"Pecorino Creme von und kostbare schwarze Tr\u00fcffel &#8211; Alain Stratta Tartufi"},"content":{"rendered":"","protected":false},"excerpt":{"rendered":"<div class=\"row\">\n<div class=\"col-md-6\">\n<div class=\"summary entry-summary\">Pecorino -Creme aus und feinem schwarzen Tr\u00fcffel. <strong>Gewicht <\/strong>80g.<\/div>\n<\/div>\n<\/div>\n<p><span class=\"OYPEnA text-decoration-none text-strikethrough-none\"><strong>-Zutaten:<\/strong> Pecorino WEIZEN (MILCH), Romano DOP 31,7% (MILCH, Salz, Lab), <\/span><span class=\"OYPEnA text-decoration-none text-strikethrough-none\">VOLLMILCH, SCHWARZE TR\u00dcFFEL 2% (Tuber melanosporum Vitt.), BURBER, Aroma, <\/span><span class=\"OYPEnA text-decoration-none text-strikethrough-none\">Maisst\u00e4rke. <\/span><span class=\"OYPEnA text-decoration-none text-strikethrough-none\"><strong>HERKUNFT DER MILCH :<\/strong> ITALIEN. <\/span><strong>N\u00e4hrwertangaben pro 100 g: <\/strong>Energie Kj1336 \/ Kcal 323. Fette 30 g (davon ges\u00e4ttigte Fetts\u00e4uren 21 g). Kohlenhydrate 2,3 g (davon Zucker 1,6 g). Ballaststoffe 0 g. Eiwei\u00df 11 g. Salz 1,4 g.<\/p>\n<div>\n<p>&nbsp;<\/p>\n<\/div>\n","protected":false},"featured_media":23824,"template":"","meta":[],"product_brand":[],"product_cat":[15],"product_tag":[246],"class_list":{"0":"post-23675","1":"product","2":"type-product","3":"status-publish","4":"has-post-thumbnail","6":"product_cat-salumi-e-carni","7":"product_tag-alain-stratta-tartufi","9":"first","10":"instock","11":"taxable","12":"shipping-taxable","13":"purchasable","14":"product-type-simple"},"_links":{"self":[{"href":"https:\/\/italiansublimefood.com\/de\/wp-json\/wp\/v2\/product\/23675","targetHints":{"allow":["GET"]}}],"collection":[{"href":"https:\/\/italiansublimefood.com\/de\/wp-json\/wp\/v2\/product"}],"about":[{"href":"https:\/\/italiansublimefood.com\/de\/wp-json\/wp\/v2\/types\/product"}],"wp:featuredmedia":[{"embeddable":true,"href":"https:\/\/italiansublimefood.com\/de\/wp-json\/wp\/v2\/media\/23824"}],"wp:attachment":[{"href":"https:\/\/italiansublimefood.com\/de\/wp-json\/wp\/v2\/media?parent=23675"}],"wp:term":[{"taxonomy":"product_brand","embeddable":true,"href":"https:\/\/italiansublimefood.com\/de\/wp-json\/wp\/v2\/product_brand?post=23675"},{"taxonomy":"product_cat","embeddable":true,"href":"https:\/\/italiansublimefood.com\/de\/wp-json\/wp\/v2\/product_cat?post=23675"},{"taxonomy":"product_tag","embeddable":true,"href":"https:\/\/italiansublimefood.com\/de\/wp-json\/wp\/v2\/product_tag?post=23675"}],"curies":[{"name":"wp","href":"https:\/\/api.w.org\/{rel}","templated":true}]}}