{"id":23674,"date":"2024-09-04T15:52:55","date_gmt":"2024-09-04T13:52:55","guid":{"rendered":"https:\/\/italiansublimefood.com\/product\/trueffel-fondue-alain-stratta-tartufi\/"},"modified":"2025-05-05T10:03:22","modified_gmt":"2025-05-05T08:03:22","slug":"trueffel-fondue-alain-stratta-tartufi","status":"publish","type":"product","link":"https:\/\/italiansublimefood.com\/de\/produkt\/trueffel-fondue-alain-stratta-tartufi\/","title":{"rendered":"Tr\u00fcffel-Fondue &#8211; Alain Stratta Tartufi"},"content":{"rendered":"","protected":false},"excerpt":{"rendered":"<p>-Tr\u00fcffel-Fondue.<strong> Gewicht<\/strong> 80 gr <span class=\"OYPEnA text-decoration-none text-strikethrough-none\"><strong>-Zutaten:<\/strong> K\u00c4SE (MILCH, Salz, Lab, Fermente, CHEDDAR, Wasser, BURTE, MILCHEiwei\u00df, <\/span><span class=\"OYPEnA text-decoration-none text-strikethrough-none\">Schmelzsalze (E331, E339), entrahmtes MILCHpulver, MILCHmolkenpulver, nat\u00fcrliche K\u00e4searomen, <\/span><span class=\"OYPEnA text-decoration-none text-strikethrough-none\">Konservierungsmittel<\/span> <span class=\"OYPEnA text-decoration-none text-strikethrough-none\">(E200), Farbstoff (E160a, E160c),<\/span> <span class=\"OYPEnA text-decoration-none text-strikethrough-none\">Trennmittel: Sonnenblumenlecithin), Wasser, BROT, <\/span><span class=\"OYPEnA text-decoration-none text-strikethrough-none\">Sommertr\u00fcffel 2% (Tuber aestivum Vitt.), Aromen, Maisst\u00e4rke, Eigelb, S\u00e4uerungsmittel: E270. <\/span><strong>N\u00e4hrwertangaben pro 100 g: <\/strong>Energie Kj913 \/ Kcal221. Fette 18,5 g (davon ges\u00e4ttigte Fetts\u00e4uren 13 g). Kohlenhydrate 1,5 g (davon Zucker 0,9 g). Ballaststoffe 1,8 g. Eiwei\u00df 11 g. Salz 2,2 g.<\/p>\n","protected":false},"featured_media":23818,"template":"","meta":[],"product_brand":[],"product_cat":[15],"product_tag":[246],"class_list":{"0":"post-23674","1":"product","2":"type-product","3":"status-publish","4":"has-post-thumbnail","6":"product_cat-salumi-e-carni","7":"product_tag-alain-stratta-tartufi","9":"first","10":"instock","11":"taxable","12":"shipping-taxable","13":"purchasable","14":"product-type-simple"},"_links":{"self":[{"href":"https:\/\/italiansublimefood.com\/de\/wp-json\/wp\/v2\/product\/23674","targetHints":{"allow":["GET"]}}],"collection":[{"href":"https:\/\/italiansublimefood.com\/de\/wp-json\/wp\/v2\/product"}],"about":[{"href":"https:\/\/italiansublimefood.com\/de\/wp-json\/wp\/v2\/types\/product"}],"wp:featuredmedia":[{"embeddable":true,"href":"https:\/\/italiansublimefood.com\/de\/wp-json\/wp\/v2\/media\/23818"}],"wp:attachment":[{"href":"https:\/\/italiansublimefood.com\/de\/wp-json\/wp\/v2\/media?parent=23674"}],"wp:term":[{"taxonomy":"product_brand","embeddable":true,"href":"https:\/\/italiansublimefood.com\/de\/wp-json\/wp\/v2\/product_brand?post=23674"},{"taxonomy":"product_cat","embeddable":true,"href":"https:\/\/italiansublimefood.com\/de\/wp-json\/wp\/v2\/product_cat?post=23674"},{"taxonomy":"product_tag","embeddable":true,"href":"https:\/\/italiansublimefood.com\/de\/wp-json\/wp\/v2\/product_tag?post=23674"}],"curies":[{"name":"wp","href":"https:\/\/api.w.org\/{rel}","templated":true}]}}