{"id":23672,"date":"2024-09-04T15:52:42","date_gmt":"2024-09-04T13:52:42","guid":{"rendered":"https:\/\/italiansublimefood.com\/product\/wuerzmittel-mit-weissem-trueffelgeschmack-175ml-alain-stratta-tartufi\/"},"modified":"2025-05-05T10:03:22","modified_gmt":"2025-05-05T08:03:22","slug":"wuerzmittel-mit-weissem-trueffelgeschmack-175ml-alain-stratta-tartufi","status":"publish","type":"product","link":"https:\/\/italiansublimefood.com\/de\/produkt\/wuerzmittel-mit-weissem-trueffelgeschmack-175ml-alain-stratta-tartufi\/","title":{"rendered":"W\u00fcrzmittel mit wei\u00dfem Tr\u00fcffelgeschmack 175ml &#8211; Alain Stratta Tartufi"},"content":{"rendered":"","protected":false},"excerpt":{"rendered":"<p>&#8211; <span class=\"OYPEnA text-decoration-none text-strikethrough-none\">Natives Oliven\u00f6l extra<\/span> mit wei\u00dfem Tr\u00fcffelgeschmack <span class=\"OYPEnA text-decoration-none text-strikethrough-none\">175ml<\/span>.<\/p>\n<p class=\"cvGsUA direction-ltr align-justify para-style-body\"><span class=\"OYPEnA text-decoration-none text-strikethrough-none\"><strong>-Zutaten:<\/strong> Natives Oliven\u00f6l extra 99%, Aromen. <\/span><strong>N\u00e4hrwertangaben pro 100 g: <\/strong>Energie Kj3676 \/ Kcal 894. Fette 99 g (davon ges\u00e4ttigte Fetts\u00e4uren 18 g). Kohlenhydrate 0 g (davon Zucker 0 g). Ballaststoffe 0 g. Eiwei\u00df 0 g. Salz 0 g.<\/p>\n","protected":false},"featured_media":23995,"template":"","meta":[],"product_brand":[],"product_cat":[15],"product_tag":[246],"class_list":{"0":"post-23672","1":"product","2":"type-product","3":"status-publish","4":"has-post-thumbnail","6":"product_cat-salumi-e-carni","7":"product_tag-alain-stratta-tartufi","9":"first","10":"instock","11":"taxable","12":"shipping-taxable","13":"purchasable","14":"product-type-simple"},"_links":{"self":[{"href":"https:\/\/italiansublimefood.com\/de\/wp-json\/wp\/v2\/product\/23672","targetHints":{"allow":["GET"]}}],"collection":[{"href":"https:\/\/italiansublimefood.com\/de\/wp-json\/wp\/v2\/product"}],"about":[{"href":"https:\/\/italiansublimefood.com\/de\/wp-json\/wp\/v2\/types\/product"}],"wp:featuredmedia":[{"embeddable":true,"href":"https:\/\/italiansublimefood.com\/de\/wp-json\/wp\/v2\/media\/23995"}],"wp:attachment":[{"href":"https:\/\/italiansublimefood.com\/de\/wp-json\/wp\/v2\/media?parent=23672"}],"wp:term":[{"taxonomy":"product_brand","embeddable":true,"href":"https:\/\/italiansublimefood.com\/de\/wp-json\/wp\/v2\/product_brand?post=23672"},{"taxonomy":"product_cat","embeddable":true,"href":"https:\/\/italiansublimefood.com\/de\/wp-json\/wp\/v2\/product_cat?post=23672"},{"taxonomy":"product_tag","embeddable":true,"href":"https:\/\/italiansublimefood.com\/de\/wp-json\/wp\/v2\/product_tag?post=23672"}],"curies":[{"name":"wp","href":"https:\/\/api.w.org\/{rel}","templated":true}]}}