{"id":23671,"date":"2024-09-04T15:52:48","date_gmt":"2024-09-04T13:52:48","guid":{"rendered":"https:\/\/italiansublimefood.com\/product\/creme-von-oliven-und-sommertrueffel-alain-stratta-tartufi\/"},"modified":"2025-05-05T10:03:22","modified_gmt":"2025-05-05T08:03:22","slug":"creme-von-oliven-und-sommertrueffel-alain-stratta-tartufi","status":"publish","type":"product","link":"https:\/\/italiansublimefood.com\/de\/produkt\/creme-von-oliven-und-sommertrueffel-alain-stratta-tartufi\/","title":{"rendered":"Creme von Oliven und Sommertr\u00fcffel &#8211; Alain Stratta Tartufi"},"content":{"rendered":"<p>-Olivencreme und Sommertr\u00fcffel. <strong>Gewicht <\/strong> 80 gr. <span class=\"OYPEnA text-decoration-none text-strikethrough-none\"><strong>-Zutaten:<\/strong> Zuchtpilze (Agaricus bisporus), natives Oliven\u00f6l extra, <\/span><span class=\"OYPEnA text-decoration-none text-strikethrough-none\">schwarze Oliven 18,5%, Sonnenblumenkern\u00f6l, Sommertr\u00fcffel 3% (Tuber aestivum Vitt.), <\/span><span class=\"OYPEnA text-decoration-none text-strikethrough-none\">ACCIUGHE-Paste, Kapern, Salz, Aromen.<\/span><strong>-durchschnittliche N\u00e4hrwerte pro 100 g: <\/strong>Energie Kj1520 \/ Kcal369. Fette 38,2 g (davon ges\u00e4ttigte Fetts\u00e4uren 5,6 g). Kohlenhydrate 0,8 g (davon Zucker 0,6 g). Ballaststoffe 4,6 g. Eiwei\u00df 3,5 g. Salz 1,66 g.<\/p>\n","protected":false},"excerpt":{"rendered":"<p>-Olivencreme und Sommertr\u00fcffel. Gewicht 80 gr. -Zutaten: Zuchtpilze (Agaricus bisporus), natives Oliven\u00f6l extra, schwarze Oliven 18,5%, Sonnenblumenkern\u00f6l, Sommertr\u00fcffel 3% (Tuber aestivum Vitt.), ACCIUGHE-Paste, Kapern, Salz, Aromen.-durchschnittliche N\u00e4hrwerte pro 100 g: Energie Kj1520 \/ Kcal369. Fette 38,2 g (davon ges\u00e4ttigte Fetts\u00e4uren 5,6 g). Kohlenhydrate 0,8 g (davon Zucker 0,6 g). Ballaststoffe 4,6 g. Eiwei\u00df 3,5 g&#8230;.<\/p>\n","protected":false},"featured_media":23831,"template":"","meta":[],"product_brand":[],"product_cat":[15],"product_tag":[246],"class_list":{"0":"post-23671","1":"product","2":"type-product","3":"status-publish","4":"has-post-thumbnail","6":"product_cat-salumi-e-carni","7":"product_tag-alain-stratta-tartufi","9":"first","10":"instock","11":"taxable","12":"shipping-taxable","13":"purchasable","14":"product-type-simple"},"_links":{"self":[{"href":"https:\/\/italiansublimefood.com\/de\/wp-json\/wp\/v2\/product\/23671","targetHints":{"allow":["GET"]}}],"collection":[{"href":"https:\/\/italiansublimefood.com\/de\/wp-json\/wp\/v2\/product"}],"about":[{"href":"https:\/\/italiansublimefood.com\/de\/wp-json\/wp\/v2\/types\/product"}],"wp:featuredmedia":[{"embeddable":true,"href":"https:\/\/italiansublimefood.com\/de\/wp-json\/wp\/v2\/media\/23831"}],"wp:attachment":[{"href":"https:\/\/italiansublimefood.com\/de\/wp-json\/wp\/v2\/media?parent=23671"}],"wp:term":[{"taxonomy":"product_brand","embeddable":true,"href":"https:\/\/italiansublimefood.com\/de\/wp-json\/wp\/v2\/product_brand?post=23671"},{"taxonomy":"product_cat","embeddable":true,"href":"https:\/\/italiansublimefood.com\/de\/wp-json\/wp\/v2\/product_cat?post=23671"},{"taxonomy":"product_tag","embeddable":true,"href":"https:\/\/italiansublimefood.com\/de\/wp-json\/wp\/v2\/product_tag?post=23671"}],"curies":[{"name":"wp","href":"https:\/\/api.w.org\/{rel}","templated":true}]}}