{"id":23668,"date":"2024-09-04T15:52:37","date_gmt":"2024-09-04T13:52:37","guid":{"rendered":"https:\/\/italiansublimefood.com\/product\/butter-und-weisse-trueffelspezialitaeten-alain-stratta-tartufi\/"},"modified":"2025-05-05T10:03:22","modified_gmt":"2025-05-05T08:03:22","slug":"butter-und-weisse-trueffelspezialitaeten-alain-stratta-tartufi","status":"publish","type":"product","link":"https:\/\/italiansublimefood.com\/de\/produkt\/butter-und-weisse-trueffelspezialitaeten-alain-stratta-tartufi\/","title":{"rendered":"Butter und wei\u00dfe Tr\u00fcffelspezialit\u00e4ten &#8211; Alain Stratta Tartufi"},"content":{"rendered":"","protected":false},"excerpt":{"rendered":"<p>-Wei\u00dfe Tr\u00fcffelbutter Spezialit\u00e4t. <strong>Gewicht<\/strong> 75 gr<\/p>\n<p class=\"cvGsUA direction-ltr align-justify para-style-body\"><span class=\"OYPEnA text-decoration-none text-strikethrough-none\"><strong>-Zutaten:<\/strong> Butter (MILCH) 93,5%, Wei\u00dfer Tr\u00fcffel 5% (Tuber borchii Vitt), Aromen, <\/span><span class=\"OYPEnA text-decoration-none text-strikethrough-none\">Wei\u00dfer Tr\u00fcffel 0,5% (Tuber magnatum Pico). <\/span><span class=\"OYPEnA text-decoration-none text-strikethrough-none\"><strong>Herkunft der Milch:<\/strong> ITALIEN. <\/span><strong>N\u00e4hrwertangaben pro 100 g: <\/strong>Energie Kj2980 \/ Kcal 725. Fett 80 g (davon ges\u00e4ttigte Fetts\u00e4uren 57,1 g). Kohlenhydrate 0,6 g (davon Zucker 0 g). Ballaststoffe 0 g. Eiwei\u00df 0,6 g. Salz 0,02 g.<\/p>\n","protected":false},"featured_media":23851,"template":"","meta":[],"product_brand":[],"product_cat":[15],"product_tag":[246],"class_list":{"0":"post-23668","1":"product","2":"type-product","3":"status-publish","4":"has-post-thumbnail","6":"product_cat-salumi-e-carni","7":"product_tag-alain-stratta-tartufi","9":"first","10":"instock","11":"taxable","12":"shipping-taxable","13":"purchasable","14":"product-type-simple"},"_links":{"self":[{"href":"https:\/\/italiansublimefood.com\/de\/wp-json\/wp\/v2\/product\/23668","targetHints":{"allow":["GET"]}}],"collection":[{"href":"https:\/\/italiansublimefood.com\/de\/wp-json\/wp\/v2\/product"}],"about":[{"href":"https:\/\/italiansublimefood.com\/de\/wp-json\/wp\/v2\/types\/product"}],"wp:featuredmedia":[{"embeddable":true,"href":"https:\/\/italiansublimefood.com\/de\/wp-json\/wp\/v2\/media\/23851"}],"wp:attachment":[{"href":"https:\/\/italiansublimefood.com\/de\/wp-json\/wp\/v2\/media?parent=23668"}],"wp:term":[{"taxonomy":"product_brand","embeddable":true,"href":"https:\/\/italiansublimefood.com\/de\/wp-json\/wp\/v2\/product_brand?post=23668"},{"taxonomy":"product_cat","embeddable":true,"href":"https:\/\/italiansublimefood.com\/de\/wp-json\/wp\/v2\/product_cat?post=23668"},{"taxonomy":"product_tag","embeddable":true,"href":"https:\/\/italiansublimefood.com\/de\/wp-json\/wp\/v2\/product_tag?post=23668"}],"curies":[{"name":"wp","href":"https:\/\/api.w.org\/{rel}","templated":true}]}}