{"id":23667,"date":"2024-09-04T15:52:43","date_gmt":"2024-09-04T13:52:43","guid":{"rendered":"https:\/\/italiansublimefood.com\/product\/cacio-e-pepe-frischkaese-mit-sommertrueffel-alain-stratta-tartufi\/"},"modified":"2025-05-05T10:03:22","modified_gmt":"2025-05-05T08:03:22","slug":"cacio-e-pepe-frischkaese-mit-sommertrueffel-alain-stratta-tartufi","status":"publish","type":"product","link":"https:\/\/italiansublimefood.com\/de\/produkt\/cacio-e-pepe-frischkaese-mit-sommertrueffel-alain-stratta-tartufi\/","title":{"rendered":"Cacio e pepe Frischk\u00e4se mit Sommertr\u00fcffel &#8211; Alain Stratta Tartufi"},"content":{"rendered":"","protected":false},"excerpt":{"rendered":"<p>-Rahmk\u00e4se und Pfeffer mit Sommertr\u00fcffel. <strong>Gewicht <\/strong> 80 gr. <span class=\"OYPEnA text-decoration-none text-strikethrough-none\"><strong>-Zutaten:<\/strong> Pecorino Rahm, Romano DOP 31,7% (Schafsmilch, Salz, <\/span><span class=\"OYPEnA text-decoration-none text-strikethrough-none\">Lammlab, Milchenzyme), VOLLMILCH, Sommertr\u00fcffel 2% (Tuber aestivum Vitt.), <\/span><span class=\"OYPEnA text-decoration-none text-strikethrough-none\">BURROW, Pfeffer 0,5%, Aroma, Maisst\u00e4rke. <\/span><span class=\"OYPEnA text-decoration-none text-strikethrough-none\"><strong>HERKUNFT DER MILCH:<\/strong> ITALIEN. <\/span><strong>N\u00e4hrwertangaben pro 100 g: <\/strong>Energie Kj1449 \/ Kcal 351. Fette 32 g (davon ges\u00e4ttigte Fetts\u00e4uren 22 g). Kohlenhydrate 2,9 g (davon Zucker 1,5 g). Ballaststoffe 1,5 g. Eiwei\u00df 12 g. Salz 1,6 g.<\/p>\n","protected":false},"featured_media":23840,"template":"","meta":[],"product_brand":[],"product_cat":[15],"product_tag":[246],"class_list":{"0":"post-23667","1":"product","2":"type-product","3":"status-publish","4":"has-post-thumbnail","6":"product_cat-salumi-e-carni","7":"product_tag-alain-stratta-tartufi","9":"first","10":"instock","11":"taxable","12":"shipping-taxable","13":"purchasable","14":"product-type-simple"},"_links":{"self":[{"href":"https:\/\/italiansublimefood.com\/de\/wp-json\/wp\/v2\/product\/23667","targetHints":{"allow":["GET"]}}],"collection":[{"href":"https:\/\/italiansublimefood.com\/de\/wp-json\/wp\/v2\/product"}],"about":[{"href":"https:\/\/italiansublimefood.com\/de\/wp-json\/wp\/v2\/types\/product"}],"wp:featuredmedia":[{"embeddable":true,"href":"https:\/\/italiansublimefood.com\/de\/wp-json\/wp\/v2\/media\/23840"}],"wp:attachment":[{"href":"https:\/\/italiansublimefood.com\/de\/wp-json\/wp\/v2\/media?parent=23667"}],"wp:term":[{"taxonomy":"product_brand","embeddable":true,"href":"https:\/\/italiansublimefood.com\/de\/wp-json\/wp\/v2\/product_brand?post=23667"},{"taxonomy":"product_cat","embeddable":true,"href":"https:\/\/italiansublimefood.com\/de\/wp-json\/wp\/v2\/product_cat?post=23667"},{"taxonomy":"product_tag","embeddable":true,"href":"https:\/\/italiansublimefood.com\/de\/wp-json\/wp\/v2\/product_tag?post=23667"}],"curies":[{"name":"wp","href":"https:\/\/api.w.org\/{rel}","templated":true}]}}