{"id":23664,"date":"2024-09-04T15:52:43","date_gmt":"2024-09-04T13:52:43","guid":{"rendered":"https:\/\/italiansublimefood.com\/product\/steinpilz-und-weisse-trueffelcreme-alain-stratta-tartufi\/"},"modified":"2025-05-05T10:03:22","modified_gmt":"2025-05-05T08:03:22","slug":"steinpilz-und-weisse-trueffelcreme-alain-stratta-tartufi","status":"publish","type":"product","link":"https:\/\/italiansublimefood.com\/de\/produkt\/steinpilz-und-weisse-trueffelcreme-alain-stratta-tartufi\/","title":{"rendered":"Steinpilz und wei\u00dfe Tr\u00fcffelcreme &#8211; Alain Stratta Tartufi"},"content":{"rendered":"","protected":false},"excerpt":{"rendered":"<p>-Creme von Steinpilzen und wei\u00dfem Tr\u00fcffel. <strong>Gewicht<\/strong> 80 gr.<\/p>\n<p class=\"cvGsUA direction-ltr align-justify para-style-body\"><span class=\"OYPEnA text-decoration-none text-strikethrough-none\"><strong>-Zutaten:<\/strong> Kultivierte Pilze (Agaricus bisporus), Sonnenblumen\u00f6l, <\/span><span class=\"OYPEnA text-decoration-none text-strikethrough-none\">feiner schwarzer Tr\u00fcffel 3% (Tuber melanosporum Vitt.) Steinpilze (Boletus edulis oder rei, Gruppe), <\/span><span class=\"OYPEnA text-decoration-none text-strikethrough-none\">Salz, Zucker, Pfeffer, Aromen. <\/span><strong>N\u00e4hrwertangaben pro 100 g:<\/strong> Energie Kj984 \/ Kcal 239. Fette 24 g (davon ges\u00e4ttigte Fetts\u00e4uren 3,9 g). Kohlenhydrate 1,3 g (davon Zucker 0,6 g). Ballaststoffe 3,2 g. Eiwei\u00df 2,4 g. Salz 0,44 g.<\/p>\n","protected":false},"featured_media":23834,"template":"","meta":[],"product_brand":[],"product_cat":[15],"product_tag":[246],"class_list":{"0":"post-23664","1":"product","2":"type-product","3":"status-publish","4":"has-post-thumbnail","6":"product_cat-salumi-e-carni","7":"product_tag-alain-stratta-tartufi","9":"first","10":"instock","11":"taxable","12":"shipping-taxable","13":"purchasable","14":"product-type-simple"},"_links":{"self":[{"href":"https:\/\/italiansublimefood.com\/de\/wp-json\/wp\/v2\/product\/23664","targetHints":{"allow":["GET"]}}],"collection":[{"href":"https:\/\/italiansublimefood.com\/de\/wp-json\/wp\/v2\/product"}],"about":[{"href":"https:\/\/italiansublimefood.com\/de\/wp-json\/wp\/v2\/types\/product"}],"wp:featuredmedia":[{"embeddable":true,"href":"https:\/\/italiansublimefood.com\/de\/wp-json\/wp\/v2\/media\/23834"}],"wp:attachment":[{"href":"https:\/\/italiansublimefood.com\/de\/wp-json\/wp\/v2\/media?parent=23664"}],"wp:term":[{"taxonomy":"product_brand","embeddable":true,"href":"https:\/\/italiansublimefood.com\/de\/wp-json\/wp\/v2\/product_brand?post=23664"},{"taxonomy":"product_cat","embeddable":true,"href":"https:\/\/italiansublimefood.com\/de\/wp-json\/wp\/v2\/product_cat?post=23664"},{"taxonomy":"product_tag","embeddable":true,"href":"https:\/\/italiansublimefood.com\/de\/wp-json\/wp\/v2\/product_tag?post=23664"}],"curies":[{"name":"wp","href":"https:\/\/api.w.org\/{rel}","templated":true}]}}