{"id":23663,"date":"2024-09-04T15:52:37","date_gmt":"2024-09-04T13:52:37","guid":{"rendered":"https:\/\/italiansublimefood.com\/product\/kaesecreme-und-sommerliche-trueffelspezialitaeten-alain-stratta-tartufi\/"},"modified":"2025-05-05T10:03:22","modified_gmt":"2025-05-05T08:03:22","slug":"kaesecreme-und-sommerliche-trueffelspezialitaeten-alain-stratta-tartufi","status":"publish","type":"product","link":"https:\/\/italiansublimefood.com\/de\/produkt\/kaesecreme-und-sommerliche-trueffelspezialitaeten-alain-stratta-tartufi\/","title":{"rendered":"K\u00e4secreme und sommerliche Tr\u00fcffelspezialit\u00e4ten &#8211; Alain Stratta Tartufi"},"content":{"rendered":"","protected":false},"excerpt":{"rendered":"<p>-Spezialit\u00e4t aus Frischk\u00e4se und Sommertr\u00fcffel 80 gr.<\/p>\n<p class=\"cvGsUA direction-ltr align-justify para-style-body\"><span class=\"OYPEnA text-decoration-none text-strikethrough-none\"><strong>-Zutaten<\/strong>: BROT, MILCH, s\u00fc\u00dfer GORGONZOLA PDO (MILCH, Salz, Lab) 12%, <\/span><span class=\"OYPEnA text-decoration-none text-strikethrough-none\">Maisst\u00e4rke, Sommertr\u00fcffel 3% (Tuber aestivum Vitt.<br \/>\n<\/span><br \/>\n)<span class=\"OYPEnA text-decoration-none text-strikethrough-none\">, Salz, Aromen,<\/span> URSPRUNG DER<span class=\"OYPEnA text-decoration-none text-strikethrough-none\"><span class=\"OYPEnA text-decoration-none text-strikethrough-none\">MILCH: ITALIEN<\/span> &#8211;<span class=\"OYPEnA text-decoration-none text-strikethrough-none\"><strong> Durchschnittliche N\u00e4hrwerte pro 100g: <\/strong>Energie Kj927\/Kcal 224, Fett 20g, davon ges\u00e4ttigte Fetts\u00e4uren 1,9g, Kohlenhydrate 6,1g, davon Zucker 3,5g, Ballaststoffe 0g, Eiwei\u00df 4,9g, Salz 1,2g.<\/span><\/span><\/p>\n","protected":false},"featured_media":23848,"template":"","meta":[],"product_brand":[],"product_cat":[15],"product_tag":[246],"class_list":{"0":"post-23663","1":"product","2":"type-product","3":"status-publish","4":"has-post-thumbnail","6":"product_cat-salumi-e-carni","7":"product_tag-alain-stratta-tartufi","9":"first","10":"instock","11":"taxable","12":"shipping-taxable","13":"purchasable","14":"product-type-simple"},"_links":{"self":[{"href":"https:\/\/italiansublimefood.com\/de\/wp-json\/wp\/v2\/product\/23663","targetHints":{"allow":["GET"]}}],"collection":[{"href":"https:\/\/italiansublimefood.com\/de\/wp-json\/wp\/v2\/product"}],"about":[{"href":"https:\/\/italiansublimefood.com\/de\/wp-json\/wp\/v2\/types\/product"}],"wp:featuredmedia":[{"embeddable":true,"href":"https:\/\/italiansublimefood.com\/de\/wp-json\/wp\/v2\/media\/23848"}],"wp:attachment":[{"href":"https:\/\/italiansublimefood.com\/de\/wp-json\/wp\/v2\/media?parent=23663"}],"wp:term":[{"taxonomy":"product_brand","embeddable":true,"href":"https:\/\/italiansublimefood.com\/de\/wp-json\/wp\/v2\/product_brand?post=23663"},{"taxonomy":"product_cat","embeddable":true,"href":"https:\/\/italiansublimefood.com\/de\/wp-json\/wp\/v2\/product_cat?post=23663"},{"taxonomy":"product_tag","embeddable":true,"href":"https:\/\/italiansublimefood.com\/de\/wp-json\/wp\/v2\/product_tag?post=23663"}],"curies":[{"name":"wp","href":"https:\/\/api.w.org\/{rel}","templated":true}]}}