{"id":23662,"date":"2024-09-16T12:03:18","date_gmt":"2024-09-16T10:03:18","guid":{"rendered":"https:\/\/italiansublimefood.com\/product\/sugo-pronto-con-tonno-basilico-e-cipolla-rossa-di-tropea-calabria-igp-340g-mancuso-1976\/"},"modified":"2025-05-05T10:03:22","modified_gmt":"2025-05-05T08:03:22","slug":"fertige-sauce-mit-thunfisch-basilikum-und-roter-zwiebel-aus-tropea-kalabrien-igp-340g-mancuso-1976","status":"publish","type":"product","link":"https:\/\/italiansublimefood.com\/de\/produkt\/fertige-sauce-mit-thunfisch-basilikum-und-roter-zwiebel-aus-tropea-kalabrien-igp-340g-mancuso-1976\/","title":{"rendered":"Fertige Sauce mit Thunfisch, Basilikum und roter Zwiebel aus Tropea, Kalabrien IGP 340g &#8211; Mancuso 1976"},"content":{"rendered":"","protected":false},"excerpt":{"rendered":"<div id=\"1243667655\" class=\"u_1243667655 dmRespRow\">\n<div id=\"1173148036\" class=\"dmRespColsWrapper\">\n<div id=\"1955006376\" class=\"dmRespCol small-12 medium-4 large-4\">\n<div id=\"1203129126\" class=\"dmNewParagraph u_1203129126\" data-element-type=\"paragraph\" data-version=\"5\" data-anim-desktop=\"none\">\n<p class=\"m-size-14 size-18 text-align-justify\"><span class=\"m-font-size-14 font-size-18\">-Sugo Pronto mit Thunfisch, Basilikum und kalabrischen roten Zwiebeln g.g.A. <\/span><span class=\"font-size-18 m-font-size-14\">Die fertige So\u00dfe<\/span> <span class=\"font-size-18 m-font-size-14\">mit Thunfisch, Basilikum und &#8216;Cipolla Rossa di Tropea Calabria I.G.P.&#8217;.<\/span><span class=\"font-size-18 m-font-size-14\">wird mit handgepfl\u00fcckten Tomaten zubereitet. <\/span> <span class=\"font-size-18 m-font-size-14\">Originell und schmackhaft, von leuchtend roter Farbe, zeichnet er sich durch sein angenehmes und delikates Aroma aus.<br \/>\nIdeal f\u00fcr alle Arten von Pasta f\u00fcr die k\u00f6stlichsten Gerichte; er bringt den echten Geschmack Kalabriens auf den Tisch. <\/span><span class=\"font-size-18 m-font-size-14\">100% italienische Tomaten. <\/span><span class=\"font-size-18 m-font-size-14\">100% handgepfl\u00fcckte Tomaten. <\/span>-Lebensmittelinformationen: Zutaten: Tomatenp\u00fcree 85,4%, &#8220;Cipolla Rossa di Tropea Calabria IGP 5%, Thunfisch 4,6%, natives Oliven\u00f6l extra, Salz, Basilikum 0,4%. S\u00e4ureregulator: Zitronens\u00e4ure. <span class=\"font-size-18 m-font-size-14\">Pasteurisiertes Produkt ohne Konservierungsstoffe. An einem k\u00fchlen, trockenen Ort aufbewahren. Nach dem \u00d6ffnen im K\u00fchlschrank aufbewahren und innerhalb von drei Tagen verbrauchen. <\/span><span class=\"font-size-18 m-font-size-14\">3 Tage. <\/span>Nettogewicht: 340g.<\/p>\n<\/div>\n<\/div>\n<\/div>\n<\/div>\n<div id=\"1071174593\" class=\"dmRespRow\">\n<div id=\"1113568931\" class=\"dmRespColsWrapper\">\n<div id=\"1864658572\" class=\"dmRespCol large-12 medium-12 small-12\">\n<div id=\"1287778623\" class=\"dmNewParagraph\" data-element-type=\"paragraph\" data-version=\"5\">\n<p class=\"size-18 m-size-14\"><span class=\"font-size-18 m-font-size-14\">-N\u00e4hrwertangaben, Durchschnittswerte pro 100 g Produkt: <\/span><span class=\"font-size-18 m-font-size-14\">Energiewert66 Kcal \/ 278 KJ. <\/span><span class=\"font-size-18 m-font-size-14\">Fett 4,6 g(<\/span><span class=\"font-size-18 m-font-size-14\">Davon ges\u00e4ttigt 0,7 g).<\/span><span class=\"font-size-18 m-font-size-14\">Kohlenhydrate 2,9 g(<\/span><span class=\"font-size-18 m-font-size-14\">Davon Zucker 2,9 g). <\/span><span class=\"font-size-18 m-font-size-14\">Ballaststoffe 2,6 g. <\/span><span class=\"font-size-18 m-font-size-14\">Eiwei\u00df 1,0. <\/span><span class=\"font-size-18 m-font-size-14\">Salz 1.0g.<\/span><\/p>\n<\/div>\n<\/div>\n<\/div>\n<\/div>\n","protected":false},"featured_media":23882,"template":"","meta":[],"product_brand":[],"product_cat":[15],"product_tag":[268],"class_list":{"0":"post-23662","1":"product","2":"type-product","3":"status-publish","4":"has-post-thumbnail","6":"product_cat-salumi-e-carni","7":"product_tag-mancuso-constantino","9":"first","10":"instock","11":"taxable","12":"shipping-taxable","13":"purchasable","14":"product-type-simple"},"_links":{"self":[{"href":"https:\/\/italiansublimefood.com\/de\/wp-json\/wp\/v2\/product\/23662","targetHints":{"allow":["GET"]}}],"collection":[{"href":"https:\/\/italiansublimefood.com\/de\/wp-json\/wp\/v2\/product"}],"about":[{"href":"https:\/\/italiansublimefood.com\/de\/wp-json\/wp\/v2\/types\/product"}],"wp:featuredmedia":[{"embeddable":true,"href":"https:\/\/italiansublimefood.com\/de\/wp-json\/wp\/v2\/media\/23882"}],"wp:attachment":[{"href":"https:\/\/italiansublimefood.com\/de\/wp-json\/wp\/v2\/media?parent=23662"}],"wp:term":[{"taxonomy":"product_brand","embeddable":true,"href":"https:\/\/italiansublimefood.com\/de\/wp-json\/wp\/v2\/product_brand?post=23662"},{"taxonomy":"product_cat","embeddable":true,"href":"https:\/\/italiansublimefood.com\/de\/wp-json\/wp\/v2\/product_cat?post=23662"},{"taxonomy":"product_tag","embeddable":true,"href":"https:\/\/italiansublimefood.com\/de\/wp-json\/wp\/v2\/product_tag?post=23662"}],"curies":[{"name":"wp","href":"https:\/\/api.w.org\/{rel}","templated":true}]}}