{"id":23658,"date":"2024-09-12T11:13:26","date_gmt":"2024-09-12T09:13:26","guid":{"rendered":"https:\/\/italiansublimefood.com\/product\/roter-thunfisch-300g-conserveria-tonnina\/"},"modified":"2025-05-05T10:03:21","modified_gmt":"2025-05-05T08:03:21","slug":"roter-thunfisch-300g-conserveria-tonnina","status":"publish","type":"product","link":"https:\/\/italiansublimefood.com\/de\/produkt\/roter-thunfisch-300g-conserveria-tonnina\/","title":{"rendered":"Roter Thunfisch 300g &#8211; Conserveria Tonnina"},"content":{"rendered":"","protected":false},"excerpt":{"rendered":"<p>-Roter Thunfisch in Oliven\u00f6l. 300g. <strong>-Zutaten<\/strong>: Roter Thunfisch (Thunnus thynnus)64%, Oliven\u00f6l, Salz<strong>-N\u00e4hrwertangaben: <\/strong>Energiewert 252Kcal. Energiewert 1050Kj. Fette 16,2g (davon ges\u00e4ttigte Fetts\u00e4uren 2,7g). Kohlenhydrate 0 g (davon Zucker 0 g). Ballaststoffe 0 g. Eiwei\u00df 26,5 g. Salz 1,2 g.<\/p>\n","protected":false},"featured_media":19883,"template":"","meta":[],"product_brand":[],"product_cat":[15],"product_tag":[258],"class_list":{"0":"post-23658","1":"product","2":"type-product","3":"status-publish","4":"has-post-thumbnail","6":"product_cat-salumi-e-carni","7":"product_tag-conserva-tonnina","9":"first","10":"instock","11":"taxable","12":"shipping-taxable","13":"purchasable","14":"product-type-simple"},"_links":{"self":[{"href":"https:\/\/italiansublimefood.com\/de\/wp-json\/wp\/v2\/product\/23658","targetHints":{"allow":["GET"]}}],"collection":[{"href":"https:\/\/italiansublimefood.com\/de\/wp-json\/wp\/v2\/product"}],"about":[{"href":"https:\/\/italiansublimefood.com\/de\/wp-json\/wp\/v2\/types\/product"}],"wp:featuredmedia":[{"embeddable":true,"href":"https:\/\/italiansublimefood.com\/de\/wp-json\/wp\/v2\/media\/19883"}],"wp:attachment":[{"href":"https:\/\/italiansublimefood.com\/de\/wp-json\/wp\/v2\/media?parent=23658"}],"wp:term":[{"taxonomy":"product_brand","embeddable":true,"href":"https:\/\/italiansublimefood.com\/de\/wp-json\/wp\/v2\/product_brand?post=23658"},{"taxonomy":"product_cat","embeddable":true,"href":"https:\/\/italiansublimefood.com\/de\/wp-json\/wp\/v2\/product_cat?post=23658"},{"taxonomy":"product_tag","embeddable":true,"href":"https:\/\/italiansublimefood.com\/de\/wp-json\/wp\/v2\/product_tag?post=23658"}],"curies":[{"name":"wp","href":"https:\/\/api.w.org\/{rel}","templated":true}]}}