{"id":23657,"date":"2024-09-05T15:54:14","date_gmt":"2024-09-05T13:54:14","guid":{"rendered":"https:\/\/italiansublimefood.com\/product\/coqu-food-hummus-der-indio-kichererbsenchurry-srl\/"},"modified":"2025-05-05T10:03:21","modified_gmt":"2025-05-05T08:03:21","slug":"coqu-food-hummus-der-indio-kichererbsenchurry-srl","status":"publish","type":"product","link":"https:\/\/italiansublimefood.com\/de\/produkt\/coqu-food-hummus-der-indio-kichererbsenchurry-srl\/","title":{"rendered":"Coqu Food Hummus &#8216;Der Indio&#8217; &#8211; Kichererbsenchurry &#8211; srl"},"content":{"rendered":"","protected":false},"excerpt":{"rendered":"<p>-Hummus &#8216;The Indio&#8217; cremiges Kichererbsencurry ist eine Explosion von Geschmack und Farbe, die nah\u00f6stliche Tradition mit einem Hauch von Innovation auf den Tisch bringt. Eine cremige und schmackhafte Kichererbsencreme, angereichert mit Curry f\u00fcr einen exotischen, w\u00fcrzigen Geschmack. Gewicht 0.250 g. Nettogewicht 190 gr. <strong>Ohne Konservierungsstoffe:<\/strong> Hummus &#8216;The Indio&#8217; ist ein gesundes und nat\u00fcrliches Produkt, frei von Konservierungsstoffen und k\u00fcnstlichen Farbstoffen. <strong>Geschmack:<\/strong> Eine erstaunliche Mischung aus dem klassischen Geschmack von Hummus und den w\u00fcrzigen Noten von Curry, f\u00fcr ein einzigartiges kulinarisches Erlebnis. <strong>Farbe:<\/strong> Ein intensives Gelb, voller Energie, das Hummus zu einem dekorativen Element f\u00fcr Ihre Gerichte macht.<strong> Verwendung:<\/strong> Perfekt zu H\u00fchnchen, rohem Gem\u00fcse, Fladenbrot oder Crackern, aber auch zur Bereicherung von Salaten, Sandwiches und Wraps.<strong> Aufbewahrung:<\/strong> An einem k\u00fchlen, trockenen Ort aufbewahren. Nach dem \u00d6ffnen im K\u00fchlschrank bei +4\u00b0C aufbewahren und innerhalb von ein paar Tagen verbrauchen. <strong>Tipps:<\/strong> F\u00fcr einen leckeren Aperitif servieren Sie Hummus mit in Stifte geschnittenem Rohkostgem\u00fcse oder mit Brotcroutons, geben Sie Hummus zu einem Quinoa- oder Venusreissalat f\u00fcr eine zus\u00e4tzliche Geschmacksnote, verwenden Sie Hummus als Basis f\u00fcr eine Guacamole-Sauce oder eine scharfe Sauce. -Durchschnittliche N\u00e4hrwerte pro 100 g des Produkts: Energie: 220,63 Kcal \/ 923,57 kj. Fette: 17,28 g, davon ges\u00e4ttigte Fetts\u00e4uren: 2,00 g. Kohlenhydrate: 10,59 g, davon Zucker: 0,84 g. Ballaststoffe: 0,84 g. Eiwei\u00df: 29 g. Salz: 1,75 g.-Zutaten:<br \/>\nKichererbsen 66,7%, Sonnenblumen\u00f6l, Zitronensaft, Tahina (Sesamsamen*), Salz, Curry 1%. *Allergene<\/p>\n","protected":false},"featured_media":18392,"template":"","meta":[],"product_brand":[],"product_cat":[15],"product_tag":[259],"class_list":{"0":"post-23657","1":"product","2":"type-product","3":"status-publish","4":"has-post-thumbnail","6":"product_cat-salumi-e-carni","7":"product_tag-coqu-food","9":"first","10":"instock","11":"taxable","12":"shipping-taxable","13":"purchasable","14":"product-type-simple"},"_links":{"self":[{"href":"https:\/\/italiansublimefood.com\/de\/wp-json\/wp\/v2\/product\/23657","targetHints":{"allow":["GET"]}}],"collection":[{"href":"https:\/\/italiansublimefood.com\/de\/wp-json\/wp\/v2\/product"}],"about":[{"href":"https:\/\/italiansublimefood.com\/de\/wp-json\/wp\/v2\/types\/product"}],"wp:featuredmedia":[{"embeddable":true,"href":"https:\/\/italiansublimefood.com\/de\/wp-json\/wp\/v2\/media\/18392"}],"wp:attachment":[{"href":"https:\/\/italiansublimefood.com\/de\/wp-json\/wp\/v2\/media?parent=23657"}],"wp:term":[{"taxonomy":"product_brand","embeddable":true,"href":"https:\/\/italiansublimefood.com\/de\/wp-json\/wp\/v2\/product_brand?post=23657"},{"taxonomy":"product_cat","embeddable":true,"href":"https:\/\/italiansublimefood.com\/de\/wp-json\/wp\/v2\/product_cat?post=23657"},{"taxonomy":"product_tag","embeddable":true,"href":"https:\/\/italiansublimefood.com\/de\/wp-json\/wp\/v2\/product_tag?post=23657"}],"curies":[{"name":"wp","href":"https:\/\/api.w.org\/{rel}","templated":true}]}}