{"id":23655,"date":"2024-09-05T15:52:18","date_gmt":"2024-09-05T13:52:18","guid":{"rendered":"https:\/\/italiansublimefood.com\/product\/coqu-food-il-sole-zitronenpesto-srl\/"},"modified":"2025-05-05T10:03:21","modified_gmt":"2025-05-05T08:03:21","slug":"coqu-food-il-sole-zitronenpesto-srl","status":"publish","type":"product","link":"https:\/\/italiansublimefood.com\/de\/produkt\/coqu-food-il-sole-zitronenpesto-srl\/","title":{"rendered":"Coqu Food &#8220;Il Sole&#8221; &#8211; Zitronenpesto &#8211; srl"},"content":{"rendered":"","protected":false},"excerpt":{"rendered":"<p>-Unser Zitronenpesto ist eine Explosion von Frische und Geschmack. Hergestellt aus Zitronen der Saison und ausgew\u00e4hlten Zutaten, ist es perfekt, um Ihren Gerichten eine mediterrane Note zu verleihen. <strong>Nettogewicht: <\/strong>180g. <strong>Gewicht: <\/strong>0.240kg. <strong>-ohne Konservierungsstoffe: <\/strong><span class=\"TextRun SCXW20171009 BCX8\" lang=\"IT-IT\" data-contrast=\"auto\"><span class=\"NormalTextRun SCXW20171009 BCX8\">Das Pesto &#8216;Il Sole&#8217; ist ein gesundes und nat\u00fcrliches Produkt, frei von Konservierungsstoffen und k\u00fcnstlichen Farbstoffen.<\/span><\/span> <strong>Geschmack: <\/strong>Zitrusnoten und ein Hauch von Mandeln und Cashewn\u00fcssen bringen Frische und ein sommerliches Gef\u00fchl in jedes Gericht. <strong>Farbe: <\/strong>Sein zartes Gelb macht es unaufdringlich in jedem Gericht und sorgt f\u00fcr einen unglaublichen Aha-Effekt, wenn Sie es probieren. <strong>Verwendung: <\/strong>Ideal zum W\u00fcrzen von Pasta, Fisch oder Gem\u00fcse, aber auch perfekt auf Bruschetta und Crostini. <strong>Aufbewahrung: <\/strong>An einem k\u00fchlen, trockenen Ort aufbewahren. Nach dem \u00d6ffnen im K\u00fchlschrank bei +4\u00b0C aufbewahren und innerhalb von ein paar Tagen verbrauchen. <strong>Vorschl\u00e4ge: <\/strong>Probieren Sie ihn auf Vollkornnudeln oder zum Verfeinern von Salaten und Vorspeisen. Ein einzigartiges mediterranes Geschmackserlebnis.<\/p>\n<div id=\"pg-481-1\" class=\"panel-grid panel-no-style\">\n<div id=\"pgc-481-1-0\" class=\"panel-grid-cell\">\n<div id=\"panel-481-1-0-0\" class=\"so-panel widget widget_sow-icon panel-first-child\" data-index=\"15\">\n<div class=\"panel-widget-style panel-widget-style-for-481-1-0-0\">\n<div class=\"so-widget-sow-icon so-widget-sow-icon-default-693efcaef871-481\">\n<div class=\"sow-icon-container sow-icon\"><strong>-Zutaten: <\/strong>Zitrone (38%), Sonnenblumen\u00f6l, <strong><em>Mandeln<\/em><\/strong>, Zitrone, <em><strong>Cashews<\/strong><\/em>, Hefe (Saccharomyces cervisiae), Salz, Knoblauch, Zwiebel.<br \/>\n<em><strong>*Allergene<br \/>\n<\/strong><\/em><strong> -durchschnittliche <\/strong><strong> N\u00e4hrwerte<\/strong><strong> pro 100 g Produkt: <\/strong>Energie: 462,41 Kcal\/1935,64 kj, Fett: 46,33 g, davon ges\u00e4ttigte Fetts\u00e4uren: 5,41 g, Kohlenhydrate: 8,53 g, davon Zucker: 1,98 g, Ballaststoffe: 3,28 g, Eiwei\u00df: 4,37 g, Salz: 0,99 g.<\/div>\n<\/div>\n<\/div>\n<\/div>\n<\/div>\n<\/div>\n","protected":false},"featured_media":18405,"template":"","meta":[],"product_brand":[],"product_cat":[15],"product_tag":[259],"class_list":{"0":"post-23655","1":"product","2":"type-product","3":"status-publish","4":"has-post-thumbnail","6":"product_cat-salumi-e-carni","7":"product_tag-coqu-food","9":"first","10":"instock","11":"taxable","12":"shipping-taxable","13":"purchasable","14":"product-type-simple"},"_links":{"self":[{"href":"https:\/\/italiansublimefood.com\/de\/wp-json\/wp\/v2\/product\/23655","targetHints":{"allow":["GET"]}}],"collection":[{"href":"https:\/\/italiansublimefood.com\/de\/wp-json\/wp\/v2\/product"}],"about":[{"href":"https:\/\/italiansublimefood.com\/de\/wp-json\/wp\/v2\/types\/product"}],"wp:featuredmedia":[{"embeddable":true,"href":"https:\/\/italiansublimefood.com\/de\/wp-json\/wp\/v2\/media\/18405"}],"wp:attachment":[{"href":"https:\/\/italiansublimefood.com\/de\/wp-json\/wp\/v2\/media?parent=23655"}],"wp:term":[{"taxonomy":"product_brand","embeddable":true,"href":"https:\/\/italiansublimefood.com\/de\/wp-json\/wp\/v2\/product_brand?post=23655"},{"taxonomy":"product_cat","embeddable":true,"href":"https:\/\/italiansublimefood.com\/de\/wp-json\/wp\/v2\/product_cat?post=23655"},{"taxonomy":"product_tag","embeddable":true,"href":"https:\/\/italiansublimefood.com\/de\/wp-json\/wp\/v2\/product_tag?post=23655"}],"curies":[{"name":"wp","href":"https:\/\/api.w.org\/{rel}","templated":true}]}}