{"id":23648,"date":"2024-09-12T11:13:36","date_gmt":"2024-09-12T09:13:36","guid":{"rendered":"https:\/\/italiansublimefood.com\/product\/thunfisch-rogen-conserveria-tonnina\/"},"modified":"2025-05-05T10:03:21","modified_gmt":"2025-05-05T08:03:21","slug":"thunfisch-rogen-conserveria-tonnina","status":"publish","type":"product","link":"https:\/\/italiansublimefood.com\/de\/produkt\/thunfisch-rogen-conserveria-tonnina\/","title":{"rendered":"Thunfisch-Rogen &#8211; Conserveria Tonnina"},"content":{"rendered":"","protected":false},"excerpt":{"rendered":"<p>-Bottarga Tonnina ist ein schmackhaftes Produkt mit kr\u00e4ftigem Geschmack, das sich hervorragend als W\u00fcrze f\u00fcr al dente gekochte Spaghetti eignet. Zutaten:<br \/>\nT<b>hunfischrogen<\/b> 99%, (Euthynnus Alletteratus &#8211; FAO Zone 37.2.2 &#8211; gefischt mit Ringwaden und Ernte), Salz.<strong>-N\u00e4hrwertangaben: <\/strong>Energiewert 245Kcal, Energiewert 1026Kj, Gesamtfett 6,8g davon ges\u00e4ttigte Fetts\u00e4uren 10,2g, Kohlenhydrate 0,6g, Gesamtzucker 0g, Ballaststoffe 240g, Protein 36,4g, Salz 16,5g.<\/p>\n<p>&nbsp;<\/p>\n<p>&nbsp;<\/p>\n","protected":false},"featured_media":23779,"template":"","meta":[],"product_brand":[],"product_cat":[15],"product_tag":[258],"class_list":{"0":"post-23648","1":"product","2":"type-product","3":"status-publish","4":"has-post-thumbnail","6":"product_cat-salumi-e-carni","7":"product_tag-conserva-tonnina","9":"first","10":"instock","11":"taxable","12":"shipping-taxable","13":"purchasable","14":"product-type-simple"},"_links":{"self":[{"href":"https:\/\/italiansublimefood.com\/de\/wp-json\/wp\/v2\/product\/23648","targetHints":{"allow":["GET"]}}],"collection":[{"href":"https:\/\/italiansublimefood.com\/de\/wp-json\/wp\/v2\/product"}],"about":[{"href":"https:\/\/italiansublimefood.com\/de\/wp-json\/wp\/v2\/types\/product"}],"wp:featuredmedia":[{"embeddable":true,"href":"https:\/\/italiansublimefood.com\/de\/wp-json\/wp\/v2\/media\/23779"}],"wp:attachment":[{"href":"https:\/\/italiansublimefood.com\/de\/wp-json\/wp\/v2\/media?parent=23648"}],"wp:term":[{"taxonomy":"product_brand","embeddable":true,"href":"https:\/\/italiansublimefood.com\/de\/wp-json\/wp\/v2\/product_brand?post=23648"},{"taxonomy":"product_cat","embeddable":true,"href":"https:\/\/italiansublimefood.com\/de\/wp-json\/wp\/v2\/product_cat?post=23648"},{"taxonomy":"product_tag","embeddable":true,"href":"https:\/\/italiansublimefood.com\/de\/wp-json\/wp\/v2\/product_tag?post=23648"}],"curies":[{"name":"wp","href":"https:\/\/api.w.org\/{rel}","templated":true}]}}