{"id":23643,"date":"2024-09-16T12:03:18","date_gmt":"2024-09-16T10:03:18","guid":{"rendered":"https:\/\/italiansublimefood.com\/product\/sugo-pronto-mit-nduja-di-spilinga-und-roten-zwiebeln-igp-tropea-340g-mancuso-1976\/"},"modified":"2025-05-05T10:03:21","modified_gmt":"2025-05-05T08:03:21","slug":"fertige-sauce-mit-nduja-aus-spilinga-und-roter-zwiebel-aus-tropea-igp-340g-mancuso-1976","status":"publish","type":"product","link":"https:\/\/italiansublimefood.com\/de\/produkt\/fertige-sauce-mit-nduja-aus-spilinga-und-roter-zwiebel-aus-tropea-igp-340g-mancuso-1976\/","title":{"rendered":"Fertige Sauce mit &#8216;Nduja aus Spilinga und roter Zwiebel aus Tropea IGP 340g &#8211; Mancuso 1976"},"content":{"rendered":"","protected":false},"excerpt":{"rendered":"<div id=\"1243667655\" class=\"u_1243667655 dmRespRow\">\n<div id=\"1173148036\" class=\"dmRespColsWrapper\">\n<div id=\"1620106714\" class=\"dmRespCol small-12 u_1620106714 large-4 medium-4\">\n<div id=\"1894677057\" class=\"dmNewParagraph\" data-element-type=\"paragraph\" data-version=\"5\">\n<p class=\"m-size-14 size-18 text-align-justify\"><span class=\"m-font-size-14 font-size-18\">-Sugo Pronto mit &#8216;Nduja di Spilinga und IGP Tropea Rote Zwiebel I <\/span><span class=\"m-font-size-14 font-size-18\">l<\/span> <span class=\"m-font-size-14 font-size-18\">Fertigsauce mit &#8216;Nduja di Spilinga und &#8216;Cipolla Rossa di Tropea Calabria I.G.P.<\/span><span class=\"m-font-size-14 font-size-18\">wird mit handgepfl\u00fcckten Tomaten und frischem Gem\u00fcse zubereitet. Urspr\u00fcnglich und schmackhaft, mit einer leuchtend roten Farbe, zeichnet er sich durch ein angenehmes, kr\u00e4ftiges Aroma aus. Ideal f\u00fcr alle Arten von Pasta und die leckersten Gerichte; er bringt den echten Geschmack Kalabriens auf den Tisch. <\/span><span class=\"m-font-size-14 font-size-18\">100% italienische Tomaten. <\/span><span class=\"m-font-size-14 font-size-18\">100% handgepfl\u00fcckte Tomaten. <\/span><\/p>\n<p class=\"m-size-14 size-18 text-align-justify\">&#8211;<span class=\"m-font-size-14 font-size-18\">Lebensmittelinformationen: <\/span>Zutaten: Tomatenp\u00fcree 82,2%, &#8216;Nduja di Spilinga 9%, &#8220;Cipolla Rossa di Tropea Calabria IGP&#8221; 4%, natives Oliven\u00f6l extra, Salz. S\u00e4ureregulator: Zitronens\u00e4ure. Pasteurisiertes Produkt ohne Konservierungsstoffe. An einem k\u00fchlen, trockenen Ort aufbewahren. Nach dem \u00d6ffnen im K\u00fchlschrank aufbewahren und innerhalb von 3 Tagen verbrauchen. Nettogewicht: 340g. -N\u00e4hrwertangaben, Durchschnittswerte pro 100g des Produkts: Energiewert 125 Kcal \/ 524 KJ. Fette 11,3 g (davon ges\u00e4ttigt 2,1 g). Kohlenhydrate 2,9 g (davon Zucker 2,7 g). Ballaststoffe 1,4 g. Eiwei\u00df 2,3 g. Salz 0,73 g.<\/p>\n<\/div>\n<\/div>\n<\/div>\n<\/div>\n","protected":false},"featured_media":23740,"template":"","meta":[],"product_brand":[],"product_cat":[15],"product_tag":[268],"class_list":{"0":"post-23643","1":"product","2":"type-product","3":"status-publish","4":"has-post-thumbnail","6":"product_cat-salumi-e-carni","7":"product_tag-mancuso-constantino","9":"first","10":"instock","11":"taxable","12":"shipping-taxable","13":"purchasable","14":"product-type-simple"},"_links":{"self":[{"href":"https:\/\/italiansublimefood.com\/de\/wp-json\/wp\/v2\/product\/23643","targetHints":{"allow":["GET"]}}],"collection":[{"href":"https:\/\/italiansublimefood.com\/de\/wp-json\/wp\/v2\/product"}],"about":[{"href":"https:\/\/italiansublimefood.com\/de\/wp-json\/wp\/v2\/types\/product"}],"wp:featuredmedia":[{"embeddable":true,"href":"https:\/\/italiansublimefood.com\/de\/wp-json\/wp\/v2\/media\/23740"}],"wp:attachment":[{"href":"https:\/\/italiansublimefood.com\/de\/wp-json\/wp\/v2\/media?parent=23643"}],"wp:term":[{"taxonomy":"product_brand","embeddable":true,"href":"https:\/\/italiansublimefood.com\/de\/wp-json\/wp\/v2\/product_brand?post=23643"},{"taxonomy":"product_cat","embeddable":true,"href":"https:\/\/italiansublimefood.com\/de\/wp-json\/wp\/v2\/product_cat?post=23643"},{"taxonomy":"product_tag","embeddable":true,"href":"https:\/\/italiansublimefood.com\/de\/wp-json\/wp\/v2\/product_tag?post=23643"}],"curies":[{"name":"wp","href":"https:\/\/api.w.org\/{rel}","templated":true}]}}