{"id":23639,"date":"2024-09-16T12:03:18","date_gmt":"2024-09-16T10:03:18","guid":{"rendered":"https:\/\/italiansublimefood.com\/product\/sugo-pronto-con-basilico-e-cipolla-rossa-di-tropea-calabria-igp-340g-mancuso-1976\/"},"modified":"2025-05-05T10:03:20","modified_gmt":"2025-05-05T08:03:20","slug":"fertige-sauce-mit-basilikum-und-roter-zwiebel-aus-tropea-kalabrien-igp-340g-mancuso-1976","status":"publish","type":"product","link":"https:\/\/italiansublimefood.com\/de\/produkt\/fertige-sauce-mit-basilikum-und-roter-zwiebel-aus-tropea-kalabrien-igp-340g-mancuso-1976\/","title":{"rendered":"Fertige Sauce mit Basilikum und roter Zwiebel aus Tropea, Kalabrien IGP 340g &#8211; Mancuso 1976"},"content":{"rendered":"","protected":false},"excerpt":{"rendered":"<p class=\"m-size-14 size-18 text-align-justify\"><span class=\"font-size-18 m-font-size-14\">-Die fertige Sauce<\/span> <span class=\"font-size-18 m-font-size-14\">mit Basilikum und &#8216;Cipolla Rossa di Tropea Calabria I.G.P.&#8217;.<\/span><span class=\"font-size-18 m-font-size-14\">wird mit handgepfl\u00fcckten Tomaten zubereitet. <\/span> <span class=\"font-size-18 m-font-size-14\">Originell und schmackhaft, von leuchtend roter Farbe, zeichnet er sich durch sein angenehmes und delikates Aroma aus.<br \/>\nIdeal f\u00fcr alle Arten von Pasta f\u00fcr die k\u00f6stlichsten Gerichte; er bringt den echten Geschmack Kalabriens auf den Tisch. <\/span><\/p>\n<ul class=\"defaultList bullet\">\n<li class=\"m-size-14 size-18\"><span class=\"font-size-18 m-font-size-14\">100% italienische Tomate<\/span><\/li>\n<li class=\"m-size-14 size-18\"><span class=\"font-size-18 m-font-size-14\">100% P<\/span><span class=\"font-size-18 m-font-size-14\">handgepfl\u00fcckte Tomaten<br \/>\n<\/span><\/li>\n<\/ul>\n<p><strong>-Zutaten: <\/strong><span class=\"font-size-18 m-font-size-14\">Tomatenp\u00fcree 85,4%, &#8220;Cipolla Rossa di Tropea Calabria IGP 5%, Thunfisch 4,6%, natives Oliven\u00f6l extra, Salz, Basilikum 0,4%. S\u00e4ureregulator: Zitronens\u00e4ure. <\/span><span class=\"font-size-18 m-font-size-14\">Pasteurisiertes Produkt ohne Konservierungsstoffe. An einem k\u00fchlen, trockenen Ort aufbewahren. Nach dem \u00d6ffnen im K\u00fchlschrank aufbewahren und innerhalb von 3 Tagen verbrauchen. <\/span><span class=\"font-size-18 m-font-size-14\"><br \/>\nNettogewicht: 340 g.<strong>&#8211; <\/strong><strong> N\u00e4hrwertangaben <\/strong>(Durchschnittswerte pro 100 g Produkt) <\/span><span class=\"font-size-18 m-font-size-14\">Energiewert 66 Kcal\/278 KJ, <\/span><span class=\"font-size-18 m-font-size-14\">Fett 4,6g d<\/span><span class=\"font-size-18 m-font-size-14\">davon ges\u00e4ttigt 0,7g, <\/span><span class=\"font-size-18 m-font-size-14\">Kohlenhydrate 2,9g d<\/span><span class=\"font-size-18 m-font-size-14\">davon Zucker 2,9g, <\/span><span class=\"font-size-18 m-font-size-14\">Ballaststoffe 2,6 g, <\/span><span class=\"font-size-18 m-font-size-14\">Eiwei\u00df 1,0 g, <\/span><span class=\"font-size-18 m-font-size-14\">Salz <\/span><span class=\"font-size-18 m-font-size-14\">1.0g. <\/span><\/p>\n<p>&nbsp;<\/p>\n","protected":false},"featured_media":23737,"template":"","meta":[],"product_brand":[],"product_cat":[15],"product_tag":[268],"class_list":{"0":"post-23639","1":"product","2":"type-product","3":"status-publish","4":"has-post-thumbnail","6":"product_cat-salumi-e-carni","7":"product_tag-mancuso-constantino","9":"first","10":"instock","11":"taxable","12":"shipping-taxable","13":"purchasable","14":"product-type-simple"},"_links":{"self":[{"href":"https:\/\/italiansublimefood.com\/de\/wp-json\/wp\/v2\/product\/23639","targetHints":{"allow":["GET"]}}],"collection":[{"href":"https:\/\/italiansublimefood.com\/de\/wp-json\/wp\/v2\/product"}],"about":[{"href":"https:\/\/italiansublimefood.com\/de\/wp-json\/wp\/v2\/types\/product"}],"wp:featuredmedia":[{"embeddable":true,"href":"https:\/\/italiansublimefood.com\/de\/wp-json\/wp\/v2\/media\/23737"}],"wp:attachment":[{"href":"https:\/\/italiansublimefood.com\/de\/wp-json\/wp\/v2\/media?parent=23639"}],"wp:term":[{"taxonomy":"product_brand","embeddable":true,"href":"https:\/\/italiansublimefood.com\/de\/wp-json\/wp\/v2\/product_brand?post=23639"},{"taxonomy":"product_cat","embeddable":true,"href":"https:\/\/italiansublimefood.com\/de\/wp-json\/wp\/v2\/product_cat?post=23639"},{"taxonomy":"product_tag","embeddable":true,"href":"https:\/\/italiansublimefood.com\/de\/wp-json\/wp\/v2\/product_tag?post=23639"}],"curies":[{"name":"wp","href":"https:\/\/api.w.org\/{rel}","templated":true}]}}