{"id":23568,"date":"2024-09-18T00:30:38","date_gmt":"2024-09-17T22:30:38","guid":{"rendered":"https:\/\/italiansublimefood.com\/product\/sardellenfilets-in-nativem-olivenoel-extra-aus-kantabrien-220-gramm-tonnomaremio\/"},"modified":"2025-05-05T10:03:20","modified_gmt":"2025-05-05T08:03:20","slug":"sardellenfilets-in-nativem-olivenoel-extra-aus-kantabrien-220-gramm-tonnomaremio","status":"publish","type":"product","link":"https:\/\/italiansublimefood.com\/de\/produkt\/sardellenfilets-in-nativem-olivenoel-extra-aus-kantabrien-220-gramm-tonnomaremio\/","title":{"rendered":"Sardellenfilets in Nativem Oliven\u00f6l Extra aus Kantabrien 220 Gramm &#8211; TONNOMAREMIO"},"content":{"rendered":"","protected":false},"excerpt":{"rendered":"<p>-Kantabrische Sardellenfilets sind ein typisches Produkt der sizilianischen Gastronomie. Sie werden im Kantabrischen Meer gefischt und in nativem Oliven\u00f6l extra pr\u00e4sentiert. -Kantabrische Sardellenfilets &#8211; wie man sie verwendet. Das Fleisch dieser Sardellenart ist besonders schmackhaft, s\u00fc\u00df und f\u00fcr den Verzehr in seinem nat\u00fcrlichen Zustand geeignet. Au\u00dferdem sind sie ein Lebensmittel, das reich an Omega 3 und Vitaminen ist.<br \/>\n-ZUS\u00c4TZLICHE INFORMATIONEN: Kantabrische Sardellenfilets 220g -ZUTATEN: Gesalzene Sardellenfilets (55%) (Engraulis encrasicolus), natives Oliven\u00f6l extra (45%), Salz. -ALLERGIEN: Fisch (Sardellen). -AUFBEWAHRUNG: Glasgef\u00e4\u00dfe. &#8211; ORGANOLEPTISCHE EIGENSCHAFTEN: Typisches Aussehen, einheitliche rosa\/rote Farbe, typisches Aroma von reifen Sardellen, ausgepr\u00e4gter Geschmack. &lt;-LAGERUNGSVERFAHREN: Bei einer Temperatur von 12\u00b0C lagern. Nach dem \u00d6ffnen im K\u00fchlschrank aufbewahren. &lt; &lt;ERN\u00c4HRUNGSWERT (Durchschnittswerte pro 100g Produkt): ENERGIE KJ\/Kcal: 998\/238, FETTE: 15,0g, davon ges\u00e4ttigte Fetts\u00e4uren: 1,9g, KARBONS\u00c4UREN: 0,1g, davon Zucker: 0,5g, EIWEISS: 25,0g, SALZ: 6,0g, BASERSTOFFE: 0,0g. -chemische\/physikalische Eigenschaften (Durchschnittswerte pro 100g des Produkts): &lt; &lt; &lt;HISTAMIN: 50ppm, pH: 5.5, NaCI: 17\/18%, Aw: 0.75.<\/p>\n","protected":false},"featured_media":22769,"template":"","meta":[],"product_brand":[],"product_cat":[15],"product_tag":[],"class_list":{"0":"post-23568","1":"product","2":"type-product","3":"status-publish","4":"has-post-thumbnail","6":"product_cat-salumi-e-carni","8":"first","9":"outofstock","10":"taxable","11":"shipping-taxable","12":"purchasable","13":"product-type-simple"},"_links":{"self":[{"href":"https:\/\/italiansublimefood.com\/de\/wp-json\/wp\/v2\/product\/23568","targetHints":{"allow":["GET"]}}],"collection":[{"href":"https:\/\/italiansublimefood.com\/de\/wp-json\/wp\/v2\/product"}],"about":[{"href":"https:\/\/italiansublimefood.com\/de\/wp-json\/wp\/v2\/types\/product"}],"wp:featuredmedia":[{"embeddable":true,"href":"https:\/\/italiansublimefood.com\/de\/wp-json\/wp\/v2\/media\/22769"}],"wp:attachment":[{"href":"https:\/\/italiansublimefood.com\/de\/wp-json\/wp\/v2\/media?parent=23568"}],"wp:term":[{"taxonomy":"product_brand","embeddable":true,"href":"https:\/\/italiansublimefood.com\/de\/wp-json\/wp\/v2\/product_brand?post=23568"},{"taxonomy":"product_cat","embeddable":true,"href":"https:\/\/italiansublimefood.com\/de\/wp-json\/wp\/v2\/product_cat?post=23568"},{"taxonomy":"product_tag","embeddable":true,"href":"https:\/\/italiansublimefood.com\/de\/wp-json\/wp\/v2\/product_tag?post=23568"}],"curies":[{"name":"wp","href":"https:\/\/api.w.org\/{rel}","templated":true}]}}