{"id":23567,"date":"2024-09-18T00:40:32","date_gmt":"2024-09-17T22:40:32","guid":{"rendered":"https:\/\/italiansublimefood.com\/product\/mediterraner-thunfisch-buzzonaglia-in-olivenoel-190gr-tonnomaremio\/"},"modified":"2025-05-05T10:03:14","modified_gmt":"2025-05-05T08:03:14","slug":"bauchfleisch-des-mittelmeertunfischs-in-olivenoel-190gr-tonnomaremio","status":"publish","type":"product","link":"https:\/\/italiansublimefood.com\/de\/produkt\/bauchfleisch-des-mittelmeertunfischs-in-olivenoel-190gr-tonnomaremio\/","title":{"rendered":"Bauchfleisch des Mittelmeertunfischs in Oliven\u00f6l 190gr &#8211; TONNOMAREMIO"},"content":{"rendered":"","protected":false},"excerpt":{"rendered":"<p>-Produkt in der Dose. -Buzzonaglia besteht aus dem Teil des Thunfischfilets, der mit der zentralen Gr\u00e4te in Ber\u00fchrung kommt. Es ist dunkel gef\u00e4rbt und hat einen kr\u00e4ftigen Geschmack. -Buzzonaglia besteht aus den Teilen des Filets, die der zentralen Fischgr\u00e4te am n\u00e4chsten liegen und daher st\u00e4rker mit Blut bespritzt sind, weshalb die Thunfischst\u00fccke dunkler sind und einen starken und intensiven Geschmack haben. Thunfisch-Buzzonaglia eignet sich hervorragend f\u00fcr schmackhafte erste G\u00e4nge oder k\u00f6stliche Vorspeisen aus Meeresfr\u00fcchten. -Probieren Sie die Kombination mit Kapern, Oliven und Kirschtomaten. -ZUS\u00c4TZLICHE INFORMATIONEN: Mediterraner Thunfisch Buzzonaglia in Oliven\u00f6l von Hand verarbeitet. -ZUTATEN: TUNA (Euthynnus alletteratus-FISCH), Oliven\u00f6l, Meersalz. -ALLERGIEN: Fisch (Thunfisch). -VERPACKUNG: Leicht zu entleerendes Glasgef\u00e4\u00df, Drehkapsel mit Klappverschluss. &#8211; ORGANOLEPTISCHE EIGENSCHAFTEN: Aussehen: Thunfischst\u00fcckchen. Farbe: dunkel- und hellbraun. Geruch: Typischer, intensiver Fischgeschmack. Geschmack: Typischer, intensiver Fischgeschmack. -LAGERUNG: An einem k\u00fchlen, trockenen Ort aufbewahren. Nach dem \u00d6ffnen mit \u00d6l bedeckt im K\u00fchlschrank aufbewahren und innerhalb von 2 Tagen verbrauchen. -ERN\u00c4HRUNGSWERTE (Durchschnittswerte pro 100g Produkt): -ENERGIE KJ\/Kcal: 1215\/291. -FETTE: 17,3 g (davon ges\u00e4ttigte Fetts\u00e4uren: 1,14 g). -KARBOHYDRATE: 0,0g (davon Zucker: 0,0g). -PROTEINE: 33 g. -SALZ: 2,13g.<\/p>\n","protected":false},"featured_media":22717,"template":"","meta":[],"product_brand":[],"product_cat":[15],"product_tag":[],"class_list":{"0":"post-23567","1":"product","2":"type-product","3":"status-publish","4":"has-post-thumbnail","6":"product_cat-salumi-e-carni","8":"first","9":"outofstock","10":"taxable","11":"shipping-taxable","12":"purchasable","13":"product-type-simple"},"_links":{"self":[{"href":"https:\/\/italiansublimefood.com\/de\/wp-json\/wp\/v2\/product\/23567","targetHints":{"allow":["GET"]}}],"collection":[{"href":"https:\/\/italiansublimefood.com\/de\/wp-json\/wp\/v2\/product"}],"about":[{"href":"https:\/\/italiansublimefood.com\/de\/wp-json\/wp\/v2\/types\/product"}],"wp:featuredmedia":[{"embeddable":true,"href":"https:\/\/italiansublimefood.com\/de\/wp-json\/wp\/v2\/media\/22717"}],"wp:attachment":[{"href":"https:\/\/italiansublimefood.com\/de\/wp-json\/wp\/v2\/media?parent=23567"}],"wp:term":[{"taxonomy":"product_brand","embeddable":true,"href":"https:\/\/italiansublimefood.com\/de\/wp-json\/wp\/v2\/product_brand?post=23567"},{"taxonomy":"product_cat","embeddable":true,"href":"https:\/\/italiansublimefood.com\/de\/wp-json\/wp\/v2\/product_cat?post=23567"},{"taxonomy":"product_tag","embeddable":true,"href":"https:\/\/italiansublimefood.com\/de\/wp-json\/wp\/v2\/product_tag?post=23567"}],"curies":[{"name":"wp","href":"https:\/\/api.w.org\/{rel}","templated":true}]}}