{"id":23562,"date":"2024-09-18T00:40:32","date_gmt":"2024-09-17T22:40:32","guid":{"rendered":"https:\/\/italiansublimefood.com\/product\/mediterraner-thunfisch-in-olivenoel-180-gramm-tonnomaremio\/"},"modified":"2025-05-05T10:03:13","modified_gmt":"2025-05-05T08:03:13","slug":"mittelmeertunfisch-in-olivenoel-180-gramm-tonnomaremio","status":"publish","type":"product","link":"https:\/\/italiansublimefood.com\/de\/produkt\/mittelmeertunfisch-in-olivenoel-180-gramm-tonnomaremio\/","title":{"rendered":"Mittelmeertunfisch in Oliven\u00f6l 180 gramm &#8211; TONNOMAREMIO"},"content":{"rendered":"","protected":false},"excerpt":{"rendered":"<p>-Produkt im Glas. -Mediterraner Thunfisch in Oliven\u00f6l ist ein hochwertiges Produkt, das den authentischen Geschmack von im Mittelmeer gefangenem Thunfisch auf Ihren Tisch bringt. -Dieser Thunfisch wird sorgf\u00e4ltig verarbeitet und konserviert, um seine Frische und seinen Geschmack zu bewahren. -Jedes Filet des Echten Bonito wird in feines Oliven\u00f6l getaucht, das ihm eine zus\u00e4tzliche Schicht von Reichtum und Geschmack verleiht. Die zarte Textur und der delikate Geschmack machen ihn zu einem idealen Aperitif oder zur Verfeinerung von Salaten, Nudel- oder Fischgerichten. -ZUS\u00c4TZLICHE INFORMATIONEN: Thunfischfilets aus dem Mittelmeer in Oliven\u00f6l, von Hand verarbeitet. -ZUTATEN: TUNFISCH (Euthynnus alletteratus &#8211; FISCH), Oliven\u00f6l, Meersalz. -ALLERGIEN: Fisch (Thunfisch). -VERPACKUNG: Leicht zu entleerendes Glasgef\u00e4\u00df, abdrehbare Frischekapsel mit Flip. &#8211; ORGANOLEPTISCHE EIGENSCHAFTEN: \u00c4u\u00dferes Erscheinungsbild: Kompakt. Farbe: Hellrosa. Geruch: Typisch, intensiv nach Fisch. Geschmack: Typischer, intensiver Fischgeschmack. -LAGERUNG: An einem k\u00fchlen, trockenen Ort aufbewahren. Nach dem \u00d6ffnen mit \u00d6l bedeckt im K\u00fchlschrank aufbewahren und innerhalb von 2 Tagen verbrauchen. -WARNUNG: Wenn die Metallkapsel beim Dr\u00fccken klappert oder geschwollen ist, sollten Sie sie nicht verzehren. -ERN\u00c4HRUNGSWERTEN (Durchschnittswerte pro 100g des Produkts): -ENERGIE KJ\/Kcal: 1215\/291. -FETTE: 17,3 g (davon ges\u00e4ttigte Fetts\u00e4uren: 1,14 g). -KARBOHYDRATE: 0,0g (davon Zucker: 0,0g). -PROTEINE: 33 g. -SALZ: 2,13g.<\/p>\n","protected":false},"featured_media":23627,"template":"","meta":[],"product_brand":[],"product_cat":[15],"product_tag":[],"class_list":{"0":"post-23562","1":"product","2":"type-product","3":"status-publish","4":"has-post-thumbnail","6":"product_cat-salumi-e-carni","8":"first","9":"outofstock","10":"taxable","11":"shipping-taxable","12":"purchasable","13":"product-type-simple"},"_links":{"self":[{"href":"https:\/\/italiansublimefood.com\/de\/wp-json\/wp\/v2\/product\/23562","targetHints":{"allow":["GET"]}}],"collection":[{"href":"https:\/\/italiansublimefood.com\/de\/wp-json\/wp\/v2\/product"}],"about":[{"href":"https:\/\/italiansublimefood.com\/de\/wp-json\/wp\/v2\/types\/product"}],"wp:featuredmedia":[{"embeddable":true,"href":"https:\/\/italiansublimefood.com\/de\/wp-json\/wp\/v2\/media\/23627"}],"wp:attachment":[{"href":"https:\/\/italiansublimefood.com\/de\/wp-json\/wp\/v2\/media?parent=23562"}],"wp:term":[{"taxonomy":"product_brand","embeddable":true,"href":"https:\/\/italiansublimefood.com\/de\/wp-json\/wp\/v2\/product_brand?post=23562"},{"taxonomy":"product_cat","embeddable":true,"href":"https:\/\/italiansublimefood.com\/de\/wp-json\/wp\/v2\/product_cat?post=23562"},{"taxonomy":"product_tag","embeddable":true,"href":"https:\/\/italiansublimefood.com\/de\/wp-json\/wp\/v2\/product_tag?post=23562"}],"curies":[{"name":"wp","href":"https:\/\/api.w.org\/{rel}","templated":true}]}}