{"id":23524,"date":"2024-09-17T23:46:11","date_gmt":"2024-09-17T21:46:11","guid":{"rendered":"https:\/\/italiansublimefood.com\/product\/fertige-pescatora-sauce-gramm-220-tonnomaremio\/"},"modified":"2025-05-05T10:03:11","modified_gmt":"2025-05-05T08:03:11","slug":"fertige-pescatora-sauce-gramm-220-tonnomaremio","status":"publish","type":"product","link":"https:\/\/italiansublimefood.com\/de\/produkt\/fertige-pescatora-sauce-gramm-220-tonnomaremio\/","title":{"rendered":"FERTIGE PESCATORA-SAUCE GRAMM 220 &#8211; TONNOMAREMIO"},"content":{"rendered":"","protected":false},"excerpt":{"rendered":"<p>-Sugo alla Pescatora bringt eine Explosion der Geschm\u00e4cker und Aromen unseres Siziliens auf Ihren Teller. -Eine ideale Delikatesse zum Anrichten von Pasta. Erhitzen Sie das Produkt einfach ein paar Minuten in der Pfanne und w\u00fcrzen Sie dann das Nudelformat Ihrer Wahl. -Qualit\u00e4t auf dem Tisch. -Die Zutaten werden sorgf\u00e4ltig ausgew\u00e4hlt und verarbeitet, um ein gesundes und ausgezeichnetes Produkt zu garantieren. -Nach dem \u00d6ffnen des Glases bewahren Sie es im K\u00fchlschrank auf und verbrauchen es innerhalb von 3 Tagen. -ZUSATZINFORMATIONEN: Il Sugo alla Pescatora -ZUTATEN: Tomatensauce (73%), Fisch (15%) (Sardellen, Tintenfisch, Kalmar, Tintenfisch), Wei\u00dfwein, dreifaches Tomatenmark, Zwiebel, Kapern, Chilischote, Oliven\u00f6l, Salz, Petersilie, Zucker. -ALLERGIEN: Sulfite (im Wein enthalten). Kann Spuren enthalten von: Fisch, Sellerie, N\u00fcssen, Schalentieren, Milch. -LAGERUNG: Glasgef\u00e4\u00df. &#8211; ORGANOLEPTISCHE EIGENSCHAFTEN: Aussehen: klassische sizilianische Nudelsauce. Farbe: typisch. Geruch: typisches, intensives Fischaroma. Geschmack: typisch mediterraner Geschmack.<br \/>\nLAGERUNG: K\u00fchl und trocken lagern. Nach dem \u00d6ffnen im K\u00fchlschrank aufbewahren und innerhalb von 3 Tagen verbrauchen. -ERN\u00c4HRUNGSWERTE (Durchschnittswerte pro 100g Produkt): -ENERGIE KJ\/Kcal: 183\/43. -FETTE: 0,9g (davon ges\u00e4ttigte Fetts\u00e4uren: 0,2g). -KARBOHYDRATE: 5,0g (davon Zucker: 5,0g). -PROTEINE: 3,4 g. -SALZ: 0,7 g. -BASER: 0,0 g. &lt;-MIKROBIOLOGISCHE EIGENSCHAFTEN (Durchschnittswerte pro 100 g des Produkts): -CMBT: 5\u00d710(4)cfu\/g. &lt;-LYEVIES UND MUDS: 5\u00d710(4)cfu\/g. -CLOSTRIDIA ANAEROBI SULPHITE: Abwesend. &lt;-ESCHERICHIA COLI: 10(2)cfu\/g. -LISTERIA MONOCYTOGENES: Abwesend. -SALMONELLA: Nicht vorhanden bei 25 g des Produkts.<\/p>\n","protected":false},"featured_media":23600,"template":"","meta":[],"product_brand":[],"product_cat":[15],"product_tag":[],"class_list":{"0":"post-23524","1":"product","2":"type-product","3":"status-publish","4":"has-post-thumbnail","6":"product_cat-salumi-e-carni","8":"first","9":"outofstock","10":"taxable","11":"shipping-taxable","12":"purchasable","13":"product-type-simple"},"_links":{"self":[{"href":"https:\/\/italiansublimefood.com\/de\/wp-json\/wp\/v2\/product\/23524","targetHints":{"allow":["GET"]}}],"collection":[{"href":"https:\/\/italiansublimefood.com\/de\/wp-json\/wp\/v2\/product"}],"about":[{"href":"https:\/\/italiansublimefood.com\/de\/wp-json\/wp\/v2\/types\/product"}],"wp:featuredmedia":[{"embeddable":true,"href":"https:\/\/italiansublimefood.com\/de\/wp-json\/wp\/v2\/media\/23600"}],"wp:attachment":[{"href":"https:\/\/italiansublimefood.com\/de\/wp-json\/wp\/v2\/media?parent=23524"}],"wp:term":[{"taxonomy":"product_brand","embeddable":true,"href":"https:\/\/italiansublimefood.com\/de\/wp-json\/wp\/v2\/product_brand?post=23524"},{"taxonomy":"product_cat","embeddable":true,"href":"https:\/\/italiansublimefood.com\/de\/wp-json\/wp\/v2\/product_cat?post=23524"},{"taxonomy":"product_tag","embeddable":true,"href":"https:\/\/italiansublimefood.com\/de\/wp-json\/wp\/v2\/product_tag?post=23524"}],"curies":[{"name":"wp","href":"https:\/\/api.w.org\/{rel}","templated":true}]}}