{"id":23512,"date":"2024-09-17T18:17:09","date_gmt":"2024-09-17T16:17:09","guid":{"rendered":"https:\/\/italiansublimefood.com\/product\/tonnina-in-salzlake-200g-conserveria-tonnina\/"},"modified":"2025-05-05T10:03:10","modified_gmt":"2025-05-05T08:03:10","slug":"tonnina-in-salzlake-200g-conserveria-tonnina","status":"publish","type":"product","link":"https:\/\/italiansublimefood.com\/de\/produkt\/tonnina-in-salzlake-200g-conserveria-tonnina\/","title":{"rendered":"Tonnina in Salzlake 200g &#8211; Conserveria Tonnina"},"content":{"rendered":"","protected":false},"excerpt":{"rendered":"<div class=\"colonna-1-valori\">\n<div class=\"descrizione-prodotto\">\n<p>-Tonnina ist ein Teil des Thunfischs, meist der Bauch, der nach einem alten Fischrezept in Gl\u00e4sern eingesalzen wird. -Der Fisch bleibt vier oder f\u00fcnf Monate in dem Salz. Sobald er fertig ist, wird er in einem Wasserbad entsalzt und nach dem Elban-Rezept mit Fr\u00fchlingszwiebeln, Tomaten und Frigitelli serviert. -ZUTATEN: Thunfisch 65%, (Thunnus Thynnus &#8211; FAO Zone 37.2.2 &#8211; mit Haken und Leine gefischt), Salzlake. -ZUS\u00c4TZLICHE INFORMATIONEN: Energiewert 157.00Kcal. -Energiewert 653.00Kj. -Gesamtfettgehalt 6,8g (davon ges\u00e4ttigte Fetts\u00e4uren 1,3g). -Kohlenhydrate 0,00g. -Gesamtzucker 0,00 g. -Ballaststoffe 0,00 g. -Eiwei\u00df 23,60 g. -Salz .8.70g.  <\/p>\n<\/div>\n<\/div>\n<div class=\"colonna-2-valori\">\n<p>&nbsp;<\/p>\n<\/div>\n","protected":false},"featured_media":19227,"template":"","meta":[],"product_brand":[],"product_cat":[15],"product_tag":[258],"class_list":{"0":"post-23512","1":"product","2":"type-product","3":"status-publish","4":"has-post-thumbnail","6":"product_cat-salumi-e-carni","7":"product_tag-conserva-tonnina","9":"first","10":"instock","11":"taxable","12":"shipping-taxable","13":"purchasable","14":"product-type-simple"},"_links":{"self":[{"href":"https:\/\/italiansublimefood.com\/de\/wp-json\/wp\/v2\/product\/23512","targetHints":{"allow":["GET"]}}],"collection":[{"href":"https:\/\/italiansublimefood.com\/de\/wp-json\/wp\/v2\/product"}],"about":[{"href":"https:\/\/italiansublimefood.com\/de\/wp-json\/wp\/v2\/types\/product"}],"wp:featuredmedia":[{"embeddable":true,"href":"https:\/\/italiansublimefood.com\/de\/wp-json\/wp\/v2\/media\/19227"}],"wp:attachment":[{"href":"https:\/\/italiansublimefood.com\/de\/wp-json\/wp\/v2\/media?parent=23512"}],"wp:term":[{"taxonomy":"product_brand","embeddable":true,"href":"https:\/\/italiansublimefood.com\/de\/wp-json\/wp\/v2\/product_brand?post=23512"},{"taxonomy":"product_cat","embeddable":true,"href":"https:\/\/italiansublimefood.com\/de\/wp-json\/wp\/v2\/product_cat?post=23512"},{"taxonomy":"product_tag","embeddable":true,"href":"https:\/\/italiansublimefood.com\/de\/wp-json\/wp\/v2\/product_tag?post=23512"}],"curies":[{"name":"wp","href":"https:\/\/api.w.org\/{rel}","templated":true}]}}