{"id":23509,"date":"2024-09-17T17:56:35","date_gmt":"2024-09-17T15:56:35","guid":{"rendered":"https:\/\/italiansublimefood.com\/product\/makrele-200g-conserveria-tonnina\/"},"modified":"2025-05-05T10:03:10","modified_gmt":"2025-05-05T08:03:10","slug":"makrele-200g-conserveria-tonnina","status":"publish","type":"product","link":"https:\/\/italiansublimefood.com\/de\/produkt\/makrele-200g-conserveria-tonnina\/","title":{"rendered":"Makrele 200g &#8211; Conserveria Tonnina"},"content":{"rendered":"","protected":false},"excerpt":{"rendered":"<div class=\"colonna-1-valori\">\n<p>-Makrelenfilets in Oliven\u00f6l. -ZUTATEN: Makrele 65% (Scomber Scombrus) &#8211; FAO Zone 37.2.1. -Gefischt mit Umschlie\u00dfungsnetzen und geerntet), Oliven\u00f6l, Salz. -ERN\u00c4HRUNGSANGABEN: -Energiewert 208.00Kcal. -Energiewert 869.00 Kj. -Gesamtfettgehalt 13,00 g (davon ges\u00e4ttigt 2,60 g) -Kohlenhydrate 0,00 g. -Gesamtzucker 0.00g.-Ballaststoffe 0.00g.-Eiwei\u00df 22.80g. -Salz 1.00g.<\/p>\n<\/div>\n<div class=\"colonna-2-valori\">\n<p>&nbsp;<\/p>\n<\/div>\n","protected":false},"featured_media":19222,"template":"","meta":[],"product_brand":[],"product_cat":[15],"product_tag":[258],"class_list":{"0":"post-23509","1":"product","2":"type-product","3":"status-publish","4":"has-post-thumbnail","6":"product_cat-salumi-e-carni","7":"product_tag-conserva-tonnina","9":"first","10":"instock","11":"taxable","12":"shipping-taxable","13":"purchasable","14":"product-type-simple"},"_links":{"self":[{"href":"https:\/\/italiansublimefood.com\/de\/wp-json\/wp\/v2\/product\/23509","targetHints":{"allow":["GET"]}}],"collection":[{"href":"https:\/\/italiansublimefood.com\/de\/wp-json\/wp\/v2\/product"}],"about":[{"href":"https:\/\/italiansublimefood.com\/de\/wp-json\/wp\/v2\/types\/product"}],"wp:featuredmedia":[{"embeddable":true,"href":"https:\/\/italiansublimefood.com\/de\/wp-json\/wp\/v2\/media\/19222"}],"wp:attachment":[{"href":"https:\/\/italiansublimefood.com\/de\/wp-json\/wp\/v2\/media?parent=23509"}],"wp:term":[{"taxonomy":"product_brand","embeddable":true,"href":"https:\/\/italiansublimefood.com\/de\/wp-json\/wp\/v2\/product_brand?post=23509"},{"taxonomy":"product_cat","embeddable":true,"href":"https:\/\/italiansublimefood.com\/de\/wp-json\/wp\/v2\/product_cat?post=23509"},{"taxonomy":"product_tag","embeddable":true,"href":"https:\/\/italiansublimefood.com\/de\/wp-json\/wp\/v2\/product_tag?post=23509"}],"curies":[{"name":"wp","href":"https:\/\/api.w.org\/{rel}","templated":true}]}}