{"id":23504,"date":"2024-09-17T16:43:44","date_gmt":"2024-09-17T14:43:44","guid":{"rendered":"https:\/\/italiansublimefood.com\/product\/sardellen-colatura-100ml-conserveria-tonnina\/"},"modified":"2025-05-05T10:03:10","modified_gmt":"2025-05-05T08:03:10","slug":"sardellen-colatura-100ml-conserveria-tonnina","status":"publish","type":"product","link":"https:\/\/italiansublimefood.com\/de\/produkt\/sardellen-colatura-100ml-conserveria-tonnina\/","title":{"rendered":"Sardellen Colatura 100ml &#8211; Conserveria Tonnina"},"content":{"rendered":"<div class=\"descrizione-prodotto\">\n<p>&nbsp;<\/p>\n<\/div>\n<div><\/div>\n","protected":false},"excerpt":{"rendered":"<div class=\"colonna-1-valori\">\n<p>-Anchovis. -ZUTATEN Sardellen (Engraulis encrasicolus), Meersalz. <i class=\"fas fa-check\" aria-hidden=\"true\"><\/i>-ERN\u00c4HRUNGSINFORMATIONEN: -Energiewert 103Kcal. -Energiewert 431Kj. -Fett 2,1g (davon ges\u00e4ttigte Fetts\u00e4uren 0,3g). -Kohlenhydrate 0,00 g (davon Zucker 0,00 g). -Ballaststoffe 0,00g. -Eiwei\u00df 21 g. -Salz 23g.<\/p>\n<\/div>\n<div class=\"colonna-2-valori\">\n<p>&nbsp;<\/p>\n<\/div>\n","protected":false},"featured_media":19217,"template":"","meta":[],"product_brand":[],"product_cat":[15],"product_tag":[258],"class_list":{"0":"post-23504","1":"product","2":"type-product","3":"status-publish","4":"has-post-thumbnail","6":"product_cat-salumi-e-carni","7":"product_tag-conserva-tonnina","9":"first","10":"instock","11":"taxable","12":"shipping-taxable","13":"purchasable","14":"product-type-simple"},"_links":{"self":[{"href":"https:\/\/italiansublimefood.com\/de\/wp-json\/wp\/v2\/product\/23504","targetHints":{"allow":["GET"]}}],"collection":[{"href":"https:\/\/italiansublimefood.com\/de\/wp-json\/wp\/v2\/product"}],"about":[{"href":"https:\/\/italiansublimefood.com\/de\/wp-json\/wp\/v2\/types\/product"}],"wp:featuredmedia":[{"embeddable":true,"href":"https:\/\/italiansublimefood.com\/de\/wp-json\/wp\/v2\/media\/19217"}],"wp:attachment":[{"href":"https:\/\/italiansublimefood.com\/de\/wp-json\/wp\/v2\/media?parent=23504"}],"wp:term":[{"taxonomy":"product_brand","embeddable":true,"href":"https:\/\/italiansublimefood.com\/de\/wp-json\/wp\/v2\/product_brand?post=23504"},{"taxonomy":"product_cat","embeddable":true,"href":"https:\/\/italiansublimefood.com\/de\/wp-json\/wp\/v2\/product_cat?post=23504"},{"taxonomy":"product_tag","embeddable":true,"href":"https:\/\/italiansublimefood.com\/de\/wp-json\/wp\/v2\/product_tag?post=23504"}],"curies":[{"name":"wp","href":"https:\/\/api.w.org\/{rel}","templated":true}]}}