{"id":23501,"date":"2024-09-17T10:47:19","date_gmt":"2024-09-17T08:47:19","guid":{"rendered":"https:\/\/italiansublimefood.com\/product\/palamita-180gr-conserveria-tonnina\/"},"modified":"2025-05-05T10:03:10","modified_gmt":"2025-05-05T08:03:10","slug":"palamita-180gr-conserveria-tonnina","status":"publish","type":"product","link":"https:\/\/italiansublimefood.com\/de\/produkt\/palamita-180gr-conserveria-tonnina\/","title":{"rendered":"Palamita 180gr &#8211; Conserveria Tonnina"},"content":{"rendered":"","protected":false},"excerpt":{"rendered":"<div class=\"colonna-1-valori\">\n<p>Die in Oliven\u00f6l eingelegten Bonitofilets von Tonnina sind ein wertvoller fetter Fisch mit hohem Omega-3-Gehalt und in verschiedenen Gewichtsstufen erh\u00e4ltlich. Zusammen mit Gem\u00fcse der Saison sind sie ein ausgezeichnetes Hauptgericht.<\/p>\n<\/div>\n<div class=\"colonna-2-valori\">\n<p>-ZUTATEN: Palamita 72%, (Sarda Sarda &#8211; FAO Zone 34 &#8211; gefischt mit Langleinen &#8211; LLS). -ERN\u00c4HRUNGSINFORMATIONEN: -Energiewert 258.04Kcal. -Energiewert 1069.22Kj. -Fett 21.96g (davon ges\u00e4ttigt 3.99g). -Kalorien aus Fett 197.64Kcal. -Kohlenhydrate 0,08g. -Gesamtzucker 0.00g. -Ballaststoffe 0,12 g. -Eiwei\u00df 15,02 g. -Salz 0.025g.         <\/p>\n<\/div>\n","protected":false},"featured_media":19204,"template":"","meta":[],"product_brand":[],"product_cat":[15],"product_tag":[258],"class_list":{"0":"post-23501","1":"product","2":"type-product","3":"status-publish","4":"has-post-thumbnail","6":"product_cat-salumi-e-carni","7":"product_tag-conserva-tonnina","9":"first","10":"instock","11":"taxable","12":"shipping-taxable","13":"purchasable","14":"product-type-simple"},"_links":{"self":[{"href":"https:\/\/italiansublimefood.com\/de\/wp-json\/wp\/v2\/product\/23501","targetHints":{"allow":["GET"]}}],"collection":[{"href":"https:\/\/italiansublimefood.com\/de\/wp-json\/wp\/v2\/product"}],"about":[{"href":"https:\/\/italiansublimefood.com\/de\/wp-json\/wp\/v2\/types\/product"}],"wp:featuredmedia":[{"embeddable":true,"href":"https:\/\/italiansublimefood.com\/de\/wp-json\/wp\/v2\/media\/19204"}],"wp:attachment":[{"href":"https:\/\/italiansublimefood.com\/de\/wp-json\/wp\/v2\/media?parent=23501"}],"wp:term":[{"taxonomy":"product_brand","embeddable":true,"href":"https:\/\/italiansublimefood.com\/de\/wp-json\/wp\/v2\/product_brand?post=23501"},{"taxonomy":"product_cat","embeddable":true,"href":"https:\/\/italiansublimefood.com\/de\/wp-json\/wp\/v2\/product_cat?post=23501"},{"taxonomy":"product_tag","embeddable":true,"href":"https:\/\/italiansublimefood.com\/de\/wp-json\/wp\/v2\/product_tag?post=23501"}],"curies":[{"name":"wp","href":"https:\/\/api.w.org\/{rel}","templated":true}]}}