{"id":23500,"date":"2024-09-17T11:21:49","date_gmt":"2024-09-17T09:21:49","guid":{"rendered":"https:\/\/italiansublimefood.com\/product\/thunfisch-briccica-1700g-conserveria-tonnina\/"},"modified":"2025-05-05T10:03:10","modified_gmt":"2025-05-05T08:03:10","slug":"thunfischbroesel-1700g-conserveria-tonnina","status":"publish","type":"product","link":"https:\/\/italiansublimefood.com\/de\/produkt\/thunfischbroesel-1700g-conserveria-tonnina\/","title":{"rendered":"Thunfischbr\u00f6sel 1700g &#8211; Conserveria Tonnina"},"content":{"rendered":"","protected":false},"excerpt":{"rendered":"<div>\n<p>-Thunfisch in Oliven\u00f6l. ZUTATEN: Gelbflossen-Thunfisch (Thunnus Albacares) 70%, Oliven\u00f6l 29%, Salz. -ERN\u00c4HRUNGSINFORMATIONEN:<span style=\"font-size: 16px;\">-Energiewert 343,7Kcal. -Energiewert<\/span>1545.9Kj. -Gesamtfettgehalt 33,8 g (davon ges\u00e4ttigt 4 g). -Kalorien aus Fett 304.2g. -Kohlenhydrate 0.9g. -Gesamtzucker 0.00g. -Ballaststoffe 0.00g. -Eiwei\u00df 16,4 g -Salz 1 g.<\/p>\n<\/div>\n<div class=\"contenitore-valori\">\n<div class=\"colonna-2-valori\">\n<p>&nbsp;<\/p>\n<\/div>\n<\/div>\n","protected":false},"featured_media":19213,"template":"","meta":[],"product_brand":[],"product_cat":[15],"product_tag":[258],"class_list":{"0":"post-23500","1":"product","2":"type-product","3":"status-publish","4":"has-post-thumbnail","6":"product_cat-salumi-e-carni","7":"product_tag-conserva-tonnina","9":"first","10":"instock","11":"taxable","12":"shipping-taxable","13":"purchasable","14":"product-type-simple"},"_links":{"self":[{"href":"https:\/\/italiansublimefood.com\/de\/wp-json\/wp\/v2\/product\/23500","targetHints":{"allow":["GET"]}}],"collection":[{"href":"https:\/\/italiansublimefood.com\/de\/wp-json\/wp\/v2\/product"}],"about":[{"href":"https:\/\/italiansublimefood.com\/de\/wp-json\/wp\/v2\/types\/product"}],"wp:featuredmedia":[{"embeddable":true,"href":"https:\/\/italiansublimefood.com\/de\/wp-json\/wp\/v2\/media\/19213"}],"wp:attachment":[{"href":"https:\/\/italiansublimefood.com\/de\/wp-json\/wp\/v2\/media?parent=23500"}],"wp:term":[{"taxonomy":"product_brand","embeddable":true,"href":"https:\/\/italiansublimefood.com\/de\/wp-json\/wp\/v2\/product_brand?post=23500"},{"taxonomy":"product_cat","embeddable":true,"href":"https:\/\/italiansublimefood.com\/de\/wp-json\/wp\/v2\/product_cat?post=23500"},{"taxonomy":"product_tag","embeddable":true,"href":"https:\/\/italiansublimefood.com\/de\/wp-json\/wp\/v2\/product_tag?post=23500"}],"curies":[{"name":"wp","href":"https:\/\/api.w.org\/{rel}","templated":true}]}}