{"id":23499,"date":"2024-09-17T09:12:34","date_gmt":"2024-09-17T07:12:34","guid":{"rendered":"https:\/\/italiansublimefood.com\/product\/olivenblaetter-mit-spinat-handwerkliche-nudeln-500gr-mancuso-1976\/"},"modified":"2025-05-05T10:03:10","modified_gmt":"2025-05-05T08:03:10","slug":"olivenblaetter-mit-spinat-handwerkliche-nudeln-500gr-mancuso-1976","status":"publish","type":"product","link":"https:\/\/italiansublimefood.com\/de\/produkt\/olivenblaetter-mit-spinat-handwerkliche-nudeln-500gr-mancuso-1976\/","title":{"rendered":"Olivenbl\u00e4tter mit Spinat &#8211; handwerkliche Nudeln 500gr &#8211; Mancuso 1976"},"content":{"rendered":"","protected":false},"excerpt":{"rendered":"<p>&#8211; Foglie d&#8217;Ulivo Pasta mit Spinat kombiniert das kunstvolle Aussehen von Olivenbl\u00e4ttern mit dem frischen Geschmack von Spinat. -Die von der Natur inspirierte Pasta hat eine leuchtend gr\u00fcne Farbe und einen leicht krautigen Geschmack dank des in den Teig eingearbeiteten frischen Spinats. <b>Foglie di Ulivo <\/b>sind ein handwerklich hergestelltes Nudelformat mit einer charakteristischen Form, die an Olivenbl\u00e4tter erinnert. Sie haben eine raue, por\u00f6se Textur, die sie ideal zum Umh\u00fcllen mit allen Arten von Saucen macht: ob rote oder wei\u00dfe Saucen, auf Gem\u00fcse-, Fisch- oder Fleischbasis, Foglie sind immer perfekt,     <b>bissfest und schmackhaft.  <\/b>Wie alle Hartweizengrie\u00dfnudeln von Valle del Crati wird auch die Foglie di Ulivo hergestellt  <b>Handgefertigt<\/b>  mit  <b>Ausgew\u00e4hlte italienische K\u00f6rner<\/b>Dank der Trocknung bei niedriger Temperatur behalten die Nudeln einen hohen Gehalt an Proteinen und N\u00e4hrstoffen. &#8211;<strong>Wie man Olivenbl\u00e4tter kocht:  <\/strong>Foglie di Ulivo passen gut zu vollmundigen Tomaten- und Fleischsaucen, aber ihre Konsistenz und Porosit\u00e4t machen sie auch perfekt f\u00fcr Gem\u00fcse-, Pilz- und einfache Fischsaucen. Sie machen jedes Nudelgericht besonders und unverwechselbar! &#8211;<b>Tipps f\u00fcr perfektes Kochen:  <\/b>Verwenden Sie 6 Liter Wasser f\u00fcr 500 g, f\u00fcgen Sie Salz hinzu und wenn das Wasser kocht, geben Sie die Nudeln hinein. R\u00fchren Sie von Zeit zu Zeit um. Wenn sie gar sind, abgie\u00dfen und abschmecken. Kochzeit: <b>12-13 Min. -Zutaten<\/b><b>: <\/b>Hartweizengrie\u00df, Wasser, getrockneter Spinat 2%. -Allergene<b>: Glutenhaltiges Getreide. &#8211;<\/b>   <b><\/b><b>Naturprodukt, ohne Konservierungs- und Farbstoffe.<\/b> &#8211;<b>Aufbewahrung:<\/b> Vor direkter Sonneneinstrahlung und W\u00e4rmequellen gesch\u00fctzt aufbewahren. Packung mit <b>500 Gramm<\/b>. -N\u00e4hrwerte (pro 100g des Produkts): Energie 1402Kj\/335Kcal. Fette 2,2 g (davon Fetts\u00e4uren 0,4 g). Kohlenhydrate 66,5 g (davon Zucker 3,5 g). Eiwei\u00df 12,2 g. Salz 0,011 g. Ballaststoffe 6,9 g. <\/p>\n<p>&nbsp;<\/p>\n","protected":false},"featured_media":19182,"template":"","meta":[],"product_brand":[],"product_cat":[15],"product_tag":[268],"class_list":{"0":"post-23499","1":"product","2":"type-product","3":"status-publish","4":"has-post-thumbnail","6":"product_cat-salumi-e-carni","7":"product_tag-mancuso-constantino","9":"first","10":"instock","11":"taxable","12":"shipping-taxable","13":"purchasable","14":"product-type-simple"},"_links":{"self":[{"href":"https:\/\/italiansublimefood.com\/de\/wp-json\/wp\/v2\/product\/23499","targetHints":{"allow":["GET"]}}],"collection":[{"href":"https:\/\/italiansublimefood.com\/de\/wp-json\/wp\/v2\/product"}],"about":[{"href":"https:\/\/italiansublimefood.com\/de\/wp-json\/wp\/v2\/types\/product"}],"wp:featuredmedia":[{"embeddable":true,"href":"https:\/\/italiansublimefood.com\/de\/wp-json\/wp\/v2\/media\/19182"}],"wp:attachment":[{"href":"https:\/\/italiansublimefood.com\/de\/wp-json\/wp\/v2\/media?parent=23499"}],"wp:term":[{"taxonomy":"product_brand","embeddable":true,"href":"https:\/\/italiansublimefood.com\/de\/wp-json\/wp\/v2\/product_brand?post=23499"},{"taxonomy":"product_cat","embeddable":true,"href":"https:\/\/italiansublimefood.com\/de\/wp-json\/wp\/v2\/product_cat?post=23499"},{"taxonomy":"product_tag","embeddable":true,"href":"https:\/\/italiansublimefood.com\/de\/wp-json\/wp\/v2\/product_tag?post=23499"}],"curies":[{"name":"wp","href":"https:\/\/api.w.org\/{rel}","templated":true}]}}