{"id":23493,"date":"2024-09-17T09:15:44","date_gmt":"2024-09-17T07:15:44","guid":{"rendered":"https:\/\/italiansublimefood.com\/product\/paccheri-artigianali-calabresi-400gr-mancuso-1976\/"},"modified":"2025-05-05T10:03:09","modified_gmt":"2025-05-05T08:03:10","slug":"handgemachte-paccheri-aus-kalabrien-400gr-mancuso-1976","status":"publish","type":"product","link":"https:\/\/italiansublimefood.com\/de\/produkt\/handgemachte-paccheri-aus-kalabrien-400gr-mancuso-1976\/","title":{"rendered":"Handgemachte Paccheri aus Kalabrien &#8211; 400gr &#8211; Mancuso 1976"},"content":{"rendered":"","protected":false},"excerpt":{"rendered":"<p>&#8211; Entdecken Sie Mancuso1976 Paccheri, eine handgemachte Pasta mit dem perfekten Zylinder f\u00fcr reichhaltige und malerische erste G\u00e4nge. -Hergestellt aus ausgew\u00e4hltem italienischem Hartweizengrie\u00df und mit Sorgfalt verarbeitet, sind diese Paccheri por\u00f6s und faltig, ideal, um alle Arten von So\u00dfen aufzunehmen und zu verst\u00e4rken. Sie werden bei niedrigen Temperaturen getrocknet, um die N\u00e4hrstoffe zu erhalten, und eignen sich perfekt f\u00fcr Tomaten-, Fleisch-, Fisch- und Gem\u00fcsesaucen. -Auch ideal f\u00fcr traditionelle Rezepte wie Carbonara oder Paccheri alla napoletana und f\u00fcr k\u00f6stliche gebackene Pasta. Entdecken Sie den authentischen Geschmack der Tradition mit den handgemachten Paccheri von Mancuso1976, einer italienischen Pasta-Exzellenz, die Qualit\u00e4t und Leidenschaft f\u00fcr gastronomische Handwerkskunst auf den Tisch bringt. Unsere Paccheri zeichnen sich durch ihre gro\u00dfz\u00fcgige zylindrische Form und ihren gro\u00dfen Durchmesser aus, wodurch sie sich ideal f\u00fcr die Zubereitung reichhaltiger und malerischer erster G\u00e4nge eignen, perfekt f\u00fcr jeden besonderen Anlass. <b>Handwerkliche Qualit\u00e4t: <\/b>Die Mancuso1976 Paccheri werden aus italienischem Hartweizengrie\u00df h\u00f6chster Qualit\u00e4t hergestellt und mit handwerklichen Methoden produziert, die eine hervorragende Kochleistung garantieren. Unsere Pasta ist por\u00f6s und hat eine faltige Oberfl\u00e4che, Eigenschaften, die es ihr erm\u00f6glichen, die Gew\u00fcrze perfekt aufzunehmen und den Geschmack jeder Sauce zu verst\u00e4rken, sei es eine reichhaltige Tomatensauce, eine saftige Fleischsauce, eine delikate Fischsauce oder eine vegetarische W\u00fcrze. <b>Herstellungsprozess: <\/b>Um die maximalen N\u00e4hrwerteigenschaften zu erhalten und eine hohe Qualit\u00e4t der Pasta zu gew\u00e4hrleisten, werden die Mancuso1976 Paccheri bei niedrigen Temperaturen getrocknet. Durch diesen langsamen und kontrollierten Prozess bleiben der hohe Proteingehalt und andere N\u00e4hrstoffe des Weizens erhalten, wodurch eine Pasta mit authentischem Geschmack und perfekter Textur gew\u00e4hrleistet wird. Vielseitigkeit <b>in der K\u00fcche: <\/b>Unsere Paccheri sind \u00e4u\u00dferst vielseitig und eignen sich f\u00fcr eine Vielzahl von kulinarischen Zubereitungen. Sie passen hervorragend zu Tomaten-, Fleisch-, Fisch- oder Gem\u00fcsesaucen und sind auch ideal f\u00fcr traditionelle italienische Rezepte wie Carbonara, Paccheri alla Napoletana und reichhaltige gebackene Pasta. F\u00fcr einen Hauch von Gourmet k\u00f6nnen Sie sie mit einer klassischen Fleischf\u00fcllung, mit Ricotta und Spinat oder mit einer K\u00fcrbisf\u00fcllung f\u00fcr eine leichtere, vegetarische Version f\u00fcllen. <b>Perfekte Kochtipps <\/b>: Um das Beste aus Ihren Paccheri herauszuholen, befolgen Sie diese einfachen Tipps: Verwenden Sie 6 Liter Wasser f\u00fcr je 500 g Pasta. Salzen Sie das Wasser und f\u00fcgen Sie die Paccheri hinzu, sobald es kocht. R\u00fchren Sie w\u00e4hrend des Kochens gelegentlich um, um ein Anhaften zu verhindern. Kochen Sie die Nudeln 10-12 Minuten lang, gie\u00dfen Sie sie dann ab und schmecken Sie sie ab. -Zutaten<b>:<\/b> Hartweizengrie\u00df, Wasser. <b>Allergene:<\/b> Glutenhaltiges Getreide. Ohne Konservierungsstoffe oder Farbstoffe.<br \/>\n Um Frische und Qualit\u00e4t zu gew\u00e4hrleisten, bewahren Sie die Nudeln vor direkter Sonneneinstrahlung und W\u00e4rmequellen auf.<b>-N\u00e4hrwerte <\/b>(pro 100g Produkt): Energie 1402Kj\/335Kcal, Fett 2,2g, davon Fetts\u00e4uren 0,4g, Kohlenhydrate 66,5g, davon Zucker 3,5g, Eiwei\u00df 12,2g, Salz 0,011g, Ballaststoffe 6,9g.   <\/p>\n","protected":false},"featured_media":19187,"template":"","meta":[],"product_brand":[],"product_cat":[15],"product_tag":[268],"class_list":{"0":"post-23493","1":"product","2":"type-product","3":"status-publish","4":"has-post-thumbnail","6":"product_cat-salumi-e-carni","7":"product_tag-mancuso-constantino","9":"first","10":"instock","11":"taxable","12":"shipping-taxable","13":"purchasable","14":"product-type-simple"},"_links":{"self":[{"href":"https:\/\/italiansublimefood.com\/de\/wp-json\/wp\/v2\/product\/23493","targetHints":{"allow":["GET"]}}],"collection":[{"href":"https:\/\/italiansublimefood.com\/de\/wp-json\/wp\/v2\/product"}],"about":[{"href":"https:\/\/italiansublimefood.com\/de\/wp-json\/wp\/v2\/types\/product"}],"wp:featuredmedia":[{"embeddable":true,"href":"https:\/\/italiansublimefood.com\/de\/wp-json\/wp\/v2\/media\/19187"}],"wp:attachment":[{"href":"https:\/\/italiansublimefood.com\/de\/wp-json\/wp\/v2\/media?parent=23493"}],"wp:term":[{"taxonomy":"product_brand","embeddable":true,"href":"https:\/\/italiansublimefood.com\/de\/wp-json\/wp\/v2\/product_brand?post=23493"},{"taxonomy":"product_cat","embeddable":true,"href":"https:\/\/italiansublimefood.com\/de\/wp-json\/wp\/v2\/product_cat?post=23493"},{"taxonomy":"product_tag","embeddable":true,"href":"https:\/\/italiansublimefood.com\/de\/wp-json\/wp\/v2\/product_tag?post=23493"}],"curies":[{"name":"wp","href":"https:\/\/api.w.org\/{rel}","templated":true}]}}